{"id":1304,"date":"2023-06-15T16:02:36","date_gmt":"2023-06-15T16:02:36","guid":{"rendered":"https:\/\/sspbcs.gob.mx\/ssp\/?page_id=1304"},"modified":"2023-06-15T19:49:39","modified_gmt":"2023-06-15T19:49:39","slug":"calea-academia-estatal-de-seguridad-publica-de-baja-california-sur","status":"publish","type":"page","link":"https:\/\/sspbcs.gob.mx\/ssp\/calea-academia-estatal-de-seguridad-publica-de-baja-california-sur\/","title":{"rendered":"CALEA &#8211; Portal de Comentarios P\u00fablicos Sobre Acreditaci\u00f3n"},"content":{"rendered":"<section class=\"kc-elm kc-css-285024 kc_row\"><div class=\"kc-row-container  kc-container\"><div class=\"kc-wrap-columns\"><div class=\"kc-elm kc-css-540965 kc_col-sm-12 kc_column kc_col-sm-12\"><div class=\"kc-col-container\"><div class=\"kc-elm kc-css-921797 kc_text_block\"><\/p>\n<h3>CALEA &#8211; Portal de Comentarios P\u00fablicos Sobre Acreditaci\u00f3n<\/h3>\n<p>El prop\u00f3sito de este portal p\u00fablico es recibir comentarios sobre el cumplimiento de una agencia con los est\u00e1ndares de CALEA, la participaci\u00f3n en la comunidad de servicio, la prestaci\u00f3n de servicios de seguridad p\u00fablica y la candidatura general para el estado acreditado. Estos comentarios pueden ser\u00a0en forma de elogios o inquietudes. La intenci\u00f3n general del proceso de acreditaci\u00f3n es proporcionar a la agencia participante informaci\u00f3n para apoyar la mejora continua, as\u00ed como fomentar la b\u00fasqueda de la excelencia profesional.<\/p>\n<p>\n<\/div><div class=\"kc-elm kc-css-879587 kc-raw-code\"><br><br><\/div><div class=\"kc-contact-form7 kc-elm kc-css-322438\">\n<div class=\"wpcf7 no-js\" id=\"wpcf7-f1345-o1\" lang=\"es-MX\" dir=\"ltr\" data-wpcf7-id=\"1345\">\n<div class=\"screen-reader-response\"><p role=\"status\" aria-live=\"polite\" aria-atomic=\"true\"><\/p> <ul><\/ul><\/div>\n<form action=\"\/ssp\/wp-json\/wp\/v2\/pages\/1304#wpcf7-f1345-o1\" method=\"post\" class=\"wpcf7-form init\" aria-label=\"Formulario de contacto\" novalidate=\"novalidate\" data-status=\"init\">\n<fieldset class=\"hidden-fields-container\"><input type=\"hidden\" name=\"_wpcf7\" value=\"1345\" \/><input type=\"hidden\" name=\"_wpcf7_version\" value=\"6.1.5\" \/><input type=\"hidden\" name=\"_wpcf7_locale\" value=\"es_MX\" \/><input type=\"hidden\" name=\"_wpcf7_unit_tag\" value=\"wpcf7-f1345-o1\" \/><input type=\"hidden\" name=\"_wpcf7_container_post\" value=\"0\" \/><input type=\"hidden\" name=\"_wpcf7_posted_data_hash\" value=\"\" \/><input type=\"hidden\" name=\"_wpcf7_recaptcha_response\" value=\"\" \/>\n<\/fieldset>\n<div class=\"row\">\n\t\n\t<!-- <div class=\"form-group col-lg-12\">\n\t\t<div class=\"row\">\n\t\t\t<div class=\"col-1 mx-auto\">\n\t\t\t<i class=\"fas fa-envelope mt-1 ml-4\"><\/i>\n\t\t\t<\/div>\n\t\t\t<div class=\"col-11\"><span class=\"wpcf7-form-control-wrap\" data-name=\"your-email\"><input size=\"40\" maxlength=\"400\" class=\"wpcf7-form-control wpcf7-email wpcf7-validates-as-required wpcf7-text wpcf7-validates-as-email form-control\" aria-required=\"true\" aria-invalid=\"false\" placeholder=\"Correo\" value=\"\" type=\"email\" name=\"your-email\" \/><\/span><\/div>\n\t\t<\/div>\n\t<\/div> -->\n\t<div class=\"form-group col-lg-12\">\n\t\t<div class=\"row\">\n\t\t\t<div class=\"col-1 mx-auto\">\n\t\t\t\t<p><i class=\"fas fa-file mt-1 ml-4\"><\/i>\n\t\t\t\t<\/p>\n\t\t\t<\/div>\n\t\t\t<div class=\"col-11\">\n\t\t\t\t<p><span class=\"wpcf7-form-control-wrap\" data-name=\"your-nombre\"><input size=\"40\" maxlength=\"400\" class=\"wpcf7-form-control wpcf7-text wpcf7-validates-as-required form-control\" aria-required=\"true\" aria-invalid=\"false\" placeholder=\"Nombre Completo\" value=\"\" type=\"text\" name=\"your-nombre\" \/><\/span>\n\t\t\t\t<\/p>\n\t\t\t<\/div>\n\t\t<\/div>\n\t<\/div>\n\t<div class=\"form-group col-lg-12\">\n\t\t<div class=\"row\">\n\t\t\t<div class=\"col-1 mx-auto\">\n\t\t\t\t<p><i class=\"fa fa-map-marker  mt-1 ml-4\"><\/i>\n\t\t\t\t<\/p>\n\t\t\t<\/div>\n\t\t\t<div class=\"col-11\">\n\t\t\t\t<p><span class=\"wpcf7-form-control-wrap\" data-name=\"text-telefono\"><input size=\"40\" maxlength=\"400\" class=\"wpcf7-form-control wpcf7-text form-control\" aria-invalid=\"false\" placeholder=\"N\u00famero de Tel\u00e9fono (opcional)\" value=\"\" type=\"text\" name=\"text-telefono\" \/><\/span>\n\t\t\t\t<\/p>\n\t\t\t<\/div>\n\t\t<\/div>\n\t<\/div>\n\t<div class=\"form-group col-lg-12\">\n\t\t<div class=\"row\">\n\t\t\t<div class=\"col-1 mx-auto\">\n\t\t\t\t<p><i class=\"fas fa-caret-square-down mt-1 ml-4\"><\/i>\n\t\t\t\t<\/p>\n\t\t\t<\/div>\n\t\t\t<div class=\"col-11\">\n\t\t\t\t<p><span class=\"wpcf7-form-control-wrap\" data-name=\"menu-tipoQueja\"><select class=\"wpcf7-form-control wpcf7-select wpcf7-validates-as-required\" aria-required=\"true\" aria-invalid=\"false\" name=\"menu-tipoQueja\"><option value=\"Academia Estatal de Seguridad Publica de Baja California Sur\">Academia Estatal de Seguridad Publica de Baja California Sur<\/option><option value=\"Polic\u00eda Estatal Preventiva de Baja California Sur\">Polic\u00eda Estatal Preventiva de Baja California Sur<\/option><\/select><\/span>\n\t\t\t\t<\/p>\n\t\t\t<\/div>\n\t\t<\/div>\n\t<\/div>\n\t<div class=\"form-group col-lg-12\">\n\t\t<div class=\"row\">\n\t\t\t<div class=\"col-1 mx-auto\">\n\t\t\t\t<p><i class=\"fas fa-comment mt-1 ml-4\"><\/i>\n\t\t\t\t<\/p>\n\t\t\t<\/div>\n\t\t\t<div class=\"col-11\">\n\t\t\t\t<p><span class=\"wpcf7-form-control-wrap\" data-name=\"your-message\"><textarea cols=\"40\" rows=\"10\" maxlength=\"2000\" class=\"wpcf7-form-control wpcf7-textarea wpcf7-validates-as-required form-control\" aria-required=\"true\" aria-invalid=\"false\" placeholder=\"Comentario\" name=\"your-message\"><\/textarea><\/span>\n\t\t\t\t<\/p>\n\t\t\t<\/div>\n\t\t<\/div>\n\t<\/div>\n\t<div class=\"col-md-12 text-center\">\n\t\t<div class=\"actions\">\n\t\t\t<p><input class=\"wpcf7-form-control wpcf7-submit has-spinner btn btn-lg btn-contact-bg\" type=\"submit\" value=\"Enviar\" \/>\n\t\t\t<\/p>\n\t\t<\/div>\n\t<\/div>\n<\/div><p style=\"display: none !important;\" class=\"akismet-fields-container\" data-prefix=\"_wpcf7_ak_\"><label>&#916;<textarea name=\"_wpcf7_ak_hp_textarea\" cols=\"45\" rows=\"8\" maxlength=\"100\"><\/textarea><\/label><input type=\"hidden\" id=\"ak_js_1\" name=\"_wpcf7_ak_js\" value=\"1\"\/><script>document.getElementById( \"ak_js_1\" ).setAttribute( \"value\", ( new Date() ).getTime() );<\/script><\/p><div class=\"wpcf7-response-output\" aria-hidden=\"true\"><\/div>\n<\/form>\n<\/div>\n<\/div><\/div><\/div><\/div><\/div><\/section>\n","protected":false},"excerpt":{"rendered":"","protected":false},"author":4,"featured_media":0,"parent":0,"menu_order":0,"comment_status":"closed","ping_status":"closed","template":"","meta":{"footnotes":""},"class_list":["post-1304","page","type-page","status-publish","hentry"],"_links":{"self":[{"href":"https:\/\/sspbcs.gob.mx\/ssp\/wp-json\/wp\/v2\/pages\/1304","targetHints":{"allow":["GET"]}}],"collection":[{"href":"https:\/\/sspbcs.gob.mx\/ssp\/wp-json\/wp\/v2\/pages"}],"about":[{"href":"https:\/\/sspbcs.gob.mx\/ssp\/wp-json\/wp\/v2\/types\/page"}],"author":[{"embeddable":true,"href":"https:\/\/sspbcs.gob.mx\/ssp\/wp-json\/wp\/v2\/users\/4"}],"replies":[{"embeddable":true,"href":"https:\/\/sspbcs.gob.mx\/ssp\/wp-json\/wp\/v2\/comments?post=1304"}],"version-history":[{"count":8,"href":"https:\/\/sspbcs.gob.mx\/ssp\/wp-json\/wp\/v2\/pages\/1304\/revisions"}],"predecessor-version":[{"id":1361,"href":"https:\/\/sspbcs.gob.mx\/ssp\/wp-json\/wp\/v2\/pages\/1304\/revisions\/1361"}],"wp:attachment":[{"href":"https:\/\/sspbcs.gob.mx\/ssp\/wp-json\/wp\/v2\/media?parent=1304"}],"curies":[{"name":"wp","href":"https:\/\/api.w.org\/{rel}","templated":true}]}}