{"id":17982,"date":"2026-01-08T17:34:54","date_gmt":"2026-01-08T17:34:54","guid":{"rendered":"https:\/\/sspbcs.gob.mx\/ssp\/?page_id=17982"},"modified":"2026-02-17T19:16:43","modified_gmt":"2026-02-17T19:16:43","slug":"transparencia-institucional","status":"publish","type":"page","link":"https:\/\/sspbcs.gob.mx\/ssp\/transparencia-institucional\/","title":{"rendered":"Transparencia Institucional"},"content":{"rendered":"<section class=\"kc-elm kc-css-511424 kc_row\"><div class=\"kc-row-container  kc-container\"><div class=\"kc-wrap-columns\"><div class=\"kc-elm kc-css-851093 kc_col-sm-12 kc_column kc_col-sm-12\"><div class=\"kc-col-container\"><div class=\"kc-elm kc-css-699084 kc_row kc_row_inner\"><div class=\"kc-elm kc-css-597522 kc_col-sm-12 kc_column_inner kc_col-sm-12\"><div class=\"kc_wrapper kc-col-inner-container\"><div class=\"kc-elm kc-css-764444 kc_text_block\"><\/p>\n<p class=\"MsoNormal\" style=\"text-align: justify; background-image: initial; background-position: initial; background-size: initial; background-repeat: initial; background-attachment: initial; background-origin: initial; background-clip: initial;\"><b><span lang=\"ES-TRAD\" style=\"font-family: 'Arial',sans-serif; mso-fareast-font-family: Calibri; color: #2f5496; mso-themecolor: accent1; mso-themeshade: 191;\">TITULAR DE LA UNIDAD DE TRANSPARENCIA<\/span><\/b><b><span lang=\"ES-TRAD\" style=\"font-family: 'Arial',sans-serif; mso-fareast-font-family: Calibri; color: #222a35; mso-themecolor: text2; mso-themeshade: 128;\">:<\/span><\/b><\/p>\n<p class=\"MsoNormal\" style=\"text-align: justify; background-image: initial; background-position: initial; background-size: initial; background-repeat: initial; background-attachment: initial; background-origin: initial; background-clip: initial;\"><b><span style=\"font-family: 'Arial',sans-serif; mso-fareast-font-family: Calibri; color: #222a35; mso-themecolor: text2; mso-themeshade: 128; mso-ansi-language: ES-MX;\">Lic. Diana Zelina Hirales Nu\u00f1ez<\/span><\/b><\/p>\n<p class=\"MsoNormal\" style=\"text-align: justify; background-image: initial; background-position: initial; background-size: initial; background-repeat: initial; background-attachment: initial; background-origin: initial; background-clip: initial;\"><b><span style=\"font-family: 'Arial',sans-serif; mso-fareast-font-family: Calibri; color: #222a35; mso-themecolor: text2; mso-themeshade: 128; mso-ansi-language: ES-MX;\">\u00a0<\/span><\/b><\/p>\n<p class=\"MsoNormal\" style=\"text-align: justify; background-image: initial; background-position: initial; background-size: initial; background-repeat: initial; background-attachment: initial; background-origin: initial; background-clip: initial;\"><b><span style=\"font-family: 'Arial',sans-serif; mso-fareast-font-family: Calibri; color: #2f5496; mso-themecolor: accent1; mso-themeshade: 191; mso-ansi-language: ES-MX;\">CORREO ELECTR\u00d3NICO:<\/span><\/b><\/p>\n<p class=\"MsoNormal\" style=\"text-align: justify; background-image: initial; background-position: initial; background-size: initial; background-repeat: initial; background-attachment: initial; background-origin: initial; background-clip: initial;\"><span lang=\"ES-TRAD\"><a href=\"mailto:Transparencia@sspbcs.gob.mx\"><b><span lang=\"ES-MX\" style=\"font-family: 'Arial',sans-serif; mso-fareast-font-family: Calibri; color: #8496b0; mso-themecolor: text2; mso-themetint: 153; mso-ansi-language: ES-MX;\">Transparencia@sspbcs.gob.mx<\/span><\/b><\/a><\/span><b><\/b><\/p>\n<p class=\"MsoNormal\" style=\"text-align: justify; background-image: initial; background-position: initial; background-size: initial; background-repeat: initial; background-attachment: initial; background-origin: initial; background-clip: initial;\"><b><span style=\"font-family: 'Arial',sans-serif; mso-fareast-font-family: Calibri; color: #222a35; mso-themecolor: text2; mso-themeshade: 128; mso-ansi-language: ES-MX;\">\u00a0<\/span><\/b><\/p>\n<p class=\"MsoNormal\" style=\"text-align: justify; background-image: initial; background-position: initial; background-size: initial; background-repeat: initial; background-attachment: initial; background-origin: initial; background-clip: initial;\"><b><span style=\"font-family: 'Arial',sans-serif; mso-fareast-font-family: Calibri; color: #2f5496; mso-themecolor: accent1; mso-themeshade: 191; mso-ansi-language: ES-MX;\">ASESOR\u00cdA Y ORIENTACI\u00d3N DE OFICINA<\/span><\/b><\/p>\n<p class=\"MsoNormal\" style=\"text-align: justify; background-image: initial; background-position: initial; background-size: initial; background-repeat: initial; background-attachment: initial; background-origin: initial; background-clip: initial;\"><b><span style=\"font-family: 'Arial',sans-serif; mso-fareast-font-family: Calibri; color: #222a35; mso-themecolor: text2; mso-themeshade: 128; mso-ansi-language: ES-MX;\">De Lunes a viernes de 8:00 a 15:00 horas.<\/span><\/b><\/p>\n<p class=\"MsoNormal\" style=\"text-align: justify; background-image: initial; background-position: initial; background-size: initial; background-repeat: initial; background-attachment: initial; background-origin: initial; background-clip: initial;\"><b><span style=\"font-family: 'Arial',sans-serif; mso-fareast-font-family: Calibri; color: #222a35; mso-themecolor: text2; mso-themeshade: 128; mso-ansi-language: ES-MX;\">Tel\u00e9fono de contacto: (612) 1750400<\/span><\/b><\/p>\n<p class=\"MsoNormal\" style=\"text-align: justify; background-image: initial; background-position: initial; background-size: initial; background-repeat: initial; background-attachment: initial; background-origin: initial; background-clip: initial;\"><b><span style=\"font-family: 'Arial',sans-serif; mso-fareast-font-family: Calibri; color: #222a35; mso-themecolor: text2; mso-themeshade: 128; mso-ansi-language: ES-MX;\">Extensi\u00f3n: 1098 y\/o 2053<\/span><\/b><\/p>\n<p class=\"MsoNormal\" style=\"text-align: justify; background-image: initial; background-position: initial; background-size: initial; background-repeat: initial; background-attachment: initial; background-origin: initial; background-clip: initial;\"><b><span style=\"font-family: 'Arial',sans-serif; mso-fareast-font-family: Calibri; color: #222a35; mso-themecolor: text2; mso-themeshade: 128; mso-ansi-language: ES-MX;\">\u00a0<\/span><\/b><\/p>\n<p class=\"MsoNormal\" style=\"text-align: justify; background-image: initial; background-position: initial; background-size: initial; background-repeat: initial; background-attachment: initial; background-origin: initial; background-clip: initial;\"><b><span style=\"font-family: 'Arial',sans-serif; mso-fareast-font-family: Calibri; color: #2f5496; mso-themecolor: accent1; mso-themeshade: 191; mso-ansi-language: ES-MX;\">DIRECCI\u00d3N DE OFICINA EN ATENCI\u00d3N CIUDADANA: <\/span><\/b><\/p>\n<p><b><span style=\"font-size: 12.0pt; font-family: 'Arial',sans-serif; mso-fareast-font-family: Calibri; color: #222a35; mso-themecolor: text2; mso-themeshade: 128; mso-ansi-language: ES-MX; mso-fareast-language: EN-US; mso-bidi-language: AR-SA;\">Boulevard Gral. Agust\u00edn Olachea S\/N, Entre Boulevard Luis Donaldo Colosio Murrieta y Calle Chech\u00e9n, Ciudad de La Paz, Baja California Sur. CP. 23079\u00a0<\/span><\/b><\/p>\n<p><b><span style=\"font-size: 12.0pt; font-family: 'Arial',sans-serif; mso-fareast-font-family: Calibri; color: #222a35; mso-themecolor: text2; mso-themeshade: 128; mso-ansi-language: ES-MX; mso-fareast-language: EN-US; mso-bidi-language: AR-SA;\">\u00a0<\/span><\/b><\/p>\n<div>\n<h4><strong>Funciones Sujeto Obligado LTAIPBCS Art. 20. Para el cumplimiento de los fines de esta Ley, los sujetos obligados deber\u00e1n cumplir, seg\u00fan corresponda a su naturaleza jur\u00eddica, con las siguientes obligaciones:<\/strong><\/h4>\n<div>I. \u00a0Constituir el Comit\u00e9 de Transparencia y la Unidad de Transparencia, y velar por su adecuado funcionamiento conforme a su normativa interna;<\/div>\n<div>\u00a0<\/div>\n<div>II. \u00a0 \u00a0 Designar en la Unidad de Transparencia a una persona titular que dependa directamente de la persona titular del sujeto obligado y que preferentemente cuente con experiencia en la materia;<\/div>\n<div>\u00a0<\/div>\n<div>III. \u00a0 \u00a0Proporcionar capacitaci\u00f3n continua y especializada al personal integrante de los Comit\u00e9s y Unidades de Transparencia;<\/div>\n<div>\u00a0<\/div>\n<div>IV. \u00a0 \u00a0 Constituir y mantener actualizados sus sistemas de archivo y gesti\u00f3n documental, conforme a las disposiciones aplicables;<\/div>\n<div>\u00a0<\/div>\n<div>V. \u00a0Promover la generaci\u00f3n, documentaci\u00f3n, publicaci\u00f3n y entrega de la informaci\u00f3n en formatos abiertos y accesibles;<\/div>\n<div>\u00a0<\/div>\n<div>VI. \u00a0 \u00a0 Proteger y resguardar la informaci\u00f3n clasificada como reservada o confidencial, conforme a la normatividad aplicable;<\/div>\n<div>\u00a0<\/div>\n<div>VII. \u00a0 \u00a0Reportar a la Autoridad garante estatal sobre las acciones de implementaci\u00f3n de esta Ley y las disposiciones correspondientes;<\/div>\n<div>\u00a0<\/div>\n<div>VIII. \u00a0 Atender los requerimientos, observaciones, recomendaciones y criterios que emita la Autoridad garante local y el Sistema Nacional;<\/div>\n<div>\u00a0<\/div>\n<div>IX. \u00a0 \u00a0 Fomentar el uso de tecnolog\u00edas de la informaci\u00f3n para promover la transparencia, el ejercicio del derecho de acceso a la informaci\u00f3n y la accesibilidad de la misma;<\/div>\n<div>\u00a0<\/div>\n<div>X. \u00a0Cumplir con las resoluciones emitidas por la Autoridad garante estatal;<\/div>\n<div>\u00a0<\/div>\n<div>XI. \u00a0 \u00a0 Publicar y mantener actualizada la informaci\u00f3n relativa a sus obligaciones de transparencia, integrando los archivos y v\u00ednculos correspondientes en la Plataforma Nacional de Transparencia, conforme a los lineamientos establecidos;<\/div>\n<div>\u00a0<\/div>\n<div>XII. \u00a0 \u00a0Difundir proactivamente la informaci\u00f3n de inter\u00e9s p\u00fablico que obre en su poder;<\/div>\n<div>XIII. \u00a0 Atender las recomendaciones emitidas por la Autoridad garante local;<\/div>\n<div>\u00a0<\/div>\n<div>XIV. \u00a0 \u00a0Promover convenios o acuerdos con instituciones p\u00fablicas especializadas que faciliten la entrega de informaci\u00f3n en lengua ind\u00edgena, sistema braille o cualquier otro formato accesible, mediante los ajustes razonables que correspondan;<\/div>\n<div>\u00a0<\/div>\n<div>XV. \u00a0 \u00a0 Promover la digitalizaci\u00f3n de la informaci\u00f3n y la utilizaci\u00f3n de tecnolog\u00edas de la informaci\u00f3n y la comunicaci\u00f3n, conforme a las pol\u00edticas del Sistema Nacional;<\/div>\n<div>\u00a0<\/div>\n<div>XVI. \u00a0 \u00a0Dar respuesta a las solicitudes de acceso a la informaci\u00f3n a trav\u00e9s de la Plataforma Nacional, en los plazos y t\u00e9rminos que establece esta Ley, sin perjuicio del medio en que hayan sido presentadas ni de la modalidad de reproducci\u00f3n solicitada;\u00a0<\/div>\n<div>\u00a0<\/div>\n<div>XVII. \u00a0 Las dem\u00e1s que resulten de las disposiciones aplicables.<\/div>\n<div>\u00a0<\/div>\n<div>\u00a0<\/div>\n<div>\u00a0<\/div>\n<h4><strong>Funciones Unidad Transparencia: LTAIPBCS Art.42. Los sujetos obligados designar\u00e1n a la persona responsable de la Unidad de Transparencia, quien tendr\u00e1 las siguientes atribuciones:<\/strong><\/h4>\n<div>\u00a0<\/div>\n<div>I. \u00a0Recabar y difundir la informaci\u00f3n prevista en los Cap\u00edtulos II, III, IV y V del T\u00edtulo Quinto de esta Ley, y propiciar que las \u00e1reas responsables la actualicen peri\u00f3dicamente, conforme a las disposiciones jur\u00eddicas aplicables;<\/div>\n<div>\u00a0<\/div>\n<div>II. Recibir y dar tr\u00e1mite a las solicitudes de acceso a la informaci\u00f3n p\u00fablica que se presenten ante el sujeto obligado;<\/div>\n<div>\u00a0<\/div>\n<div>III. \u00a0 \u00a0Auxiliar a las personas solicitantes en la elaboraci\u00f3n de solicitudes y, en su caso, orientarlas respecto de los sujetos obligados competentes, conforme a la normatividad aplicable;<\/div>\n<div>\u00a0<\/div>\n<div>IV. Realizar los tr\u00e1mites internos necesarios para la atenci\u00f3n oportuna de las solicitudes de acceso a la informaci\u00f3n;<\/div>\n<div>\u00a0<\/div>\n<div>V. \u00a0Efectuar las notificaciones a las personas solicitantes en los t\u00e9rminos que establezca esta Ley y sus lineamientos;<\/div>\n<div>\u00a0<\/div>\n<div>VI. Proponer al Comit\u00e9 de Transparencia los procedimientos internos que aseguren la mayor eficiencia en la gesti\u00f3n de las solicitudes de acceso a la informaci\u00f3n;<\/div>\n<div>\u00a0<\/div>\n<div>VII. \u00a0 \u00a0Proponer, en su caso, el personal habilitado necesario para recibir y dar tr\u00e1mite a las solicitudes de acceso a la informaci\u00f3n;<\/div>\n<div>\u00a0<\/div>\n<div>VIII. \u00a0 Llevar un registro actualizado de las solicitudes de acceso, respuestas emitidas, resultados, costos de reproducci\u00f3n y env\u00edo, as\u00ed como de las estad\u00edsticas correspondientes;<\/div>\n<div>\u00a0<\/div>\n<div>IX. Promover e implementar pol\u00edticas de transparencia con sentido social, procurando su accesibilidad a todos los sectores de la poblaci\u00f3n;<\/div>\n<div>\u00a0<\/div>\n<div>X. \u00a0Fomentar la cultura de la transparencia y la accesibilidad dentro del sujeto obligado;<\/div>\n<div>\u00a0<\/div>\n<div>XI. Informar a la instancia competente sobre posibles responsabilidades administrativas por el incumplimiento de las obligaciones previstas en esta Ley;<\/div>\n<div>\u00a0<\/div>\n<div>XII. \u00a0 \u00a0Las dem\u00e1s que se desprendan de las disposiciones jur\u00eddicas aplicables.<\/div>\n<\/div>\n<div>\u00a0<\/div>\n<div>\u00a0<\/div>\n<h4 class=\"MsoNormal\" style=\"text-align: justify; background-image: initial; background-position: initial; background-size: initial; background-repeat: initial; background-attachment: initial; background-origin: initial; background-clip: initial;\"><b><span lang=\"ES-TRAD\">MARCO NORMATIVO:<\/span><\/b><\/h4>\n<ul>\n<li class=\"MsoNormal\" style=\"text-align: justify; background-image: initial; background-position: initial; background-size: initial; background-repeat: initial; background-attachment: initial; background-origin: initial; background-clip: initial;\"><span lang=\"ES-TRAD\">Constituci\u00f3n Pol\u00edtica de los Estados Unidos Mexicanos.<\/span><\/li>\n<li class=\"MsoNormal\" style=\"text-align: justify; background-image: initial; background-position: initial; background-size: initial; background-repeat: initial; background-attachment: initial; background-origin: initial; background-clip: initial;\"><span lang=\"ES-TRAD\">Convenci\u00f3n Americana sobre Derechos Humanos &#8220;Pacto de San Jos\u00e9 de Costa Rica\"&#8212;Pacto Internacional de Derechos Civiles y Pol\u00edticos.\u00a0 \u00a0 \u00a0 \u00a0 \u00a0 \u00a0\u00a0<\/span><\/li>\n<li class=\"MsoNormal\" style=\"text-align: justify; background-image: initial; background-position: initial; background-size: initial; background-repeat: initial; background-attachment: initial; background-origin: initial; background-clip: initial;\"><span lang=\"ES-TRAD\">Pacto Internacional de Derechos Econ\u00f3micos, Sociales y Culturales.<\/span><\/li>\n<li class=\"MsoNormal\" style=\"text-align: justify; background-image: initial; background-position: initial; background-size: initial; background-repeat: initial; background-attachment: initial; background-origin: initial; background-clip: initial;\"><span lang=\"ES-TRAD\">Constituci\u00f3n Pol\u00edtica del Estado Libre y Soberano del Estado de Baja California Sur.<\/span><\/li>\n<li class=\"MsoNormal\" style=\"text-align: justify; background-image: initial; background-position: initial; background-size: initial; background-repeat: initial; background-attachment: initial; background-origin: initial; background-clip: initial;\"><span lang=\"ES-TRAD\">Ley General de Transparencia y Acceso a la Informaci\u00f3n P\u00fablica.<\/span><\/li>\n<li class=\"MsoNormal\" style=\"text-align: justify; background-image: initial; background-position: initial; background-size: initial; background-repeat: initial; background-attachment: initial; background-origin: initial; background-clip: initial;\"><span lang=\"ES-TRAD\">Ley General de Protecci\u00f3n de Datos Personales en Posesi\u00f3n de Sujetos Obligados.<\/span><\/li>\n<li class=\"MsoNormal\" style=\"text-align: justify; background-image: initial; background-position: initial; background-size: initial; background-repeat: initial; background-attachment: initial; background-origin: initial; background-clip: initial;\"><span lang=\"ES-TRAD\">Ley General del Sistema Nacional de Seguridad P\u00fablica.<\/span><\/li>\n<li class=\"MsoNormal\" style=\"text-align: justify; background-image: initial; background-position: initial; background-size: initial; background-repeat: initial; background-attachment: initial; background-origin: initial; background-clip: initial;\"><span lang=\"ES-TRAD\">Ley General de Archivos.<\/span><\/li>\n<li class=\"MsoNormal\" style=\"text-align: justify; background-image: initial; background-position: initial; background-size: initial; background-repeat: initial; background-attachment: initial; background-origin: initial; background-clip: initial;\"><span lang=\"ES-TRAD\">Ley Federal de Transparencia y Acceso a la Informaci\u00f3n P\u00fablica.<\/span><\/li>\n<li class=\"MsoNormal\" style=\"text-align: justify; background-image: initial; background-position: initial; background-size: initial; background-repeat: initial; background-attachment: initial; background-origin: initial; background-clip: initial;\"><span lang=\"ES-TRAD\">Ley de Transparencia y Acceso a la Informaci\u00f3n P\u00fablica del Estado de Baja California Sur.<\/span><\/li>\n<li class=\"MsoNormal\" style=\"text-align: justify; background-image: initial; background-position: initial; background-size: initial; background-repeat: initial; background-attachment: initial; background-origin: initial; background-clip: initial;\"><span lang=\"ES-TRAD\">Ley de Protecci\u00f3n a Datos Personales en Posesi\u00f3n de Sujetos Obligados en el Estado de Baja California Sur.<\/span><\/li>\n<li class=\"MsoNormal\" style=\"text-align: justify; background-image: initial; background-position: initial; background-size: initial; background-repeat: initial; background-attachment: initial; background-origin: initial; background-clip: initial;\"><span lang=\"ES-TRAD\">Ley de Derechos y Productos del Estado de Baja California Sur.<\/span><\/li>\n<li class=\"MsoNormal\" style=\"text-align: justify; background-image: initial; background-position: initial; background-size: initial; background-repeat: initial; background-attachment: initial; background-origin: initial; background-clip: initial;\"><span lang=\"ES-TRAD\">Ley de Contabilidad Gubernamental.<\/span><\/li>\n<li class=\"MsoNormal\" style=\"text-align: justify; background-image: initial; background-position: initial; background-size: initial; background-repeat: initial; background-attachment: initial; background-origin: initial; background-clip: initial;\"><span lang=\"ES-TRAD\">Ley Presupuesto y responsabilidad Hacendaria del Estado de Baja California Sur.<\/span><\/li>\n<li class=\"MsoNormal\" style=\"text-align: justify; background-image: initial; background-position: initial; background-size: initial; background-repeat: initial; background-attachment: initial; background-origin: initial; background-clip: initial;\"><span lang=\"ES-TRAD\">Ley de Ingresos del Estado de Baja California Sur. 2025.<\/span><\/li>\n<li class=\"MsoNormal\" style=\"text-align: justify; background-image: initial; background-position: initial; background-size: initial; background-repeat: initial; background-attachment: initial; background-origin: initial; background-clip: initial;\"><span lang=\"ES-TRAD\">Ley del Sistema Estatal de Seguridad P\u00fablica del Estado de Baja California Sur.<\/span><\/li>\n<li class=\"MsoNormal\" style=\"text-align: justify; background-image: initial; background-position: initial; background-size: initial; background-repeat: initial; background-attachment: initial; background-origin: initial; background-clip: initial;\"><span lang=\"ES-TRAD\">Ley de Videovigilancia para el Estado de Baja California Sur.<\/span><\/li>\n<li class=\"MsoNormal\" style=\"text-align: justify; background-image: initial; background-position: initial; background-size: initial; background-repeat: initial; background-attachment: initial; background-origin: initial; background-clip: initial;\"><span lang=\"ES-TRAD\">Ley de Responsabilidades de Los Servidores P\u00fablicos del Estado de Baja California Sur.<\/span><\/li>\n<li class=\"MsoNormal\" style=\"text-align: justify; background-image: initial; background-position: initial; background-size: initial; background-repeat: initial; background-attachment: initial; background-origin: initial; background-clip: initial;\"><span lang=\"ES-TRAD\">Ley de Justicia Administrativa para el Estado de Baja California Sur.<\/span><\/li>\n<li class=\"MsoNormal\" style=\"text-align: justify; background-image: initial; background-position: initial; background-size: initial; background-repeat: initial; background-attachment: initial; background-origin: initial; background-clip: initial;\"><span lang=\"ES-TRAD\">Reglamento Interior de la Secretar\u00eda de Seguridad P\u00fablica de Baja California Sur.<\/span><\/li>\n<li class=\"MsoNormal\" style=\"text-align: justify; background-image: initial; background-position: initial; background-size: initial; background-repeat: initial; background-attachment: initial; background-origin: initial; background-clip: initial;\"><span lang=\"ES-TRAD\">Manual de Organizaci\u00f3n Espec\u00edfico de la Unidad de Transparencia de la Secretar\u00eda de Seguridad P\u00fablica en Baja California Sur.<\/span><\/li>\n<li class=\"MsoNormal\" style=\"text-align: justify; background-image: initial; background-position: initial; background-size: initial; background-repeat: initial; background-attachment: initial; background-origin: initial; background-clip: initial;\"><span lang=\"ES-TRAD\">Manual de Procedimientos Espec\u00edfico de la Unidad de Transparencia de la Secretar\u00eda de Seguridad P\u00fablica.<\/span><\/li>\n<li class=\"MsoNormal\" style=\"text-align: justify; background-image: initial; background-position: initial; background-size: initial; background-repeat: initial; background-attachment: initial; background-origin: initial; background-clip: initial;\"><span lang=\"ES-TRAD\">Lineamientos t\u00e9cnicos generales para la publicaci\u00f3n, homologaci\u00f3n y estandarizaci\u00f3n de la informaci\u00f3n de las obligaciones establecidas en el t\u00edtulo quinto y en la fracci\u00f3n IV del art\u00edculo 31 de la Ley General de Transparencia y Acceso a la Informaci\u00f3n P\u00fablica, que deben de difundir los sujetos obligados en los portales de Internet y en la Plataforma Nacional de Transparencia.<\/span><\/li>\n<li class=\"MsoNormal\" style=\"text-align: justify; background-image: initial; background-position: initial; background-size: initial; background-repeat: initial; background-attachment: initial; background-origin: initial; background-clip: initial;\"><span lang=\"ES-TRAD\">Lineamientos Generales en Materia de Clasificaci\u00f3n y Desclasificaci\u00f3n de la Informaci\u00f3n, as\u00ed como para la Elaboraci\u00f3n de Versiones P\u00fablicas.<\/span><\/li>\n<li class=\"MsoNormal\" style=\"text-align: justify; background-image: initial; background-position: initial; background-size: initial; background-repeat: initial; background-attachment: initial; background-origin: initial; background-clip: initial;\"><span lang=\"ES-TRAD\">Pol\u00edticas de Protecci\u00f3n de Datos Personales de la Secretar\u00eda de Seguridad P\u00fablica del Estado de Baja California Sur.<\/span><\/li>\n<\/ul>\n<p class=\"MsoNormal\" style=\"text-align: justify; background-image: initial; background-position: initial; background-size: initial; background-repeat: initial; background-attachment: initial; background-origin: initial; background-clip: initial;\"><b><span lang=\"ES-TRAD\" style=\"font-size: 2.0pt;\">\u00a0<\/span><\/b><\/p>\n<p>\n<\/div><\/div><\/div><\/div><\/div><\/div><\/div><\/div><\/section>\n","protected":false},"excerpt":{"rendered":"","protected":false},"author":4,"featured_media":0,"parent":0,"menu_order":0,"comment_status":"closed","ping_status":"closed","template":"","meta":{"footnotes":""},"class_list":["post-17982","page","type-page","status-publish","hentry"],"_links":{"self":[{"href":"https:\/\/sspbcs.gob.mx\/ssp\/wp-json\/wp\/v2\/pages\/17982","targetHints":{"allow":["GET"]}}],"collection":[{"href":"https:\/\/sspbcs.gob.mx\/ssp\/wp-json\/wp\/v2\/pages"}],"about":[{"href":"https:\/\/sspbcs.gob.mx\/ssp\/wp-json\/wp\/v2\/types\/page"}],"author":[{"embeddable":true,"href":"https:\/\/sspbcs.gob.mx\/ssp\/wp-json\/wp\/v2\/users\/4"}],"replies":[{"embeddable":true,"href":"https:\/\/sspbcs.gob.mx\/ssp\/wp-json\/wp\/v2\/comments?post=17982"}],"version-history":[{"count":15,"href":"https:\/\/sspbcs.gob.mx\/ssp\/wp-json\/wp\/v2\/pages\/17982\/revisions"}],"predecessor-version":[{"id":37401,"href":"https:\/\/sspbcs.gob.mx\/ssp\/wp-json\/wp\/v2\/pages\/17982\/revisions\/37401"}],"wp:attachment":[{"href":"https:\/\/sspbcs.gob.mx\/ssp\/wp-json\/wp\/v2\/media?parent=17982"}],"curies":[{"name":"wp","href":"https:\/\/api.w.org\/{rel}","templated":true}]}}