{"id":17991,"date":"2026-01-08T18:46:49","date_gmt":"2026-01-08T18:46:49","guid":{"rendered":"https:\/\/sspbcs.gob.mx\/ssp\/?page_id=17991"},"modified":"2026-01-20T19:31:16","modified_gmt":"2026-01-20T19:31:16","slug":"solicitudes-de-informacion","status":"publish","type":"page","link":"https:\/\/sspbcs.gob.mx\/ssp\/solicitudes-de-informacion\/","title":{"rendered":"Solicitudes de Informaci\u00f3n"},"content":{"rendered":"<section class=\"kc-elm kc-css-485597 kc_row\"><div class=\"kc-row-container  kc-container\"><div class=\"kc-wrap-columns\"><div class=\"kc-elm kc-css-221100 kc_col-sm-12 kc_column kc_col-sm-12\"><div class=\"kc-col-container\"><div class=\"kc-elm kc-css-586200 kc_row kc_row_inner\"><div class=\"kc-elm kc-css-581276 kc_col-sm-12 kc_column_inner kc_col-sm-12\"><div class=\"kc_wrapper kc-col-inner-container\"><div class=\"kc-elm kc-css-505367 kc_text_block\"><\/p>\n<h3 class=\"MsoNormal\" style=\"font-size: 11.0pt; font-family: 'Arial',sans-serif; mso-fareast-font-family: Calibri; color: #2f5496; mso-themecolor: accent1; mso-themeshade: 191; mso-ansi-language: ES-MX;\"><strong>Solicitudes de Acceso a la Informaci\u00f3n:<\/strong><\/h3>\n<p class=\"MsoNormal\" style=\"text-align: justify; background: white;\"><span style=\"font-size: 11.0pt; font-family: 'Arial',sans-serif; mso-fareast-font-family: Calibri; mso-ansi-language: ES-MX;\">El derecho de acceso a la informaci\u00f3n lo puede ejercer toda persona, o por medio de su representante, ante cualquier sujeto obligado respecto de la informaci\u00f3n que genere, recopile, procese o posee la Instituci\u00f3n, de conformidad con sus facultades y competencias. <\/span><\/p>\n<p class=\"MsoNormal\" style=\"text-align: justify; background: white;\"><b><span style=\"font-size: 11.0pt; font-family: 'Arial',sans-serif; mso-fareast-font-family: Calibri; color: #2f5496; mso-themecolor: accent1; mso-themeshade: 191; mso-ansi-language: ES-MX;\">\u00bfD\u00f3nde Puedo Presentarla?<\/span><\/b><\/p>\n<p class=\"MsoNormal\" style=\"text-align: justify; background: white;\"><span style=\"font-size: 11.0pt; font-family: 'Arial',sans-serif; mso-fareast-font-family: Calibri; mso-ansi-language: ES-MX;\">Puede presentar una solicitud de informaci\u00f3n a trav\u00e9s de las siguientes v\u00edas:<\/span><\/p>\n<p class=\"MsoNormal\" style=\"text-align: justify; background: white;\"><span style=\"font-size: 11.0pt; font-family: 'Arial',sans-serif; mso-fareast-font-family: Calibri; mso-ansi-language: ES-MX;\"><strong>1.<\/strong> Acudiendo personalmente a la Unidad de Transparencia, esto para la Secretar\u00eda de Seguridad P\u00fablica en Baja California Sur, y los \u00d3rganos Desconcentrados que coordina como Sujeto Obligado Jefe de Sector.<\/span><\/p>\n<p class=\"MsoNormal\" style=\"text-align: justify; background: white;\"><span style=\"font-size: 11.0pt; font-family: 'Arial',sans-serif; mso-fareast-font-family: Calibri; mso-ansi-language: ES-MX;\"><strong>2.<\/strong> Por medios electr\u00f3nicos a trav\u00e9s de Internet, utilizando la Plataforma Nacional:<\/span><\/p>\n<p class=\"MsoNormal\" style=\"background: white;\"><a href=\"https:\/\/www.plataformadetransparencia.org.mx\/\"><img loading=\"lazy\" decoding=\"async\" class=\"alignnone aligncenter\" src=\"https:\/\/sspbcs.gob.mx\/ssp\/wp-content\/uploads\/2026\/01\/PlataformaTrasparencia.png\" alt=\"\" width=\"230\" height=\"150\" \/><\/a><\/p>\n<p class=\"MsoNormal\" style=\"text-align: justify; background: white;\"><span style=\"font-size: 11.0pt; font-family: 'Arial',sans-serif; mso-fareast-font-family: Calibri; mso-ansi-language: ES-MX;\">En este caso, le ser\u00e1 asignado autom\u00e1ticamente un n\u00famero de folio con el que podr\u00e1 dar <\/span><span style=\"font-size: 11.0pt; font-family: 'Arial',sans-serif; mso-fareast-font-family: Calibri; mso-ansi-language: ES-MX;\">seguimiento a su requerimiento.<\/span><\/p>\n<p class=\"MsoNormal\" style=\"text-align: justify; background: white;\"><span style=\"font-size: 11.0pt; font-family: 'Arial',sans-serif; mso-fareast-font-family: Calibri; mso-ansi-language: ES-MX;\"><strong>3.<\/strong> Por correo electr\u00f3nico, correo postal, mensajer\u00eda, verbalmente o cualquier medio aprobado <\/span><span style=\"font-size: 11.0pt; font-family: 'Arial',sans-serif; mso-fareast-font-family: Calibri; mso-ansi-language: ES-MX;\">por el Sistema Nacional de Transparencia, dirigido a la Unidad de Transparencia del sujeto <\/span><span style=\"font-size: 11.0pt; font-family: 'Arial',sans-serif; mso-fareast-font-family: Calibri; mso-ansi-language: ES-MX;\">obligado cuya informaci\u00f3n solicita.<\/span><\/p>\n<p class=\"MsoNormal\" style=\"text-align: justify; background: white;\"><span style=\"font-size: 11.0pt; font-family: 'Arial',sans-serif; mso-fareast-font-family: Calibri; mso-ansi-language: ES-MX;\">Es importante que Usted se quede con un comprobante que acredite la fecha en que <\/span><span style=\"font-size: 11.0pt; font-family: 'Arial',sans-serif; mso-fareast-font-family: Calibri; mso-ansi-language: ES-MX;\">present\u00f3 su solicitud de acceso a informaci\u00f3n p\u00fablica.<\/span><\/p>\n<p class=\"MsoNormal\" style=\"text-align: justify; background: white;\"><b><span style=\"font-size: 11.0pt; font-family: 'Arial',sans-serif; mso-fareast-font-family: Calibri; color: #2f5496; mso-themecolor: accent1; mso-themeshade: 191; mso-ansi-language: ES-MX;\">\u00bfQu\u00e9 requisitos necesita para presentar una solicitud de acceso a la informaci\u00f3n?:<\/span><\/b><\/p>\n<p class=\"MsoNormal\" style=\"text-align: justify; background: white;\"><span style=\"font-size: 11.0pt; font-family: 'Arial',sans-serif; mso-fareast-font-family: Calibri; mso-ansi-language: ES-MX;\">\u2022 Nombre o, en su caso, los datos generales de su representante (opcional). <\/span><\/p>\n<p class=\"MsoNormal\" style=\"text-align: justify; background: white;\"><span style=\"font-size: 11.0pt; font-family: 'Arial',sans-serif; mso-fareast-font-family: Calibri; mso-ansi-language: ES-MX;\">\u2022 Domicilio o medio para recibir notificaciones.<\/span><\/p>\n<p class=\"MsoNormal\" style=\"text-align: justify; background: white;\"><span style=\"font-size: 11.0pt; font-family: 'Arial',sans-serif; mso-fareast-font-family: Calibri; mso-ansi-language: ES-MX;\">\u2022 Descripci\u00f3n clara y precisa de la informaci\u00f3n solicitada.<\/span><\/p>\n<p class=\"MsoNormal\" style=\"text-align: justify; background: white;\"><span style=\"font-size: 11.0pt; font-family: 'Arial',sans-serif; mso-fareast-font-family: Calibri; mso-ansi-language: ES-MX;\">\u2022 Cualquier otro dato que facilite su b\u00fasqueda (opcional).<\/span><\/p>\n<p class=\"MsoNormal\" style=\"text-align: justify; background: white;\"><span style=\"font-size: 11.0pt; font-family: 'Arial',sans-serif; mso-fareast-font-family: Calibri; mso-ansi-language: ES-MX;\">\u2022 La modalidad en la que prefiere se otorgue al acceso a la informaci\u00f3n (verbal siempre y <\/span><span style=\"font-size: 11.0pt; font-family: 'Arial',sans-serif; mso-fareast-font-family: Calibri; mso-ansi-language: ES-MX;\">cuando sea para fines de orientaci\u00f3n, consulta directa, mediante la expedici\u00f3n de copias <\/span><span style=\"font-size: 11.0pt; font-family: 'Arial',sans-serif; mso-fareast-font-family: Calibri; mso-ansi-language: ES-MX;\">simples o certificadas o la reproducci\u00f3n en cualquier otro medio, incluidos los electr\u00f3nicos).<\/span><\/p>\n<p class=\"MsoNormal\" style=\"text-align: justify; background: white;\"><span style=\"font-size: 11.0pt; font-family: 'Arial',sans-serif; mso-fareast-font-family: Calibri; mso-ansi-language: ES-MX;\">En su caso, la persona que solicita la informaci\u00f3n se\u00f1alar\u00e1 el formato accesible o la lengua ind\u00edgena en la que se requiera la informaci\u00f3n de acuerdo con lo se\u00f1alado en la Ley.<\/span><\/p>\n<p class=\"MsoNormal\" style=\"text-align: justify; background: white;\"><b><span style=\"font-size: 11.0pt; font-family: 'Arial',sans-serif; mso-fareast-font-family: Calibri; color: #2f5496; mso-themecolor: accent1; mso-themeshade: 191; mso-ansi-language: ES-MX;\">Costo de reproducci\u00f3n<\/span><\/b><span style=\"font-size: 11.0pt; font-family: 'Arial',sans-serif; mso-fareast-font-family: Calibri; mso-ansi-language: ES-MX;\">: se establece de conformidad con el art\u00edculo 15 de la Ley de Derechos y Productos del Estado de Baja California Sur vigente.<\/span><\/p>\n<p>\n<\/div><\/div><\/div><\/div><\/div><\/div><\/div><\/div><\/section>\n","protected":false},"excerpt":{"rendered":"","protected":false},"author":4,"featured_media":0,"parent":0,"menu_order":0,"comment_status":"closed","ping_status":"closed","template":"","meta":{"footnotes":""},"class_list":["post-17991","page","type-page","status-publish","hentry"],"_links":{"self":[{"href":"https:\/\/sspbcs.gob.mx\/ssp\/wp-json\/wp\/v2\/pages\/17991","targetHints":{"allow":["GET"]}}],"collection":[{"href":"https:\/\/sspbcs.gob.mx\/ssp\/wp-json\/wp\/v2\/pages"}],"about":[{"href":"https:\/\/sspbcs.gob.mx\/ssp\/wp-json\/wp\/v2\/types\/page"}],"author":[{"embeddable":true,"href":"https:\/\/sspbcs.gob.mx\/ssp\/wp-json\/wp\/v2\/users\/4"}],"replies":[{"embeddable":true,"href":"https:\/\/sspbcs.gob.mx\/ssp\/wp-json\/wp\/v2\/comments?post=17991"}],"version-history":[{"count":12,"href":"https:\/\/sspbcs.gob.mx\/ssp\/wp-json\/wp\/v2\/pages\/17991\/revisions"}],"predecessor-version":[{"id":18082,"href":"https:\/\/sspbcs.gob.mx\/ssp\/wp-json\/wp\/v2\/pages\/17991\/revisions\/18082"}],"wp:attachment":[{"href":"https:\/\/sspbcs.gob.mx\/ssp\/wp-json\/wp\/v2\/media?parent=17991"}],"curies":[{"name":"wp","href":"https:\/\/api.w.org\/{rel}","templated":true}]}}