{"id":18091,"date":"2026-01-20T20:00:39","date_gmt":"2026-01-20T20:00:39","guid":{"rendered":"https:\/\/sspbcs.gob.mx\/ssp\/?page_id=18091"},"modified":"2026-01-30T20:44:54","modified_gmt":"2026-01-30T20:44:54","slug":"obligaciones-comunes","status":"publish","type":"page","link":"https:\/\/sspbcs.gob.mx\/ssp\/obligaciones-comunes\/","title":{"rendered":"OBLIGACIONES COMUNES"},"content":{"rendered":"<section class=\"kc-elm kc-css-616232 kc_row\"><div class=\"kc-row-container  kc-container\"><div class=\"kc-wrap-columns\"><div class=\"kc-elm kc-css-121933 kc_col-sm-12 kc_column kc_col-sm-12\"><div class=\"kc-col-container\"><div class=\"kc-elm kc-css-682184 kc_text_block\"><\/p>\n<p class=\"MsoNormal\" style=\"text-align: justify; background: white;\"><b><span style=\"font-family: 'Arial',sans-serif; mso-fareast-font-family: Calibri; color: #2f5496; mso-themecolor: accent1; mso-themeshade: 191; mso-ansi-language: ES-MX;\">OBLIGACIONES COMUNES:<\/span><\/b><\/p>\n<p class=\"MsoNormal\" style=\"text-align: justify; background: white;\"><span style=\"font-family: 'Arial',sans-serif; mso-fareast-font-family: Calibri; mso-ansi-language: ES-MX;\">De conformidad con la Ley General y Estatal en materia de Transparencia, los sujetos obligados deber\u00e1n cumplir con las obligaciones de transparencia y poner a disposici\u00f3n del p\u00fablico y mantener actualizada, en los respectivos medios electr\u00f3nicos, de acuerdo con sus facultades, atribuciones, funciones u objeto social, seg\u00fan corresponda, la informaci\u00f3n, por lo menos, de los temas, documentos y, pol\u00edticas e informaci\u00f3n se\u00f1alados en las leyes vigentes en la materia.<\/span><\/p>\n<p class=\"MsoNormal\" style=\"text-align: justify; background: white;\"><span style=\"font-family: 'Arial',sans-serif; mso-fareast-font-family: Calibri; mso-ansi-language: ES-MX;\">De acuerdo con el Padr\u00f3n de Sujetos Obligados para el Estado de Baja California Sur vigente, la Secretar\u00eda de Seguridad P\u00fablica en la entidad, se encuentra asignada como Sujeto Obligado y Coordinadora de Sector para los \u00d3rganos Desconcentrados adscritos a esta Instituci\u00f3n; a fin de que, de manera trimestral, semestral y anual, seg\u00fan corresponda, recolecten, actualicen y publiquen informaci\u00f3n concerniente a sus<\/span> <span style=\"font-family: 'Arial',sans-serif; mso-fareast-font-family: Calibri; mso-ansi-language: ES-MX;\">facultades, atribuciones, funciones.<\/span><\/p>\n<p class=\"MsoNormal\" style=\"background: white; text-align: left;\"><b><span style=\"font-size: 11.0pt; font-family: 'Arial',sans-serif; mso-fareast-font-family: Calibri; color: #2f5496; mso-themecolor: accent1; mso-themeshade: 191; mso-ansi-language: ES-MX;\">Los \u00f3rganos desconcentrados identificados como sujetos obligados y coordinados por parte de esta dependencia son los siguientes:<\/span><\/b><\/p>\n<p class=\"MsoNormal\" style=\"background: white; text-align: center;\"><b><span style=\"font-size: 11.0pt; font-family: 'Arial',sans-serif; mso-fareast-font-family: Calibri; color: #2f5496; mso-themecolor: accent1; mso-themeshade: 191; mso-ansi-language: ES-MX;\">\u00a0<\/span><\/b><\/p>\n<p><center><br \/><a href=\"https:\/\/transparencia.bcs.gob.mx\/ssp\/\" target=\"_blank\" rel=\"noopener\"><br \/><img loading=\"lazy\" decoding=\"async\" class=\"alignnone\" src=\"https:\/\/sspbcs.gob.mx\/ssp\/wp-content\/uploads\/2023\/04\/LOGO-SSPE.png\" alt=\"\" width=\"192\" height=\"192\" \/><br \/><\/a><\/center><\/p>\n<p class=\"MsoNormal\" style=\"background: white; text-align: center;\"><b><span style=\"font-size: 11.0pt; font-family: 'Arial',sans-serif; mso-fareast-font-family: Calibri; color: #2f5496; mso-themecolor: accent1; mso-themeshade: 191; mso-ansi-language: ES-MX;\">\u00a0<\/span><\/b><\/p>\n<p><center><br \/><a href=\"https:\/\/transparencia.bcs.gob.mx\/cepdpc\/informacion-publica\/articulo-75\/\" target=\"_blank\" rel=\"noopener\"><br \/><img loading=\"lazy\" decoding=\"async\" class=\"alignnone\" src=\"https:\/\/sspbcs.gob.mx\/ssp\/wp-content\/uploads\/2026\/01\/CEPDPC.png\" alt=\"\" width=\"257\" height=\"192\" \/><br \/><\/a><\/center><\/p>\n<p class=\"MsoNormal\" style=\"background: white; text-align: center;\"><b><span style=\"font-size: 11.0pt; font-family: 'Arial',sans-serif; mso-fareast-font-family: Calibri; color: #2f5496; mso-themecolor: accent1; mso-themeshade: 191; mso-ansi-language: ES-MX;\">\u00a0<\/span><\/b><\/p>\n<p><center><br \/><a href=\"https:\/\/transparencia.bcs.gob.mx\/aesp\/informacion-publica\/articulo-75\/\" target=\"_blank\" rel=\"noopener\"><br \/><img loading=\"lazy\" decoding=\"async\" class=\"alignnone\" src=\"https:\/\/sspbcs.gob.mx\/ssp\/wp-content\/uploads\/2026\/01\/Acedemia.png\" alt=\"\" width=\"201\" height=\"237\" \/><br \/><\/a><\/center><\/p>\n<p class=\"MsoNormal\" style=\"background: white; text-align: center;\"><b><span style=\"font-size: 11.0pt; font-family: 'Arial',sans-serif; mso-fareast-font-family: Calibri; color: #2f5496; mso-themecolor: accent1; mso-themeshade: 191; mso-ansi-language: ES-MX;\">\u00a0<\/span><\/b><\/p>\n<p><center><br \/><a href=\"https:\/\/transparencia.bcs.gob.mx\/cecc\/informacion-publica\/articulo-75\/\" target=\"_blank\" rel=\"noopener\"><br \/><img loading=\"lazy\" decoding=\"async\" class=\"alignnone\" src=\"https:\/\/sspbcs.gob.mx\/ssp\/wp-content\/uploads\/2026\/01\/CECC-Centro-Estatal-de-Control-y-Confianza.jpeg\" alt=\"\" width=\"201\" height=\"201\" \/><br \/><\/a><\/center><\/p>\n<p class=\"MsoNormal\" style=\"background: white; text-align: center;\"><b><span style=\"font-size: 11.0pt; font-family: 'Arial',sans-serif; mso-fareast-font-family: Calibri; color: #2f5496; mso-themecolor: accent1; mso-themeshade: 191; mso-ansi-language: ES-MX;\">\u00a0<\/span><\/b><\/p>\n<p><center><br \/><a href=\"https:\/\/transparencia.bcs.gob.mx\/pep\/informacion-publica\/articulo-75\/\" target=\"_blank\" rel=\"noopener\"><br \/><img loading=\"lazy\" decoding=\"async\" class=\"alignnone\" src=\"https:\/\/sspbcs.gob.mx\/ssp\/wp-content\/uploads\/2026\/01\/Policia-Estatal.png\" alt=\"\" width=\"201\" height=\"201\" \/><br \/><\/a><\/center><\/p>\n<p class=\"MsoNormal\" style=\"background: white; text-align: center;\"><b><span style=\"font-size: 11.0pt; font-family: 'Arial',sans-serif; mso-fareast-font-family: Calibri; color: #2f5496; mso-themecolor: accent1; mso-themeshade: 191; mso-ansi-language: ES-MX;\">\u00a0<\/span><\/b><\/p>\n<p><center><br \/><a href=\"https:\/\/transparencia.bcs.gob.mx\/demsa\/informacion-publica\/articulo-75\/\" target=\"_blank\" rel=\"noopener\"><br \/><img loading=\"lazy\" decoding=\"async\" class=\"alignnone\" src=\"https:\/\/sspbcs.gob.mx\/ssp\/wp-content\/uploads\/2018\/08\/desma-300x224.png\" alt=\"\" width=\"250\" height=\"201\" \/><br \/><\/a><\/center><\/p>\n<p><center><br \/><a href=\"https:\/\/transparencia.bcs.gob.mx\/dspjslc\/\" target=\"_blank\" rel=\"noopener\"><br \/><img loading=\"lazy\" decoding=\"async\" class=\"alignnone\" src=\"https:\/\/sspbcs.gob.mx\/ssp\/wp-content\/uploads\/2026\/01\/Servicio-Previos-a-Jucio-y-pervicion-de-Libertad-Condicional.jpeg\" alt=\"\" width=\"250\" height=\"201\" \/><br \/><\/a><\/center><\/p>\n<p>\n<\/div><\/div><\/div><\/div><\/div><\/section>\n","protected":false},"excerpt":{"rendered":"","protected":false},"author":4,"featured_media":0,"parent":0,"menu_order":0,"comment_status":"closed","ping_status":"closed","template":"","meta":{"footnotes":""},"class_list":["post-18091","page","type-page","status-publish","hentry"],"_links":{"self":[{"href":"https:\/\/sspbcs.gob.mx\/ssp\/wp-json\/wp\/v2\/pages\/18091","targetHints":{"allow":["GET"]}}],"collection":[{"href":"https:\/\/sspbcs.gob.mx\/ssp\/wp-json\/wp\/v2\/pages"}],"about":[{"href":"https:\/\/sspbcs.gob.mx\/ssp\/wp-json\/wp\/v2\/types\/page"}],"author":[{"embeddable":true,"href":"https:\/\/sspbcs.gob.mx\/ssp\/wp-json\/wp\/v2\/users\/4"}],"replies":[{"embeddable":true,"href":"https:\/\/sspbcs.gob.mx\/ssp\/wp-json\/wp\/v2\/comments?post=18091"}],"version-history":[{"count":13,"href":"https:\/\/sspbcs.gob.mx\/ssp\/wp-json\/wp\/v2\/pages\/18091\/revisions"}],"predecessor-version":[{"id":24699,"href":"https:\/\/sspbcs.gob.mx\/ssp\/wp-json\/wp\/v2\/pages\/18091\/revisions\/24699"}],"wp:attachment":[{"href":"https:\/\/sspbcs.gob.mx\/ssp\/wp-json\/wp\/v2\/media?parent=18091"}],"curies":[{"name":"wp","href":"https:\/\/api.w.org\/{rel}","templated":true}]}}