{"id":320,"date":"2023-03-06T21:36:49","date_gmt":"2023-03-06T21:36:49","guid":{"rendered":"https:\/\/sspbcs.gob.mx\/ssp\/?page_id=320"},"modified":"2023-03-06T21:36:49","modified_gmt":"2023-03-06T21:36:49","slug":"policia-estatal-preventiva","status":"publish","type":"page","link":"https:\/\/sspbcs.gob.mx\/ssp\/policia-estatal-preventiva\/","title":{"rendered":"<strong>POLIC\u00cdA ESTATAL PREVENTIVA<\/strong>"},"content":{"rendered":"\n<p><strong>POLIC\u00cdA ESTATAL PREVENTIVA<\/strong><\/p>\n\n\n\n<p><strong>\u00bfQUI\u00c9NES SOMOS?<\/strong><\/p>\n\n\n\n<p>Es un \u00f3rgano desconcentrado de la Secretar\u00eda de Seguridad P\u00fablica del Estado, que tiene como objetivo la salvaguarda, integridad, seguridad y derechos de las personas, as\u00ed como preservar las libertades, el orden&nbsp; la paz p\u00fablica.<\/p>\n\n\n\n<p>Aplica y opera la pol\u00edtica de seguridad p\u00fablica en materia de prevenci\u00f3n y combate de delitos, adem\u00e1s investiga la comisi\u00f3n de delitos bajo la conducci\u00f3n y mando del Ministerio P\u00fablico.<\/p>\n\n\n\n<p><strong>MISI\u00d3N<\/strong><\/p>\n\n\n\n<p>Prevenir y combatir la comisi\u00f3n de delitos, en apego el marco jur\u00eddico, con personal comprometido y calificado, en coordinaci\u00f3n con los tres \u00f3rdenes de gobierno que privilegie la participaci\u00f3n ciudadana para salvaguardar la integridad y derechos de las personas e instituciones, mediante programas y acciones desarrollados con esquemas de inteligencia y tecnolog\u00eda de vanguardia que den confianza certidumbre a la sociedad.<\/p>\n\n\n\n<p><strong>VISI\u00d3N<\/strong><\/p>\n\n\n\n<p>Ser una instituci\u00f3n comprometida con la sociedad en la prevenci\u00f3n del delito y combate a la delincuencia, que preserve a la integridad y el patrimonio de las personas, la paz y el orden p\u00fablico, as\u00ed como el estado de derecho, cuya actuaci\u00f3n este apegada a los principios de legalidad, eficiencia, profesionalismo y honradez, con pleno respeto a los derechos humanos.<\/p>\n\n\n\n<p><strong>Informaci\u00f3n de contacto<\/strong><\/p>\n\n\n\n<p>Comisario General de la Polic\u00eda Estatal Preventiva: Rogelio Eliseo Rodr\u00edguez Aguilar.<\/p>\n\n\n\n<p>Tel\u00e9fono: (612) 175 04 00 extensi\u00f3n 1030.<\/p>\n\n\n\n<p>Correo: bcs.policiaestatal@gmail.com<\/p>\n\n\n\n<p>Domicilio: Carretera Transpeninsular al Sur k.m. 17.5&nbsp; y acceso colonia Calafia, c.p. 23054, La Paz, B.C.S.<\/p>\n","protected":false},"excerpt":{"rendered":"<p>POLIC\u00cdA ESTATAL PREVENTIVA \u00bfQUI\u00c9NES SOMOS? Es un \u00f3rgano desconcentrado de la Secretar\u00eda de Seguridad P\u00fablica del Estado, que tiene como objetivo la salvaguarda, integridad, seguridad y derechos de las personas, [&hellip;]<\/p>\n","protected":false},"author":4,"featured_media":0,"parent":0,"menu_order":0,"comment_status":"closed","ping_status":"closed","template":"","meta":{"footnotes":""},"class_list":["post-320","page","type-page","status-publish","hentry"],"_links":{"self":[{"href":"https:\/\/sspbcs.gob.mx\/ssp\/wp-json\/wp\/v2\/pages\/320","targetHints":{"allow":["GET"]}}],"collection":[{"href":"https:\/\/sspbcs.gob.mx\/ssp\/wp-json\/wp\/v2\/pages"}],"about":[{"href":"https:\/\/sspbcs.gob.mx\/ssp\/wp-json\/wp\/v2\/types\/page"}],"author":[{"embeddable":true,"href":"https:\/\/sspbcs.gob.mx\/ssp\/wp-json\/wp\/v2\/users\/4"}],"replies":[{"embeddable":true,"href":"https:\/\/sspbcs.gob.mx\/ssp\/wp-json\/wp\/v2\/comments?post=320"}],"version-history":[{"count":1,"href":"https:\/\/sspbcs.gob.mx\/ssp\/wp-json\/wp\/v2\/pages\/320\/revisions"}],"predecessor-version":[{"id":321,"href":"https:\/\/sspbcs.gob.mx\/ssp\/wp-json\/wp\/v2\/pages\/320\/revisions\/321"}],"wp:attachment":[{"href":"https:\/\/sspbcs.gob.mx\/ssp\/wp-json\/wp\/v2\/media?parent=320"}],"curies":[{"name":"wp","href":"https:\/\/api.w.org\/{rel}","templated":true}]}}