{"id":322,"date":"2023-03-06T21:38:09","date_gmt":"2023-03-06T21:38:09","guid":{"rendered":"https:\/\/sspbcs.gob.mx\/ssp\/?page_id=322"},"modified":"2023-04-14T18:18:34","modified_gmt":"2023-04-14T18:18:34","slug":"unidad-de-servicios-postpenales","status":"publish","type":"page","link":"https:\/\/sspbcs.gob.mx\/ssp\/unidad-de-servicios-postpenales\/","title":{"rendered":"<strong><strong>UNIDAD DE SERVICIOS POSTPENALES<\/strong><\/strong>"},"content":{"rendered":"<section class=\"kc-elm kc-css-186812 kc_row\"><div class=\"kc-row-container  kc-container\"><div class=\"kc-wrap-columns\"><div class=\"kc-elm kc-css-614683 kc_col-sm-12 kc_column kc_col-sm-12\"><div class=\"kc-col-container\"><div class=\"kc-elm kc-css-819764 kc-raw-code\"><br>\r\n<br>\r\n<br>\r\n<div class=\"wrap\" role=\"document\">\r\n<style>\r\n       header.page-header .breadcrumb {\r\n           margin-bottom:  24px;\r\n       }\r\n\r\n       header.page-header .breadcrumb > li + li:before {\r\n           content: \">\";\r\n       }\r\n\r\n       header.page-header a {\r\n           color: #88CFC9 ;\r\n       }\r\n\r\n       header.page-header.with-bg {\r\n           background-color:#9f2241;\r\n           color: #fff;\r\n           margin: 0 0 40px;\r\n           padding: 30px 0;\r\n       }\r\n\r\n       header.page-header.with-bg .breadcrumb {\r\n           background-color: transparent;\r\n           padding: 0;\r\n           margin-bottom: 10px;\r\n       }\r\n\r\n       header.page-header.with-bg h1 {\r\n           color: #fff;\r\n\r\n       }\r\n\r\n\r\n       .panel .panel-heading {\r\n           color: #005da3;\r\n           letter-spacing: 1px;\r\n           border-bottom: 1px solid #eee;\r\n           background-color: #fff;\r\n           font-weight: bold;\r\n       }\r\n\r\n       .panel .panel-body h5.label {\r\n           color: #666;\r\n           padding: 0;\r\n           letter-spacing:0.5px;\r\n           font-size: 90%;\r\n       }\r\n\r\n.btn-primary{\r\n background-color:#9f2241 !important;\r\n}\r\n.btn-primary:hover {\r\n   color: #ffff;\r\n   background-color: #9f2241 !important;\r\n   border-color: #8ad3d3 !important\r\n}\r\n\r\n   <\/style>\r\n\r\n<br>\r\n<br>\r\n<br>\r\n<br>\r\n   <header class=\"page-header with-bg\">\r\n       <div class=\"container\">\r\n       <h1>UNIDAD DE SERVICIOS POSTPENALES <\/h1>\r\n       <\/div>\r\n   <\/header>\r\n\r\n   <div class=\"container page-content-wrapper\">\r\n       <div class=\"row\">\r\n           <div class=\"col-sm-8\">\r\n            <div class=\"panel \">\r\n                <div class=\"panel-heading\">\r\n                    \u00bfQui\u00e9nes Somos?\r\n                <\/div>\r\n                <div class=\"panel-body\">\r\n                    <p>A raz\u00f3n de la creaci\u00f3n y entrada en vigor de la Ley Nacional de Ejecuci\u00f3n Penal, se dio una trascendental transformaci\u00f3n en el Sistema Penitenciario, espec\u00edficamente hablando de la Unidad de Servicios Post Penales , hubo una restructuraci\u00f3n por de m\u00e1s significativa, donde antes se trabajaba como Patronato para la Reincorporaci\u00f3n Social, por lo que la entrada de la Ley Nacional,  redirigi\u00f3 el trabajo  y tuvo un papel m\u00e1s protag\u00f3nico para esta nueva encomienda, que era la de contar con una unidad que optimizara los trabajos de seguimiento y buscara los espacios propicios de trabajo, para el preliberado y su familia asegurando una reinserci\u00f3n social y trato digno.  <\/p>\r\n                    <p>Es as\u00ed, como la Unidad de Servicios Post Penales, trabaja con un esquema organizado y orientado a prestar ayuda especializada a cada caso de las personas preliberadas y sus familias.<\/p>\r\n                    <br>\r\n                    <br>\r\n                <\/div>\r\n                <div class=\"panel-heading\">\r\n                    <b>MISI\u00d3N<\/b>\r\n                <\/div>\r\n                <div class=\"panel-body\">\r\n                    <P>El trabajo de esta unidad, ha significado una oportunidad clara de poder conseguir la reinserci\u00f3n social, sumando esfuerzos para ayudar a mejorar la calidad de vida de las personas que cumplieron con lo requerido del tiempo de su pena, as\u00ed como los requisitos que hicieron alcanzar el beneficio de la preliberaci\u00f3n.\r\n                        Para lograr lo anterior, hubo una evaluaci\u00f3n por parte del consejo t\u00e9cnico interdisciplinario, para despu\u00e9s ser revisado rigurosamente por el \u00f3rgano jurisdiccional y en el caso de la consideraci\u00f3n del mismo, poder dar su autorizaci\u00f3n.\r\n                        <\/P>\r\n                    <br>\r\n                    <br>\r\n                <\/div>\r\n                <div class=\"panel-heading\">\r\n                    VISI\u00d3N\r\n                <\/div>\r\n                <div class=\"panel-body\">\r\n                    <P>La Unidad de servicios Postpenales brinda ayuda y da orientaci\u00f3n a personas en proceso de reinserci\u00f3n social, ofreciendo nuevas oportunidades para una vida digna en la sociedad.\r\n                        As\u00ed como generar espacios de oportunidad para las personas liberadas y preliberadas de Centros Penitenciarios y sus familiares, siendo el instrumento de apoyo para permitir que \u00e9stos, logren una vida honrada y digna en libertad.\r\n                        <\/P>\r\n                        <br>\r\n                    <br>\r\n                <\/div>\r\n                \r\n                <div class=\"panel-heading\">\r\n                    CONTACTO\r\n                <\/div>\r\n                <div class=\"panel-body\">\r\n                    <P><B>Titular: <\/B>Luis Alfredo Spindola Peralta.<\/P>\r\n                    <P><B>Correo: <\/B>direccionpostpenalesbcs@gmail.com<\/P>\r\n                    <P><B>Titular: <\/B>Blvd. Profesora Virginia Peralta y Hermenegildo Galeana sin n\u00famero, colonia Ruiz Cortinez. C.P. 23040, La Paz, Baja California Sur.<\/P>\r\n                    <br>\r\n                    <br>\r\n                <\/div>\r\n                \r\n                \r\n            <\/div> <!-- end: .panel -->\r\n           <\/div>\r\n        <div class=\"col-sm-4\">\r\n        <br><br>\r\n                <!-- <a href=\"https:\/\/sspbcs.gob.mx\/ssp\/images\/Modulos\/Hipervinculos\/REPUVE.pdf\" class=\"btn btn-primary\" target=\"_blank\"><i class=\"fa fa-desktop\"><\/i>&nbsp;&nbsp;PONLE EL CHIP A TU CARRO<\/a><hr> -->\r\n               <div class=\"hidden-print\">\r\n                <section id=\"block-2\" class=\"widget single_widget widget_block widget_search\"><form role=\"search\" method=\"get\" action=\"https:\/\/condescending-faraday.74-208-53-44.plesk.page\/sspdemo\/\" class=\"wp-block-search__button-outside wp-block-search__text-button wp-block-search\"><label for=\"wp-block-search__input-1\" class=\"wp-block-search__label screen-reader-text\">Buscar<\/label><div class=\"wp-block-search__inside-wrapper \" style=\"width: 666px\"><input type=\"search\" id=\"wp-block-search__input-1\" class=\"wp-block-search__input\" name=\"s\" value=\"\" placeholder=\"Buscador...\" required=\"\" spellcheck=\"false\" data-ms-editor=\"true\"><button type=\"submit\" class=\"wp-block-search__button has-text-color has-white-color has-background has-vivid-red-background-color wp-element-button\">Buscar<\/button><\/div><\/form><\/section>\r\n\r\n                <section id=\"fbw_id-4\" class=\"widget single_widget widget_fbw_id\"><h4 class=\"blog_sidebar_title\">Facebook SSPBCS<\/h4><div class=\"fb_loader\" style=\"text-align: center !important; display: none;\"><img decoding=\"async\" src=\"https:\/\/condescending-faraday.74-208-53-44.plesk.page\/sspdemo\/wp-content\/plugins\/facebook-pagelike-widget\/loader.gif\" alt=\"Facebook Pagelike Widget\"><\/div><div id=\"fb-root\" class=\" fb_reset\"><div style=\"position: absolute; top: -10000px; width: 0px; height: 0px;\"><div><\/div><\/div><\/div>\r\n                    <div class=\"fb-page fb_iframe_widget\" data-href=\"https:\/\/www.facebook.com\/seguridadpublicabcs \" data-width=\"300\" data-height=\"600\" data-small-header=\"false\" data-adapt-container-width=\"true\" data-hide-cover=\"false\" data-show-facepile=\"true\" style=\"\" hide_cta=\"false\" data-tabs=\"timeline\" data-lazy=\"false\" fb-xfbml-state=\"rendered\" fb-iframe-plugin-query=\"adapt_container_width=true&amp;app_id=503595753002055&amp;container_width=288&amp;height=600&amp;hide_cover=false&amp;hide_cta=false&amp;href=https%3A%2F%2Fwww.facebook.com%2Fseguridadpublicabcs&amp;lazy=false&amp;locale=es_LA&amp;sdk=joey&amp;show_facepile=true&amp;small_header=false&amp;tabs=timeline&amp;width=300\"><span style=\"vertical-align: bottom; width: 288px; height: 600px;\"><iframe loading=\"lazy\" name=\"f1a70d6c9797ce8\" width=\"300px\" height=\"600px\" data-testid=\"fb:page Facebook Social Plugin\" title=\"fb:page Facebook Social Plugin\" frameborder=\"0\" allowtransparency=\"true\" allowfullscreen=\"true\" scrolling=\"no\" allow=\"encrypted-media\" src=\"https:\/\/www.facebook.com\/v2.5\/plugins\/page.php?adapt_container_width=true&amp;app_id=503595753002055&amp;channel=https%3A%2F%2Fstaticxx.facebook.com%2Fx%2Fconnect%2Fxd_arbiter%2F%3Fversion%3D46%23cb%3Df144e556a22b7c8%26domain%3Dcondescending-faraday.74-208-53-44.plesk.page%26is_canvas%3Dfalse%26origin%3Dhttps%253A%252F%252Fcondescending-faraday.74-208-53-44.plesk.page%252Ff2a8222b50c807c%26relation%3Dparent.parent&amp;container_width=288&amp;height=600&amp;hide_cover=false&amp;hide_cta=false&amp;href=https%3A%2F%2Fwww.facebook.com%2Fseguridadpublicabcs&amp;lazy=false&amp;locale=es_LA&amp;sdk=joey&amp;show_facepile=true&amp;small_header=false&amp;tabs=timeline&amp;width=300\" style=\"border: none; visibility: visible; width: 288px; height: 600px;\" class=\"\"><\/iframe><\/span><\/div><\/section>\r\n                \r\n\r\n                <script src=\"https:\/\/apps.elfsight.com\/p\/platform.js\" defer><\/script>\r\n                <div class=\"elfsight-app-5287f8d8-c727-4912-bb23-007ada9ad357\"><\/div>\r\n               <\/div>\r\n            <\/div>\r\n       <\/div>\r\n\r\n   <\/div>\r\n<\/div><\/div><\/div><\/div><\/div><\/div><\/section>\n","protected":false},"excerpt":{"rendered":"","protected":false},"author":4,"featured_media":0,"parent":0,"menu_order":0,"comment_status":"closed","ping_status":"closed","template":"kc-template.php","meta":{"footnotes":""},"class_list":["post-322","page","type-page","status-publish","hentry"],"_links":{"self":[{"href":"https:\/\/sspbcs.gob.mx\/ssp\/wp-json\/wp\/v2\/pages\/322","targetHints":{"allow":["GET"]}}],"collection":[{"href":"https:\/\/sspbcs.gob.mx\/ssp\/wp-json\/wp\/v2\/pages"}],"about":[{"href":"https:\/\/sspbcs.gob.mx\/ssp\/wp-json\/wp\/v2\/types\/page"}],"author":[{"embeddable":true,"href":"https:\/\/sspbcs.gob.mx\/ssp\/wp-json\/wp\/v2\/users\/4"}],"replies":[{"embeddable":true,"href":"https:\/\/sspbcs.gob.mx\/ssp\/wp-json\/wp\/v2\/comments?post=322"}],"version-history":[{"count":5,"href":"https:\/\/sspbcs.gob.mx\/ssp\/wp-json\/wp\/v2\/pages\/322\/revisions"}],"predecessor-version":[{"id":757,"href":"https:\/\/sspbcs.gob.mx\/ssp\/wp-json\/wp\/v2\/pages\/322\/revisions\/757"}],"wp:attachment":[{"href":"https:\/\/sspbcs.gob.mx\/ssp\/wp-json\/wp\/v2\/media?parent=322"}],"curies":[{"name":"wp","href":"https:\/\/api.w.org\/{rel}","templated":true}]}}