{"id":4193,"date":"2024-04-10T15:51:04","date_gmt":"2024-04-10T15:51:04","guid":{"rendered":"https:\/\/sspbcs.gob.mx\/ssp\/?page_id=4193"},"modified":"2026-02-17T18:42:50","modified_gmt":"2026-02-17T18:42:50","slug":"aviso-de-privacidad-simplificado","status":"publish","type":"page","link":"https:\/\/sspbcs.gob.mx\/ssp\/aviso-de-privacidad-simplificado\/","title":{"rendered":"AVISO DE PRIVACIDAD"},"content":{"rendered":"<section class=\"kc-elm kc-css-765898 kc_row\"><div class=\"kc-row-container  kc-container\"><div class=\"kc-wrap-columns\"><div class=\"kc-elm kc-css-735421 kc_col-sm-12 kc_column kc_col-sm-12\"><div class=\"kc-col-container\"><div class=\"kc-elm kc-css-223874 kc_text_block\"><\/p>\n<p><span style=\"font-size: 11.0pt; line-height: 115%; font-family: 'Arial',sans-serif; mso-fareast-font-family: Calibri; mso-fareast-theme-font: minor-latin; mso-ansi-language: ES-MX; mso-fareast-language: EN-US; mso-bidi-language: AR-SA;\">LA SECRETAR\u00cdA DE SEGURIDAD P\u00daBLICA DEL ESTADO DE BAJA CALIFORNIA SUR, DE CONFORMIDAD CON LO DISPUESTO POR EL ART\u00cdCULO 13 APARTADO B DE LA CONSTITUCION POLITICA DEL ESTADO LIBRE Y SOBERANO DE BAJA CALIFORNIA SUR, HACE DEL CONOCIMIENTO AL P\u00daBLICO EN GENERAL EL SIGUIENTE:<\/span><\/p>\n<p>\n<\/div><div class=\"kc-elm kc-css-372898 kc_text_block\"><\/p>\n<h3 class=\"MsoNormal\" style=\"line-height: normal; text-align: center;\"><b style=\"mso-bidi-font-weight: normal;\"><span style=\"font-size: 20.0pt; font-family: 'Arial',sans-serif;\">AVISO DE PRIVACIDAD SIMPLIFICADO<\/span><\/b><\/h3>\n<p>\n<\/div><div class=\"kc-elm kc-css-647300 kc_text_block\"><\/p>\n<p>DE CONFORMIDAD CON LO DISPUESTO EN LOS ARTICULOS 1, 2 FRACCI\u00d3N II, III, IV, V, 3 FRACCI\u00d3N II. 18, 19, 21 Y 22 Y DEMAS RELATIVOS Y APLICABLES DE LA LEY DE PROTECCION DE DATOS PERSONALES EN POSESION DE SUJETOS OBLIGADOS PARA EL ESTADO DE BAJA CALIFORNIA SUR, LA SECRETAR\u00cdA DE SEGURIDAD P\u00daBLICA DEL ESTADO DE BAJA CALIFORNIA SUR PROPORCIONA LA SIGUIENTE INFORMACION QUE INTEGRA EL PRESENTE AVISO:<\/p>\n<p>\n<\/div><div class=\"kc-elm kc-css-485136 kc_text_block\"><\/p>\n<p><strong>I.- FINALIDAD DEL TRATAMIENTO PARA LAS CUALES SE OBTIENEN LOS DATOS PERSONALES:<\/strong><\/p>\n<p>\n<\/div><div class=\"kc-elm kc-css-830389 kc_text_block\"><\/p>\n<p>Los datos recabados por esta Dependencia, ser\u00e1n necesarios para la siguiente finalidad:<\/p>\n<ol>\n<li>Para prevenir la violencia contra las mujeres, una estrategia de la Secretar\u00eda de Seguridad P\u00fablica del Estado.<\/li>\n<\/ol>\n<ol start=\"2\">\n<li>Para obtener ubicaci\u00f3n del (a) usuario (a) en tiempo real por medio del dispositivo de activaci\u00f3n, a efecto de estar en posibilidades de enviar el apoyo donde se solicite.<\/li>\n<\/ol>\n<ol start=\"3\">\n<li>Como enlace al C4 y con contactos de confianza del (a) usuario (a), con la informaci\u00f3n que se proporcione previamente por medio de la aplicaci\u00f3n.<\/li>\n<\/ol>\n<p>\n<\/div><div class=\"kc-elm kc-css-420033 kc_text_block\"><\/p>\n<p><strong>II.- <\/strong><strong> TRANSFERENCIAS DE DATOS PERSONALES:<\/strong><\/p>\n<p>\n<\/div><div class=\"kc-elm kc-css-642340 kc_text_block\"><\/p>\n<p>Los datos personales recabados por esta Dependencia, son transferidos a:<\/p>\n<ol>\n<li>Centro de Control, Comando, Comunicaci\u00f3n y C\u00f3mputo y Secretar\u00eda de Seguridad P\u00fablica del Estado.<\/li>\n<\/ol>\n<ol start=\"2\">\n<li>a finalidad de la transferencia de los datos personales recabados por esta dependencia, es para prevenir la violencia contra las mujeres, una estrategia de la Secretar\u00eda de Seguridad P\u00fablica del Estado.<\/li>\n<\/ol>\n<p>\n<\/div><div class=\"kc-elm kc-css-913635 kc_text_block\"><\/p>\n<p><strong>III. MECANISMOS Y MEDIOS DISPONIBLES PARA MANIFESTAR LA NEGATIVA PARA EL TRATAMIENTO DE DATOS PERSONALES QUE REQUIERE EL CONSENTIMIENTO DEL TITULAR.<\/strong><\/p>\n<p>\n<\/div><div class=\"kc-elm kc-css-103577 kc_text_block\"><\/p>\n<p>Los titulares de los datos personales que requieran el consentimiento para su tratamiento para la finalidad marcada en los apartados I y II del presente aviso, podr\u00e1n manifestar su negativa a dicho tratamiento, ya sea de manera verbal al momento en que sean requeridos, o con posterioridad una vez obtenidos por v\u00eda telef\u00f3nica al tel\u00e9fono (612)-17-50400 Ext. 1029, o por escrito presentado en las oficinas de esta dependencia ubica en Blvd. Agust\u00edn Olachea e\/ Luis Donaldo Colosio y Calle Chech\u00e9n, Col. Emiliano Zapata, en la ciudad de La Paz, Baja California Sur; o al correo electr\u00f3nico institucional: <a href=\"mailto:csocial.sspe@gmail.com\">csocial.sspe@gmail.com<\/a>.<\/p>\n<p>\n<\/div><div class=\"kc-elm kc-css-221642 kc_text_block\"><\/p>\n<p><strong>IV. SITIO DONDE PODR\u00c1 CONSULTAR EL AVISO DE PRIVACIDAD INTEGRAL<\/strong><\/p>\n<p>\n<\/div><div class=\"kc-elm kc-css-242420 kc_text_block\"><\/p>\n<p>Se hace del conocimiento al p\u00fablico en general que el aviso de privacidad integral podr\u00e1 ser consultado en el portal institucional ubicado en la direcci\u00f3n web:<a href=\"https:\/\/sspbcs.gob.mx\/ssp\/\">https:\/\/sspbcs.gob.mx\/ssp\/<\/a><\/p>\n<p>\n<\/div><\/div><\/div><\/div><\/div><\/section>\n","protected":false},"excerpt":{"rendered":"","protected":false},"author":4,"featured_media":0,"parent":0,"menu_order":0,"comment_status":"closed","ping_status":"closed","template":"","meta":{"footnotes":""},"class_list":["post-4193","page","type-page","status-publish","hentry"],"_links":{"self":[{"href":"https:\/\/sspbcs.gob.mx\/ssp\/wp-json\/wp\/v2\/pages\/4193","targetHints":{"allow":["GET"]}}],"collection":[{"href":"https:\/\/sspbcs.gob.mx\/ssp\/wp-json\/wp\/v2\/pages"}],"about":[{"href":"https:\/\/sspbcs.gob.mx\/ssp\/wp-json\/wp\/v2\/types\/page"}],"author":[{"embeddable":true,"href":"https:\/\/sspbcs.gob.mx\/ssp\/wp-json\/wp\/v2\/users\/4"}],"replies":[{"embeddable":true,"href":"https:\/\/sspbcs.gob.mx\/ssp\/wp-json\/wp\/v2\/comments?post=4193"}],"version-history":[{"count":8,"href":"https:\/\/sspbcs.gob.mx\/ssp\/wp-json\/wp\/v2\/pages\/4193\/revisions"}],"predecessor-version":[{"id":37395,"href":"https:\/\/sspbcs.gob.mx\/ssp\/wp-json\/wp\/v2\/pages\/4193\/revisions\/37395"}],"wp:attachment":[{"href":"https:\/\/sspbcs.gob.mx\/ssp\/wp-json\/wp\/v2\/media?parent=4193"}],"curies":[{"name":"wp","href":"https:\/\/api.w.org\/{rel}","templated":true}]}}