{"id":455,"date":"2023-03-24T21:49:43","date_gmt":"2023-03-24T21:49:43","guid":{"rendered":"https:\/\/sspbcs.gob.mx\/ssp\/?page_id=455"},"modified":"2023-04-10T15:58:56","modified_gmt":"2023-04-10T15:58:56","slug":"regularizacion-de-vehiculos-de-procedencia-extranjera","status":"publish","type":"page","link":"https:\/\/sspbcs.gob.mx\/ssp\/regularizacion-de-vehiculos-de-procedencia-extranjera\/","title":{"rendered":"<strong>Regularizaci\u00f3n de veh\u00edculos de procedencia extranjera<\/strong>"},"content":{"rendered":"<section class=\"kc-elm kc-css-998429 kc_row\"><div class=\"kc-row-container  kc-container\"><div class=\"kc-wrap-columns\"><div class=\"kc-elm kc-css-21567 kc_col-sm-12 kc_column kc_col-sm-12\"><div class=\"kc-col-container\"><div class=\"kc-elm kc-css-244369 kc-raw-code\"><br>\r\n<br>\r\n<br>\r\n<div class=\"wrap\" role=\"document\">\r\n\r\n          \r\n   <style>\r\n\r\n       header.page-header .breadcrumb {\r\n           margin-bottom:  24px;\r\n       }\r\n\r\n       header.page-header .breadcrumb > li + li:before {\r\n           content: \">\";\r\n       }\r\n\r\n       header.page-header a {\r\n           color: #88CFC9 ;\r\n       }\r\n\r\n       header.page-header.with-bg {\r\n           background-color:#9f2241;\r\n           color: #fff;\r\n           margin: 0 0 40px;\r\n           padding: 30px 0;\r\n       }\r\n\r\n       header.page-header.with-bg .breadcrumb {\r\n           background-color: transparent;\r\n           padding: 0;\r\n           margin-bottom: 10px;\r\n       }\r\n\r\n       header.page-header.with-bg h1 {\r\n           color: #fff;\r\n\r\n       }\r\n\r\n\r\n       .panel .panel-heading {\r\n           color: #005da3;\r\n           letter-spacing: 1px;\r\n           border-bottom: 1px solid #eee;\r\n           background-color: #fff;\r\n           font-weight: bold;\r\n       }\r\n\r\n       .panel .panel-body h5.label {\r\n           color: #666;\r\n           padding: 0;\r\n           letter-spacing:0.5px;\r\n           font-size: 90%;\r\n       }\r\n\r\n.btn-primary{\r\n background-color:#9f2241 !important;\r\n}\r\n.btn-primary:hover {\r\n   color: #ffff;\r\n   background-color: #9f2241 !important;\r\n   border-color: #8ad3d3 !important\r\n}\r\n\r\n   <\/style>\r\n\r\n<br>\r\n<br>\r\n<br>\r\n<br>\r\n   <header class=\"page-header with-bg\">\r\n       <div class=\"container\">\r\n       <h1>Regularizaci\u00f3n de Veh\u00edculos de Procedencia Extranjera<\/h1>\r\n       <\/div>\r\n   <\/header>\r\n\r\n   <div class=\"container page-content-wrapper\">\r\n       <div class=\"row\">\r\n           <div class=\"col-sm-8\">\r\n\r\n               <div class=\"panel \">\r\n                   <div class=\"panel-heading\">\r\n                       REQUISITOS PARA GENERAR UNA CITA EN L\u00cdNEA\r\n                   <\/div>\r\n                   <div class=\"panel-body\">\r\n\r\n                       <h5 class=\"label\">Descripci\u00f3n del Tramite\/Servicio<\/h5>\r\n                       <p>          \r\n                           La Secretar\u00eda de Seguridad P\u00fablica del Estado (SSPE), anunci\u00f3 que el m\u00f3dulo del Registro P\u00fablico Vehicular (REPUVE) ubicado a un costado de la Direcci\u00f3n de Tr\u00e1nsito La Paz, ser\u00e1 habilitado para la regularizaci\u00f3n de veh\u00edculos de procedencia extranjera, por lo que, a partir de este martes, los ciudadanos podr\u00e1n seleccionar en la plataforma de citas, este m\u00f3dulo para realizar su tr\u00e1mite.<br>\r\n                        <br>\r\n                       <h5 class=\"label\">Casos en que debe de realizarse<\/h5>\r\n                       <p>Las personas F\u00edsicas usuarias de veh\u00edculos.<\/p>\r\n\r\n                       <br>\r\n                       <!-- <h5 class=\"label\">Fundamento jur\u00eddico y reglamentario<\/h5>\r\n                       <p>Ley de Transito Terrestre Cap\u00edtulo II, Art 32 al 45  <\/p>\r\n                       \r\n                       <br>                        -->\r\n\r\n                       <div class=\"row\">\r\n                           <div class=\"col-md-6\">\r\n                               <h5 class=\"label\">Tipo de Solicitud<\/h5>\r\n                               <p>Tramite<\/p>\r\n                           <\/div>\r\n                           <div class=\"col-md-6\">\r\n                               <h5 class=\"label\">Dirigido a <\/h5>\r\n                               <p>Ciudadano<\/p>\r\n                           <\/div>\r\n                       <\/div>\r\n                       \r\n                       <br>\r\n                       <div class=\"row\">\r\n                           <div class=\"col-md-6\">\r\n                               <h5 class=\"label\">Forma de Solicitud<\/h5>\r\n                               <p>Formato en l\u00ednea<\/p>\r\n                           <\/div>\r\n                           <div class=\"col-md-6\">\r\n                               <!-- <h5 class=\"label\">Vigencia del Tramite<\/h5>\r\n                               <p>3 a\u00f1os<\/p> -->\r\n                           <\/div>\r\n                       <\/div>                        \r\n\r\n                       <br>\r\n                       \r\n                       <!-- <h5 class=\"label\">Plazo m\u00e1ximo para solucionar el tr\u00e1mite<\/h5>\r\n                       <p>20 Minutos en Recaudaciones y Centros Integrales de Servicios.                                                                                                                                                                                                                                                   En el caso de las Sub-recaudaciones la entrega de las licencias se entrega una semana posterior al d\u00eda del tr\u00e1mite, en virtud que se env\u00eda a la recaudaci\u00f3n correspondiente para su impresi\u00f3n.<\/p>\r\n                       <br>\r\n                       <h5 class=\"label\">Criterios a la que debe de sujetarse la dependencia para resoluci\u00f3n<\/h5>\r\n                       <p>1. Ser mayor de edad y cumplir con examen vial.<br>\r\n2. Para reposici\u00f3n por robo o extravi\u00f3 presentar reporte anta Ministerio P\u00fablico.<br>\r\n3. Renovaci\u00f3n presentar identificaci\u00f3n y cotejar con archivo digital hist\u00f3rico, para verificar la identidad del interesado.<\/p>\r\n                       \r\n                       <br>\r\n                       <h5 class=\"label\">Objetivo y Datos de Inspectores \/ Verificadores<\/h5>\r\n                       <p>No se requiere inspecci\u00f3n.<\/p> -->\r\n                       \r\n\r\n                   <\/div>\r\n\r\n               <\/div> <!-- end: .panel -->\r\n\r\n               <div class=\"panel\">\r\n                   <!-- <div class=\"panel-heading\">\r\n                       REQUISITOS Y DOCUMENTOS REQUERIDOS\r\n                   <\/div> -->\r\n                   <div class=\"panel-body\">\r\n\r\n                       <h5 class=\"label\">Lista de requisitos y copias<\/h5>\r\n                       <br>\r\n                       <br>\r\n                       <table class=\"table\">\r\n                           <tbody><tr>\r\n                               <th>Requisito<\/th>\r\n                               <th style=\"width:100px;\" class=\"text-center\">Original<\/th>\r\n                               <th style=\"width:100px;\" class=\"text-center\">No. Copias<\/th>\r\n                            <\/tr>\r\n                                                       <tr>\r\n                                   <td>\r\n                                       Clave \u00danica de Registro de Poblaci\u00f3n (CURP)                                    <\/td>\r\n                                   <td style=\"text-align: center\">                                     \r\n                                                                               Si\r\n                                                                               \r\n                                   <\/td>\r\n                                   <td style=\"text-align: center\">1<\/td>\r\n                                <\/tr>\r\n                                                           <tr>\r\n                                   <td>\r\n                                       Identificaci\u00f3n Oficial (INE)                                   <\/td>\r\n                                   <td style=\"text-align: center\">                                     \r\n                                                                               Si\r\n                                                                               \r\n                                   <\/td>\r\n                                   <td style=\"text-align: center\">1<\/td>\r\n                                <\/tr>\r\n                                                           <tr>\r\n                                   <td>\r\n                                       N\u00famero de Identificaci\u00f3n Vehicular ( NIV )                                    <\/td>\r\n                                   <td style=\"text-align: center\">                                     \r\n                                                                               Si\r\n                                                                               \r\n                                   <\/td>\r\n                                   <td style=\"text-align: center\">1<\/td>\r\n                                <\/tr>\r\n                                                           <tr>\r\n                                   <td>\r\n                                       Correo electr\u00f3nico Personal                                  <\/td>\r\n                                   <td style=\"text-align: center\">                                     \r\n                                       N\/A\r\n                                                                               \r\n                                   <\/td>\r\n                                   <td style=\"text-align: center\"><\/td>\r\n                                <\/tr>\r\n                                                           <tr>\r\n                                   <td>\r\n                                       Numero Telefono Personal                                    <\/td>\r\n                                   <td style=\"text-align: center\">                                     \r\n                                       N\/A\r\n                                                                               \r\n                                   <\/td>\r\n                                   <td style=\"text-align: center\"><\/td>\r\n                                <\/tr>\r\n                                                           <tr>\r\n                                   <td>\r\n                                       Documento con el que se acredita la propiedad (T\u00edtulo de Propiedad o Factura)                                    <\/td>\r\n                                   <td style=\"text-align: center\">                                     \r\n                                                                               Si\r\n                                                                               \r\n                                   <\/td>\r\n                                   <td style=\"text-align: center\">1<\/td>\r\n                                <\/tr>\r\n                                                           <tr>\r\n                                   <td>\r\n                                       Imagen impresa del NIV (calca o fotograf\u00eda)Identificaci\u00f3n oficial (vigente)                                    <\/td>\r\n                                   <td style=\"text-align: center\">                                     \r\n                                                                               N\/A\r\n                                                                               \r\n                                   <\/td>\r\n                                   <td style=\"text-align: center\">1<\/td>\r\n                                <\/tr>\r\n                                <tr>\r\n                                   <td>\r\n                                       Comprobante de domicilio (No mayor a tres meses.)                                    <\/td>\r\n                                   <td style=\"text-align: center\">                                     \r\n                                                                               Si\r\n                                                                               \r\n                                   <\/td>\r\n                                   <td style=\"text-align: center\">1<\/td>\r\n                                <\/tr>\r\n                                <tr>\r\n                                   <td>\r\n                                       Manifiesto bajo protesta de decir verdad firmado                                    <\/td>\r\n                                   <td style=\"text-align: center\">                                     \r\n                                                                               Si\r\n                                                                               \r\n                                   <\/td>\r\n                                   <td style=\"text-align: center\"><\/td>\r\n                                <\/tr>\r\n                                <tr>\r\n                                   <td>\r\n                                       Comprobante impreso de Cita del REPUVE                                    <\/td>\r\n                                   <td style=\"text-align: center\">                                     \r\n                                                                               Si\r\n                                                                               \r\n                                   <\/td>\r\n                                   <td style=\"text-align: center\"><\/td>\r\n                                <\/tr>\r\n                                                   <\/tbody><\/table>\r\n\r\n                       <h5 class=\"label\">Datos o documentos que deben anexarse<\/h5>\r\n                       <p>Solo las copias mencionadas en los requisitos.<\/p>\r\n                       <br>\r\n                   \r\n                   <\/div>\r\n               <\/div>\r\n\r\n               <div class=\"panel \">\r\n                   <div class=\"panel-heading\">\r\n                       COSTO Y FORMA DE PAGO\r\n                   <\/div>\r\n                   <div class=\"panel-body\">\r\n                   <!--\r\n                       <h5 class=\"label\">\u00bfEl tramite\/servicio tiene costo?<\/h5>\r\n                       <p>Si<\/p>\r\n                   -->\r\n\r\n\r\n                       <h5 class=\"label\">Monto a Pagar<\/h5>\r\n                       <p>Comprobante de pago $2,500.00 (formulario m\u00faltiple de pago SAT)<br>\r\n<\/p>\r\n                       \r\n\r\n                       \r\n                      \r\n\r\n\r\n                       <h5 class=\"label\">Donde se puede realizar el pago<\/h5>\r\n                       <!-- Kiosko, oficinas recaudatorias, en linea, otros. -->\r\n                       \r\n                                               <ul>\r\n                                                           \r\n                               <li>\r\n\r\n                                   <a href=\"\/oficinas-recaudadoras\/\" target=\"_blank\">Oficinas Recaudadoras <i class=\"glyphicon glyphicon-new-window btn-xs\"><\/i><\/a> \r\n\r\n\r\n                               <\/li>\r\n\r\n                                                   <\/ul>\r\n                                         \r\n\r\n                   <\/div>\r\n               <\/div> <!-- end: .panel -->\r\n\r\n               <div class=\"panel\">\r\n                   <div class=\"panel-heading\">\r\n                       DEPENDENCIA Y UNIDAD ADMINISTRATIVA\r\n                   <\/div>\r\n                   <div class=\"panel-body\">\r\n\r\n                       \r\n\r\n                            \r\n                       <br>\r\n                       <h5 class=\"label\">Datos del Funcionario Responsable<\/h5>\r\n                        \r\n                       <p>\r\n                        Directora del Registro P\u00fablico Vehicular: Lita Marisla Arango Garc\u00eda.\r\n\r\n                        <br>                         Tel\u00e9fono: (612) 175 04 00 extensi\u00f3n 1057 \/  800 737 88 33\r\n\r\n                        <br>                         Carretera Transpeninsular Km.17 y acceso a la colonia Calafia, CP: 23054, La Paz B.C.S. <br>                       \r\n\r\n                        <br>                         \r\n\r\n                    <\/p>\r\n                   \r\n                   <\/div>\r\n               <\/div>\r\n           \r\n           <\/div>\r\n           <div class=\"col-sm-4\">\r\n               \r\n              \r\n               <br><br>\r\n\r\n                                    <a href=\"https:\/\/pccem.mat.sat.gob.mx\/\/PTSC\/cet\/FmpceContr\/faces\/resources\/pages\/pagos\/formularioMultiplePago.jsf\" class=\"btn btn-primary\" target=\"_blank\"><i class=\"fa fa-desktop\"><\/i>&nbsp;&nbsp;Generar Linea de Captura<\/a>\r\n               \r\n\r\n               <hr>\r\n               \r\n               <div class=\"hidden-print\">\r\n                <section id=\"block-2\" class=\"widget single_widget widget_block widget_search\"><form role=\"search\" method=\"get\" action=\"https:\/\/condescending-faraday.74-208-53-44.plesk.page\/sspdemo\/\" class=\"wp-block-search__button-outside wp-block-search__text-button wp-block-search\"><label for=\"wp-block-search__input-1\" class=\"wp-block-search__label screen-reader-text\">Buscar<\/label><div class=\"wp-block-search__inside-wrapper \" style=\"width: 666px\"><input type=\"search\" id=\"wp-block-search__input-1\" class=\"wp-block-search__input\" name=\"s\" value=\"\" placeholder=\"Buscador...\" required=\"\" spellcheck=\"false\" data-ms-editor=\"true\"><button type=\"submit\" class=\"wp-block-search__button has-text-color has-white-color has-background has-vivid-red-background-color wp-element-button\">Buscar<\/button><\/div><\/form><\/section>\r\n\r\n                <section id=\"fbw_id-4\" class=\"widget single_widget widget_fbw_id\"><h4 class=\"blog_sidebar_title\">Facebook SSPBCS<\/h4><div class=\"fb_loader\" style=\"text-align: center !important; display: none;\"><img decoding=\"async\" src=\"https:\/\/condescending-faraday.74-208-53-44.plesk.page\/sspdemo\/wp-content\/plugins\/facebook-pagelike-widget\/loader.gif\" alt=\"Facebook Pagelike Widget\"><\/div><div id=\"fb-root\" class=\" fb_reset\"><div style=\"position: absolute; top: -10000px; width: 0px; height: 0px;\"><div><\/div><\/div><\/div>\r\n                    <div class=\"fb-page fb_iframe_widget\" data-href=\"https:\/\/www.facebook.com\/seguridadpublicabcs \" data-width=\"300\" data-height=\"600\" data-small-header=\"false\" data-adapt-container-width=\"true\" data-hide-cover=\"false\" data-show-facepile=\"true\" style=\"\" hide_cta=\"false\" data-tabs=\"timeline\" data-lazy=\"false\" fb-xfbml-state=\"rendered\" fb-iframe-plugin-query=\"adapt_container_width=true&amp;app_id=503595753002055&amp;container_width=288&amp;height=600&amp;hide_cover=false&amp;hide_cta=false&amp;href=https%3A%2F%2Fwww.facebook.com%2Fseguridadpublicabcs&amp;lazy=false&amp;locale=es_LA&amp;sdk=joey&amp;show_facepile=true&amp;small_header=false&amp;tabs=timeline&amp;width=300\"><span style=\"vertical-align: bottom; width: 288px; height: 600px;\"><iframe loading=\"lazy\" name=\"f1a70d6c9797ce8\" width=\"300px\" height=\"600px\" data-testid=\"fb:page Facebook Social Plugin\" title=\"fb:page Facebook Social Plugin\" frameborder=\"0\" allowtransparency=\"true\" allowfullscreen=\"true\" scrolling=\"no\" allow=\"encrypted-media\" src=\"https:\/\/www.facebook.com\/v2.5\/plugins\/page.php?adapt_container_width=true&amp;app_id=503595753002055&amp;channel=https%3A%2F%2Fstaticxx.facebook.com%2Fx%2Fconnect%2Fxd_arbiter%2F%3Fversion%3D46%23cb%3Df144e556a22b7c8%26domain%3Dcondescending-faraday.74-208-53-44.plesk.page%26is_canvas%3Dfalse%26origin%3Dhttps%253A%252F%252Fcondescending-faraday.74-208-53-44.plesk.page%252Ff2a8222b50c807c%26relation%3Dparent.parent&amp;container_width=288&amp;height=600&amp;hide_cover=false&amp;hide_cta=false&amp;href=https%3A%2F%2Fwww.facebook.com%2Fseguridadpublicabcs&amp;lazy=false&amp;locale=es_LA&amp;sdk=joey&amp;show_facepile=true&amp;small_header=false&amp;tabs=timeline&amp;width=300\" style=\"border: none; visibility: visible; width: 288px; height: 600px;\" class=\"\"><\/iframe><\/span><\/div><\/section>\r\n                \r\n\r\n                <script src=\"https:\/\/apps.elfsight.com\/p\/platform.js\" defer><\/script>\r\n                <div class=\"elfsight-app-5287f8d8-c727-4912-bb23-007ada9ad357\"><\/div>\r\n               <\/div>\r\n\r\n\r\n\r\n           <\/div>\r\n       <\/div>\r\n\r\n   <\/div>\r\n<\/div><\/div><\/div><\/div><\/div><\/div><\/section>\n","protected":false},"excerpt":{"rendered":"","protected":false},"author":4,"featured_media":0,"parent":0,"menu_order":0,"comment_status":"closed","ping_status":"closed","template":"kc-template.php","meta":{"footnotes":""},"class_list":["post-455","page","type-page","status-publish","hentry"],"_links":{"self":[{"href":"https:\/\/sspbcs.gob.mx\/ssp\/wp-json\/wp\/v2\/pages\/455","targetHints":{"allow":["GET"]}}],"collection":[{"href":"https:\/\/sspbcs.gob.mx\/ssp\/wp-json\/wp\/v2\/pages"}],"about":[{"href":"https:\/\/sspbcs.gob.mx\/ssp\/wp-json\/wp\/v2\/types\/page"}],"author":[{"embeddable":true,"href":"https:\/\/sspbcs.gob.mx\/ssp\/wp-json\/wp\/v2\/users\/4"}],"replies":[{"embeddable":true,"href":"https:\/\/sspbcs.gob.mx\/ssp\/wp-json\/wp\/v2\/comments?post=455"}],"version-history":[{"count":58,"href":"https:\/\/sspbcs.gob.mx\/ssp\/wp-json\/wp\/v2\/pages\/455\/revisions"}],"predecessor-version":[{"id":628,"href":"https:\/\/sspbcs.gob.mx\/ssp\/wp-json\/wp\/v2\/pages\/455\/revisions\/628"}],"wp:attachment":[{"href":"https:\/\/sspbcs.gob.mx\/ssp\/wp-json\/wp\/v2\/media?parent=455"}],"curies":[{"name":"wp","href":"https:\/\/api.w.org\/{rel}","templated":true}]}}