{"id":671,"date":"2023-04-11T19:04:53","date_gmt":"2023-04-11T19:04:53","guid":{"rendered":"https:\/\/sspbcs.gob.mx\/ssp\/?page_id=671"},"modified":"2023-07-03T21:21:47","modified_gmt":"2023-07-03T21:21:47","slug":"direccion-de-tecnologias","status":"publish","type":"page","link":"https:\/\/sspbcs.gob.mx\/ssp\/direccion-de-tecnologias\/","title":{"rendered":"Direcci\u00f3n de Tecnolog\u00edas"},"content":{"rendered":"<section class=\"kc-elm kc-css-258023 kc_row\"><div class=\"kc-row-container  kc-container\"><div class=\"kc-wrap-columns\"><div class=\"kc-elm kc-css-121600 kc_col-sm-12 kc_column kc_col-sm-12\"><div class=\"kc-col-container\"><div class=\"kc-elm kc-css-463395 kc-raw-code\"><br>\r\n<br>\r\n<br>\r\n<div class=\"wrap\" role=\"document\">\r\n<style>\r\n       header.page-header .breadcrumb {\r\n           margin-bottom:  24px;\r\n       }\r\n\r\n       header.page-header .breadcrumb > li + li:before {\r\n           content: \">\";\r\n       }\r\n\r\n       header.page-header a {\r\n           color: #88CFC9 ;\r\n       }\r\n\r\n       header.page-header.with-bg {\r\n           background-color:#9f2241;\r\n           color: #fff;\r\n           margin: 0 0 40px;\r\n           padding: 30px 0;\r\n       }\r\n\r\n       header.page-header.with-bg .breadcrumb {\r\n           background-color: transparent;\r\n           padding: 0;\r\n           margin-bottom: 10px;\r\n       }\r\n\r\n       header.page-header.with-bg h1 {\r\n           color: #fff;\r\n\r\n       }\r\n\r\n\r\n       .panel .panel-heading {\r\n           color: #005da3;\r\n           letter-spacing: 1px;\r\n           border-bottom: 1px solid #eee;\r\n           background-color: #fff;\r\n           font-weight: bold;\r\n       }\r\n\r\n       .panel .panel-body h5.label {\r\n           color: #666;\r\n           padding: 0;\r\n           letter-spacing:0.5px;\r\n           font-size: 90%;\r\n       }\r\n\r\n.btn-primary{\r\n background-color:#9f2241 !important;\r\n}\r\n.btn-primary:hover {\r\n   color: #ffff;\r\n   background-color: #9f2241 !important;\r\n   border-color: #8ad3d3 !important\r\n}\r\n\r\n   <\/style>\r\n\r\n<br>\r\n<br>\r\n<br>\r\n<br>\r\n   <header class=\"page-header with-bg\">\r\n       <div class=\"container\">\r\n       <h1>DIRECCI\u00d3N DE TECNOLOG\u00cdAS<\/h1>\r\n       <\/div>\r\n   <\/header>\r\n\r\n   <div class=\"container page-content-wrapper\">\r\n       <div class=\"row\">\r\n           <div class=\"col-sm-8\">\r\n            <div class=\"panel \">\r\n                <div class=\"panel-heading\">\r\n                    MISI\u00d3N\r\n                <\/div>\r\n                <div class=\"panel-body\">\r\n                    <p>Consolidar a la Secretar\u00eda de Seguridad p\u00fablica en el modelo de desarrollo y aplicaci\u00f3n de herramientas de tecnolog\u00eda inform\u00e1tica de vanguardia; eficiente, profesional y en permanente evoluci\u00f3n, siendo capaz de resolver cualquier duda o problema en materia tecnol\u00f3gica.                    <\/p>\r\n                    <br>\r\n                    <br>\r\n                <\/div>\r\n                <div class=\"panel-heading\">\r\n                    VISI\u00d3N\r\n                <\/div>\r\n                <div class=\"panel-body\">\r\n                    <p>Ser el soporte y apoyo tecnol\u00f3gico de la Secretar\u00eda de Seguridad P\u00fablica suministrando soluciones tecnol\u00f3gicas innovadoras para asegurar su \u00f3ptimo desempe\u00f1o.       <\/p>\r\n                    <br>\r\n                    <br>\r\n                <\/div>\r\n                <div class=\"panel-heading\">\r\n                    OBJETIVO\r\n                <\/div>\r\n                <div class=\"panel-body\">\r\n                    <p>Asegurar el desarrollo, implementaci\u00f3n, soporte y administraci\u00f3n de sistemas inform\u00e1ticos que integren tecnolog\u00edas de hardware, software y telecomunicaciones dentro del marco de la din\u00e1mica moderna de seguridad p\u00fablica, atendiendo a criterios \u00e9ticos y responsabilidad social, propiciando el desarrollo integral de la instituci\u00f3n.                    <\/p>\r\n                    <br>\r\n                    <br>\r\n                <\/div>\r\n                <div class=\"panel-heading\">\r\n                    FUNCIONES\r\n                <\/div>\r\n                <div class=\"panel-body\">\r\n                    <P>- Participar en el programa institucional de desarrollo inform\u00e1tico, telecomunicaciones v desarrollo tecnol\u00f3gico general de la Secretaria de Seguridad P\u00fablica.<\/P>\r\n                    <P>- Proponer pol\u00edticas, normas y lineamientos administrativos de utilizaci\u00f3n de los equipos de c\u00f3mputo, as\u00ed como fomentar la optimizaci\u00f3n en el desarrollo y explotaci\u00f3n de tecnolog\u00edas de informaci\u00f3n.<\/P>\r\n                    <P>- Coordinar la automatizaci\u00f3n de los procesos administrativos de las unidades administrativas de la Secretaria de Seguridad P\u00fablica, para llevar la eficiencia de los recursos humanos, materiales, presupuestarios Y tecnol\u00f3gicos.<\/P>\r\n                    <P>- Participar en los procedimientos de compra, arrendamiento de bienes o contrataci\u00f3n de servicios inform\u00e1ticos, de telecomunicaciones y de equipos especializados, emitiendo opiniones t\u00e9cnicas para asegurar al Estado, la Secretaria y a Ia Secretar\u00eda de Seguridad P\u00fablica las mejores condiciones.<\/P>\r\n                    <P>- Planear,  establecer, coordinar y supervisar los servicios de mantenimiento preventivo y correctivo de los equipos de telecomunicaciones y dem\u00e1s equipos o dispositivos especializados de que dispongan las unidades administrativas y los \u00f3rganos administrativos desconcentrados a cargo de la Secretar\u00eda de Seguridad P\u00fablica.<\/P>\r\n                    <P>- Vigilar el cumplimiento de los t\u00e9rminos, plazos y condiciones pactados en los contratos de adquisici\u00f3n, arrendamiento de bienes de inform\u00e1tica, telecomunicaciones o equipos especializados o prestaci\u00f3n de servicios relacionados con ellos, as\u00ed como que las garant\u00edas otorgadas por los proveedores se ajusten a la normativa aplicable y, en su caso, sean cobradas en forma oportuna e integral.<\/P>\r\n                    <P>- Controlar, resguardar y supervisar la vigencia de las licencias de paquetes de programaci\u00f3n para las computadoras de la Secretar\u00eda de Seguridad P\u00fablica, as\u00ed como definir  los criterios para la descripci\u00f3n de bienes en el inventario general de activos tecnol\u00f3gicos.<\/P>\r\n                    <P>- Las dem\u00e1s que le asigne el Secretario de Seguridad P\u00fablica, en ejercicio de sus atribuciones.<\/P>\r\n                    <br>\r\n                    <br>\r\n                <\/div>\r\n                \r\n            <\/div> <!-- end: .panel -->\r\n           <\/div>\r\n        <div class=\"col-sm-4\">\r\n        <br><br>\r\n                <!-- <a href=\"https:\/\/sspbcs.gob.mx\/ssp\/images\/Modulos\/Hipervinculos\/REPUVE.pdf\" class=\"btn btn-primary\" target=\"_blank\"><i class=\"fa fa-desktop\"><\/i>&nbsp;&nbsp;PONLE EL CHIP A TU CARRO<\/a><hr> -->\r\n               <div class=\"hidden-print\">\r\n                <section id=\"block-2\" class=\"widget single_widget widget_block widget_search\"><form role=\"search\" method=\"get\" action=\"https:\/\/sspbcs.gob.mx\/ssp\/\" class=\"wp-block-search__button-outside wp-block-search__text-button wp-block-search\"><label for=\"wp-block-search__input-1\" class=\"wp-block-search__label screen-reader-text\">Buscar<\/label><div class=\"wp-block-search__inside-wrapper \" style=\"width: 666px\"><input type=\"search\" id=\"wp-block-search__input-1\" class=\"wp-block-search__input\" name=\"s\" value=\"\" placeholder=\"Buscador...\" required=\"\" spellcheck=\"false\" data-ms-editor=\"true\"><button type=\"submit\" class=\"wp-block-search__button has-text-color has-white-color has-background has-vivid-red-background-color wp-element-button\">Buscar<\/button><\/div><\/form><\/section>\r\n\r\n                <section id=\"fbw_id-4\" class=\"widget single_widget widget_fbw_id\"><h4 class=\"blog_sidebar_title\">Facebook SSPBCS<\/h4><div class=\"fb_loader\" style=\"text-align: center !important; display: none;\"><img decoding=\"async\" src=\"https:\/\/sspbcs.gob.mx\/ssp\/wp-content\/plugins\/facebook-pagelike-widget\/loader.gif\" alt=\"Facebook Pagelike Widget\"><\/div><div id=\"fb-root\" class=\" fb_reset\"><div style=\"position: absolute; top: -10000px; width: 0px; height: 0px;\"><div><\/div><\/div><\/div>\r\n                    <div class=\"fb-page fb_iframe_widget\" data-href=\"https:\/\/www.facebook.com\/seguridadpublicabcs \" data-width=\"300\" data-height=\"600\" data-small-header=\"false\" data-adapt-container-width=\"true\" data-hide-cover=\"false\" data-show-facepile=\"true\" style=\"\" hide_cta=\"false\" data-tabs=\"timeline\" data-lazy=\"false\" fb-xfbml-state=\"rendered\" fb-iframe-plugin-query=\"adapt_container_width=true&amp;app_id=503595753002055&amp;container_width=288&amp;height=600&amp;hide_cover=false&amp;hide_cta=false&amp;href=https%3A%2F%2Fwww.facebook.com%2Fseguridadpublicabcs&amp;lazy=false&amp;locale=es_LA&amp;sdk=joey&amp;show_facepile=true&amp;small_header=false&amp;tabs=timeline&amp;width=300\"><span style=\"vertical-align: bottom; width: 288px; height: 600px;\"><iframe loading=\"lazy\" name=\"f1a70d6c9797ce8\" width=\"300px\" height=\"600px\" data-testid=\"fb:page Facebook Social Plugin\" title=\"fb:page Facebook Social Plugin\" frameborder=\"0\" allowtransparency=\"true\" allowfullscreen=\"true\" scrolling=\"no\" allow=\"encrypted-media\" src=\"https:\/\/www.facebook.com\/v2.5\/plugins\/page.php?adapt_container_width=true&amp;app_id=503595753002055&amp;channel=https%3A%2F%2Fstaticxx.facebook.com%2Fx%2Fconnect%2Fxd_arbiter%2F%3Fversion%3D46%23cb%3Df144e556a22b7c8%26domain%3Dcondescending-faraday.74-208-53-44.plesk.page%26is_canvas%3Dfalse%26origin%3Dhttps%253A%252F%252Fcondescending-faraday.74-208-53-44.plesk.page%252Ff2a8222b50c807c%26relation%3Dparent.parent&amp;container_width=288&amp;height=600&amp;hide_cover=false&amp;hide_cta=false&amp;href=https%3A%2F%2Fwww.facebook.com%2Fseguridadpublicabcs&amp;lazy=false&amp;locale=es_LA&amp;sdk=joey&amp;show_facepile=true&amp;small_header=false&amp;tabs=timeline&amp;width=300\" style=\"border: none; visibility: visible; width: 288px; height: 600px;\" class=\"\"><\/iframe><\/span><\/div><\/section>\r\n                \r\n\r\n                \r\n               <\/div>\r\n            <\/div>\r\n       <\/div>\r\n\r\n   <\/div>\r\n<\/div><\/div><\/div><\/div><\/div><\/div><\/section>\n","protected":false},"excerpt":{"rendered":"","protected":false},"author":4,"featured_media":0,"parent":0,"menu_order":0,"comment_status":"closed","ping_status":"closed","template":"kc-template.php","meta":{"footnotes":""},"class_list":["post-671","page","type-page","status-publish","hentry"],"_links":{"self":[{"href":"https:\/\/sspbcs.gob.mx\/ssp\/wp-json\/wp\/v2\/pages\/671","targetHints":{"allow":["GET"]}}],"collection":[{"href":"https:\/\/sspbcs.gob.mx\/ssp\/wp-json\/wp\/v2\/pages"}],"about":[{"href":"https:\/\/sspbcs.gob.mx\/ssp\/wp-json\/wp\/v2\/types\/page"}],"author":[{"embeddable":true,"href":"https:\/\/sspbcs.gob.mx\/ssp\/wp-json\/wp\/v2\/users\/4"}],"replies":[{"embeddable":true,"href":"https:\/\/sspbcs.gob.mx\/ssp\/wp-json\/wp\/v2\/comments?post=671"}],"version-history":[{"count":3,"href":"https:\/\/sspbcs.gob.mx\/ssp\/wp-json\/wp\/v2\/pages\/671\/revisions"}],"predecessor-version":[{"id":1739,"href":"https:\/\/sspbcs.gob.mx\/ssp\/wp-json\/wp\/v2\/pages\/671\/revisions\/1739"}],"wp:attachment":[{"href":"https:\/\/sspbcs.gob.mx\/ssp\/wp-json\/wp\/v2\/media?parent=671"}],"curies":[{"name":"wp","href":"https:\/\/api.w.org\/{rel}","templated":true}]}}