{"id":674,"date":"2023-04-11T19:04:53","date_gmt":"2023-04-11T19:04:53","guid":{"rendered":"https:\/\/sspbcs.gob.mx\/ssp\/?page_id=674"},"modified":"2023-05-30T21:21:13","modified_gmt":"2023-05-30T21:21:13","slug":"direccion-de-analisis-y-estadistica-2","status":"publish","type":"page","link":"https:\/\/sspbcs.gob.mx\/ssp\/direccion-de-analisis-y-estadistica-2\/","title":{"rendered":"Direcci\u00f3n de An\u00e1lisis y Estad\u00edstica"},"content":{"rendered":"<section class=\"kc-elm kc-css-95837 kc_row\"><div class=\"kc-row-container  kc-container\"><div class=\"kc-wrap-columns\"><div class=\"kc-elm kc-css-441197 kc_col-sm-12 kc_column kc_col-sm-12\"><div class=\"kc-col-container\"><div class=\"kc-elm kc-css-10813 kc-raw-code\"><br>\r\n<br>\r\n<br>\r\n<div class=\"wrap\" role=\"document\">\r\n<style>\r\n       header.page-header .breadcrumb {\r\n           margin-bottom:  24px;\r\n       }\r\n\r\n       header.page-header .breadcrumb > li + li:before {\r\n           content: \">\";\r\n       }\r\n\r\n       header.page-header a {\r\n           color: #88CFC9 ;\r\n       }\r\n\r\n       header.page-header.with-bg {\r\n           background-color:#9f2241;\r\n           color: #fff;\r\n           margin: 0 0 40px;\r\n           padding: 30px 0;\r\n       }\r\n\r\n       header.page-header.with-bg .breadcrumb {\r\n           background-color: transparent;\r\n           padding: 0;\r\n           margin-bottom: 10px;\r\n       }\r\n\r\n       header.page-header.with-bg h1 {\r\n           color: #fff;\r\n\r\n       }\r\n\r\n\r\n       .panel .panel-heading {\r\n           color: #005da3;\r\n           letter-spacing: 1px;\r\n           border-bottom: 1px solid #eee;\r\n           background-color: #fff;\r\n           font-weight: bold;\r\n       }\r\n\r\n       .panel .panel-body h5.label {\r\n           color: #666;\r\n           padding: 0;\r\n           letter-spacing:0.5px;\r\n           font-size: 90%;\r\n       }\r\n\r\n.btn-primary{\r\n background-color:#9f2241 !important;\r\n}\r\n.btn-primary:hover {\r\n   color: #ffff;\r\n   background-color: #9f2241 !important;\r\n   border-color: #8ad3d3 !important\r\n}\r\n\r\n   <\/style>\r\n\r\n<br>\r\n<br>\r\n<br>\r\n<br>\r\n   <header class=\"page-header with-bg\">\r\n       <div class=\"container\">\r\n       <h1>DIRECCI\u00d3N DE AN\u00c1LISIS Y ESTAD\u00cdSTICA<\/h1>\r\n       <\/div>\r\n   <\/header>\r\n\r\n   <div class=\"container page-content-wrapper\">\r\n       <div class=\"row\">\r\n           <div class=\"col-sm-8\">\r\n            <div class=\"panel \">\r\n                <div class=\"panel-heading\">\r\n                    MISI\u00d3N\r\n                <\/div>\r\n                <div class=\"panel-body\">\r\n                    <p>Contribuir a la mayor eficacia en el desempe\u00f1o de las corporaciones de seguridad p\u00fablica del estado a trav\u00e9s de la sistematizaci\u00f3n y actualizaci\u00f3n de la informaci\u00f3n sobre seguridad p\u00fablica, fortaleciendo la normalizaci\u00f3n, suministro y oportuna calidad de los flujos de informaci\u00f3n.<\/p>\r\n                    <br>\r\n                    <br>\r\n                <\/div>\r\n                <div class=\"panel-heading\">\r\n                    VISI\u00d3N\r\n                <\/div>\r\n                <div class=\"panel-body\">\r\n                    <p>Consolidar el suministro, sistematizaci\u00f3n y actualizaci\u00f3n de la informaci\u00f3n correspondiente a las bases de datos criminal\u00edsticas y de personal de seguridad p\u00fablica como instrumentos \u00fatiles para la operaci\u00f3n y desempe\u00f1o policial en el Estado.               <\/p>\r\n                    <br>\r\n                    <br>\r\n                <\/div>\r\n                <div class=\"panel-heading\">\r\n                    DESCRIPCI\u00d3N\r\n                <\/div>\r\n                <div class=\"panel-body\">\r\n                    <p>El \u00c1rea de Enlace Inform\u00e1tico, realiza actividades para el fortalecimiento de la coordinaci\u00f3n entre dependencias Estatales y Municipales, en materia de suministro, sistematizaci\u00f3n y actualizaci\u00f3n de la informaci\u00f3n correspondiente a las bases de datos criminal\u00edsticas y de personal del programa del Sistema Nacional de Informaci\u00f3n Sobre Seguridad P\u00fablica, perteneciente a la estrategia Nacional denominada Plataforma M\u00e9xico.<\/p>\r\n                    <P>1. Registro Estatal de Personal de seguridad P\u00fablica.<\/P>\r\n                    <P>2. Informe Policial Homologado.<\/P>\r\n                    <P>3. Registro de mandamiento Judiciales.<\/P>\r\n                    <P>4. Licencias de conducir.<\/P>\r\n                    <P>5. Registro Estatal de Armamento.<\/P>\r\n                    <P>6. Registro Estatal de Informaci\u00f3n Penitenciaria.<\/P>\r\n                    <P>7. Registro Estatal de Huellas dactilares.<\/P>\r\n                    <br>\r\n                    <br>\r\n                <\/div>\r\n                <div class=\"panel-heading\">\r\n                    OBJETIVOS\r\n                <\/div>\r\n                <div class=\"panel-body\">\r\n                    <p>Garantizar el suministro, intercambio y consulta permanente de la informaci\u00f3n a las Bases de Datos Criminal\u00edsticas y de Personal por parte de los integrantes de las instituciones de Seguridad P\u00fablica. <\/p>\r\n                    <br>\r\n                    <br>\r\n                <\/div>\r\n                <div class=\"panel-heading\">\r\n                    METAS\r\n                <\/div>\r\n                <div class=\"panel-body\">\r\n                    <p>a).- Asegurar que se cuente con la informaci\u00f3n completa y actualizada en el Registro Nacional de Personal de Seguridad P\u00fablica (RNPSP) correspondiente a todo el personal de las dependencias o instancias estatales y corporaciones municipales obligadas, de conformidad con la Ley General del Sistema Nacional de Seguridad P\u00fablica.\r\n                     <BR>\r\n                        b).- Alcanzar una confiabilidad en la informaci\u00f3n de todos los elementos en activo de las corporaciones en el Registro Nacional de Personal de Seguridad P\u00fablica (RNPSP) de al menos 95% (noventa y cinco por ciento), con respecto a la informaci\u00f3n en n\u00f3mina; cumplir con el registro en tiempo y forma de cada movimiento de personal (altas y bajas) en esta Base de Datos Nacional.\r\n                    <\/BR>\r\n                        c).- Suministrar permanentemente los Informes Policiales Homologados (IPHs) por parte de todas las instancias estatales y municipales obligadas, de conformidad con la Ley General del Sistema Nacional de Seguridad Publica y los lineamientos del Informe Policial Homologado.\r\n                    <\/BR>\r\n                        d).- Asegurar que cada detecci\u00f3n sea registrada de manera inmediata a trav\u00e9s del Informe Policial Homologado (IPH) por parte de la instancia estatal o municipal correspondiente y sea suministrado a la Base de Datos Nacional.\r\n                    <\/BR>\r\n                        e).- Cumplir con el suministro de la informaci\u00f3n, en tiempo y forma, en las bases de datos nacionales que se\u00f1ala la Ley General del Sistema Nacional de Seguridad Publica, como son, de forma enunciativa, el Registro Nacional de Informaci\u00f3n Penitenciaria, Mandamientos Judiciales, Veh\u00edculos Robados y Recuperados, entre otras.\r\n                    <\/BR>\r\n                        f).- Enviar oportunamente a \u201cEL SECRETARIADO\u201d, a trav\u00e9s del Centro Nacional de Informaci\u00f3n, la informaci\u00f3n mensual de incidencia delictiva general y especifica (a nivel estatal y desagregada a nivel municipal) en los plazos, especificaciones y a trav\u00e9s de los medios electr\u00f3nicos definidos.<\/p>\r\n                    <br>\r\n                    <br>\r\n                <\/div>\r\n                <div class=\"panel-heading\">\r\n                    CONTACTO\r\n                <\/div>\r\n                <div class=\"panel-body\">\r\n                    <P><b>Titular:<\/b> Jes\u00fas Belizario Ruiz Murillo.<\/P>\r\n                    <P><b>T\u00e9lefono:<\/b> (612) 175 04 00 extensi\u00f3n 1009.<\/P>\r\n                    <P><b>Correo:<\/b> belizario.ruiz@sspbcs.gob.mx<\/P>\r\n                    <P><b>Direcci\u00f3n:<\/b> Carretera Transpeninsular al Sur k.m. 17.5  y acceso colonia Calafia, c.p. 23054, La Paz, B.C.S.<\/P>\r\n                    <br>\r\n                    <br>\r\n                <\/div>\r\n                \r\n            <\/div> <!-- end: .panel -->\r\n           <\/div>\r\n        <div class=\"col-sm-4\">\r\n        <br><br>\r\n                <!-- <a href=\"https:\/\/sspbcs.gob.mx\/ssp\/images\/Modulos\/Hipervinculos\/REPUVE.pdf\" class=\"btn btn-primary\" target=\"_blank\"><i class=\"fa fa-desktop\"><\/i>&nbsp;&nbsp;PONLE EL CHIP A TU CARRO<\/a><hr> -->\r\n               <div class=\"hidden-print\">\r\n                <section id=\"block-2\" class=\"widget single_widget widget_block widget_search\"><form role=\"search\" method=\"get\" action=\"https:\/\/condescending-faraday.74-208-53-44.plesk.page\/sspdemo\/\" class=\"wp-block-search__button-outside wp-block-search__text-button wp-block-search\"><label for=\"wp-block-search__input-1\" class=\"wp-block-search__label screen-reader-text\">Buscar<\/label><div class=\"wp-block-search__inside-wrapper \" style=\"width: 666px\"><input type=\"search\" id=\"wp-block-search__input-1\" class=\"wp-block-search__input\" name=\"s\" value=\"\" placeholder=\"Buscador...\" required=\"\" spellcheck=\"false\" data-ms-editor=\"true\"><button type=\"submit\" class=\"wp-block-search__button has-text-color has-white-color has-background has-vivid-red-background-color wp-element-button\">Buscar<\/button><\/div><\/form><\/section>\r\n\r\n                <section id=\"fbw_id-4\" class=\"widget single_widget widget_fbw_id\"><h4 class=\"blog_sidebar_title\">Facebook SSPBCS<\/h4><div class=\"fb_loader\" style=\"text-align: center !important; display: none;\"><img decoding=\"async\" src=\"https:\/\/condescending-faraday.74-208-53-44.plesk.page\/sspdemo\/wp-content\/plugins\/facebook-pagelike-widget\/loader.gif\" alt=\"Facebook Pagelike Widget\"><\/div><div id=\"fb-root\" class=\" fb_reset\"><div style=\"position: absolute; top: -10000px; width: 0px; height: 0px;\"><div><\/div><\/div><\/div>\r\n                    <div class=\"fb-page fb_iframe_widget\" data-href=\"https:\/\/www.facebook.com\/seguridadpublicabcs \" data-width=\"300\" data-height=\"600\" data-small-header=\"false\" data-adapt-container-width=\"true\" data-hide-cover=\"false\" data-show-facepile=\"true\" style=\"\" hide_cta=\"false\" data-tabs=\"timeline\" data-lazy=\"false\" fb-xfbml-state=\"rendered\" fb-iframe-plugin-query=\"adapt_container_width=true&amp;app_id=503595753002055&amp;container_width=288&amp;height=600&amp;hide_cover=false&amp;hide_cta=false&amp;href=https%3A%2F%2Fwww.facebook.com%2Fseguridadpublicabcs&amp;lazy=false&amp;locale=es_LA&amp;sdk=joey&amp;show_facepile=true&amp;small_header=false&amp;tabs=timeline&amp;width=300\"><span style=\"vertical-align: bottom; width: 288px; height: 600px;\"><iframe loading=\"lazy\" name=\"f1a70d6c9797ce8\" width=\"300px\" height=\"600px\" data-testid=\"fb:page Facebook Social Plugin\" title=\"fb:page Facebook Social Plugin\" frameborder=\"0\" allowtransparency=\"true\" allowfullscreen=\"true\" scrolling=\"no\" allow=\"encrypted-media\" src=\"https:\/\/www.facebook.com\/v2.5\/plugins\/page.php?adapt_container_width=true&amp;app_id=503595753002055&amp;channel=https%3A%2F%2Fstaticxx.facebook.com%2Fx%2Fconnect%2Fxd_arbiter%2F%3Fversion%3D46%23cb%3Df144e556a22b7c8%26domain%3Dcondescending-faraday.74-208-53-44.plesk.page%26is_canvas%3Dfalse%26origin%3Dhttps%253A%252F%252Fcondescending-faraday.74-208-53-44.plesk.page%252Ff2a8222b50c807c%26relation%3Dparent.parent&amp;container_width=288&amp;height=600&amp;hide_cover=false&amp;hide_cta=false&amp;href=https%3A%2F%2Fwww.facebook.com%2Fseguridadpublicabcs&amp;lazy=false&amp;locale=es_LA&amp;sdk=joey&amp;show_facepile=true&amp;small_header=false&amp;tabs=timeline&amp;width=300\" style=\"border: none; visibility: visible; width: 288px; height: 600px;\" class=\"\"><\/iframe><\/span><\/div><\/section>\r\n                \r\n\r\n                \r\n               <\/div>\r\n            <\/div>\r\n       <\/div>\r\n\r\n   <\/div>\r\n<\/div><\/div><\/div><\/div><\/div><\/div><\/section>\n","protected":false},"excerpt":{"rendered":"","protected":false},"author":4,"featured_media":0,"parent":0,"menu_order":0,"comment_status":"closed","ping_status":"closed","template":"kc-template.php","meta":{"footnotes":""},"class_list":["post-674","page","type-page","status-publish","hentry"],"_links":{"self":[{"href":"https:\/\/sspbcs.gob.mx\/ssp\/wp-json\/wp\/v2\/pages\/674","targetHints":{"allow":["GET"]}}],"collection":[{"href":"https:\/\/sspbcs.gob.mx\/ssp\/wp-json\/wp\/v2\/pages"}],"about":[{"href":"https:\/\/sspbcs.gob.mx\/ssp\/wp-json\/wp\/v2\/types\/page"}],"author":[{"embeddable":true,"href":"https:\/\/sspbcs.gob.mx\/ssp\/wp-json\/wp\/v2\/users\/4"}],"replies":[{"embeddable":true,"href":"https:\/\/sspbcs.gob.mx\/ssp\/wp-json\/wp\/v2\/comments?post=674"}],"version-history":[{"count":4,"href":"https:\/\/sspbcs.gob.mx\/ssp\/wp-json\/wp\/v2\/pages\/674\/revisions"}],"predecessor-version":[{"id":920,"href":"https:\/\/sspbcs.gob.mx\/ssp\/wp-json\/wp\/v2\/pages\/674\/revisions\/920"}],"wp:attachment":[{"href":"https:\/\/sspbcs.gob.mx\/ssp\/wp-json\/wp\/v2\/media?parent=674"}],"curies":[{"name":"wp","href":"https:\/\/api.w.org\/{rel}","templated":true}]}}