{"id":681,"date":"2023-04-11T19:04:53","date_gmt":"2023-04-11T19:04:53","guid":{"rendered":"https:\/\/sspbcs.gob.mx\/ssp\/?page_id=681"},"modified":"2023-06-23T20:48:51","modified_gmt":"2023-06-23T20:48:51","slug":"direccion-de-servicios-previos-al-juicio-y-supervision-de-libertad-condicional","status":"publish","type":"page","link":"https:\/\/sspbcs.gob.mx\/ssp\/direccion-de-servicios-previos-al-juicio-y-supervision-de-libertad-condicional\/","title":{"rendered":"Direcci\u00f3n de Servicios Previos al Juicio y Supervisi\u00f3n de Libertad Condicional"},"content":{"rendered":"<section class=\"kc-elm kc-css-469067 kc_row\"><div class=\"kc-row-container  kc-container\"><div class=\"kc-wrap-columns\"><div class=\"kc-elm kc-css-958799 kc_col-sm-12 kc_column kc_col-sm-12\"><div class=\"kc-col-container\"><div class=\"kc-elm kc-css-620657 kc-raw-code\"><br>\r\n<br>\r\n<br>\r\n<div class=\"wrap\" role=\"document\">\r\n<style>\r\n       header.page-header .breadcrumb {\r\n           margin-bottom:  24px;\r\n       }\r\n\r\n       header.page-header .breadcrumb > li + li:before {\r\n           content: \">\";\r\n       }\r\n\r\n       header.page-header a {\r\n           color: #88CFC9 ;\r\n       }\r\n\r\n       header.page-header.with-bg {\r\n           background-color:#9f2241;\r\n           color: #fff;\r\n           margin: 0 0 40px;\r\n           padding: 30px 0;\r\n       }\r\n\r\n       header.page-header.with-bg .breadcrumb {\r\n           background-color: transparent;\r\n           padding: 0;\r\n           margin-bottom: 10px;\r\n       }\r\n\r\n       header.page-header.with-bg h1 {\r\n           color: #fff;\r\n\r\n       }\r\n\r\n\r\n       .panel .panel-heading {\r\n           color: #005da3;\r\n           letter-spacing: 1px;\r\n           border-bottom: 1px solid #eee;\r\n           background-color: #fff;\r\n           font-weight: bold;\r\n       }\r\n\r\n       .panel .panel-body h5.label {\r\n           color: #666;\r\n           padding: 0;\r\n           letter-spacing:0.5px;\r\n           font-size: 90%;\r\n       }\r\n\r\n.btn-primary{\r\n background-color:#9f2241 !important;\r\n}\r\n.btn-primary:hover {\r\n   color: #ffff;\r\n   background-color: #9f2241 !important;\r\n   border-color: #8ad3d3 !important\r\n}\r\n\r\n   <\/style>\r\n\r\n<br>\r\n<br>\r\n<br>\r\n<br>\r\n   <header class=\"page-header with-bg\">\r\n       <div class=\"container\">\r\n       <h1>DIRECCI\u00d3N DE EJECUCI\u00d3N Y SEGUIMIENTO DE MEDIDAS PARA ADOLESCENTES<\/h1>\r\n       <\/div>\r\n   <\/header>\r\n\r\n   <div class=\"container page-content-wrapper\">\r\n       <div class=\"row\">\r\n           <div class=\"col-sm-8\">\r\n            <div class=\"panel \">\r\n                <div class=\"panel-heading\">\r\n                    MISI\u00d3N, VISI\u00d3N Y OBJETIVO\r\n                <\/div>\r\n                <div class=\"panel-body\">\r\n                    <p>Ser una Instituci\u00f3n garante del pleno ejercicio de los principios y garant\u00edas, que les asisten a los adolescentes que se encuentren responsables de una conducta tipificada como delito, con profesionalismo, honestidad y eficiencia, en armon\u00eda con sus derechos fundamentales y el respeto a los derechos humanos.\r\n\r\n                        Que la justicia para los adolescentes propicie y logre una autentica reintegraci\u00f3n social y familiar, renovando cambios institucionales que coadyuven con el desarrollo integral del Estado, en un ambiente de seguridad, confianza, convivencia social, con observancia al orden jur\u00eddico y los derechos humanos.\r\n                        \r\n                        Ejecutar y dar seguimiento a las medidas impuestas a los adolescentes en conflicto con la ley penal por el \u00f3rgano judicial especializado, privilegiando el inter\u00e9s superior, el reconocimiento como sujetos de derechos la protecci\u00f3n integral, la reintegraci\u00f3n a su familia y a la sociedad, a la luz de los principios rectores de la justicia para adolescentes.\r\n                        <\/p>\r\n                    <br>\r\n                    <br>\r\n                <\/div>\r\n                <div class=\"panel-heading\">\r\n                    OBJETIVOS ESPEC\u00cdFICOS\r\n                <\/div>\r\n                <div class=\"panel-body\">\r\n                    <p>Aplicar un tratamiento individualizado a los adolescentes en conflicto con la Ley, que versar\u00e1 sobre la educaci\u00f3n y la capacitaci\u00f3n, as\u00ed como el conocimiento de los valores humanos, el respeto y la armon\u00eda social como medios de reincorporaci\u00f3n social, esto a fin de reducir la posibilidad de reincidencia y la adquisici\u00f3n de una funci\u00f3n constructiva en la sociedad.\r\n\r\n                        Garantizar la estancia digna para las y los adolescentes, con medida de sanci\u00f3n privativa de la libertad en el Centro de Internamiento Especializado para Adolescentes. \r\n                        Generar en el adolescente capacidades y competencias que permitan reducir la posibilidad de reincidencia y adquirir una funci\u00f3n constructiva en la sociedad.\r\n                        <\/p>\r\n                    <br>\r\n                    <br>\r\n                <\/div>\r\n                \r\n                \r\n                \r\n            <\/div> <!-- end: .panel -->\r\n           <\/div>\r\n        <div class=\"col-sm-4\">\r\n        <br><br>\r\n                <!-- <a href=\"https:\/\/sspbcs.gob.mx\/ssp\/images\/Modulos\/Hipervinculos\/REPUVE.pdf\" class=\"btn btn-primary\" target=\"_blank\"><i class=\"fa fa-desktop\"><\/i>&nbsp;&nbsp;PONLE EL CHIP A TU CARRO<\/a><hr> -->\r\n               <div class=\"hidden-print\">\r\n                <section id=\"block-2\" class=\"widget single_widget widget_block widget_search\"><form role=\"search\" method=\"get\" action=\"https:\/\/sspbcs.gob.mx\/ssp\/\" class=\"wp-block-search__button-outside wp-block-search__text-button wp-block-search\"><label for=\"wp-block-search__input-1\" class=\"wp-block-search__label screen-reader-text\">Buscar<\/label><div class=\"wp-block-search__inside-wrapper \" style=\"width: 666px\"><input type=\"search\" id=\"wp-block-search__input-1\" class=\"wp-block-search__input\" name=\"s\" value=\"\" placeholder=\"Buscador...\" required=\"\" spellcheck=\"false\" data-ms-editor=\"true\"><button type=\"submit\" class=\"wp-block-search__button has-text-color has-white-color has-background has-vivid-red-background-color wp-element-button\">Buscar<\/button><\/div><\/form><\/section>\r\n\r\n                <section id=\"fbw_id-4\" class=\"widget single_widget widget_fbw_id\"><h4 class=\"blog_sidebar_title\">Facebook SSPBCS<\/h4><div class=\"fb_loader\" style=\"text-align: center !important; display: none;\"><img decoding=\"async\" src=\"https:\/\/sspbcs.gob.mx\/ssp\/wp-content\/plugins\/facebook-pagelike-widget\/loader.gif\" alt=\"Facebook Pagelike Widget\"><\/div><div id=\"fb-root\" class=\" fb_reset\"><div style=\"position: absolute; top: -10000px; width: 0px; height: 0px;\"><div><\/div><\/div><\/div>\r\n                    <div class=\"fb-page fb_iframe_widget\" data-href=\"https:\/\/www.facebook.com\/seguridadpublicabcs \" data-width=\"300\" data-height=\"600\" data-small-header=\"false\" data-adapt-container-width=\"true\" data-hide-cover=\"false\" data-show-facepile=\"true\" style=\"\" hide_cta=\"false\" data-tabs=\"timeline\" data-lazy=\"false\" fb-xfbml-state=\"rendered\" fb-iframe-plugin-query=\"adapt_container_width=true&amp;app_id=503595753002055&amp;container_width=288&amp;height=600&amp;hide_cover=false&amp;hide_cta=false&amp;href=https%3A%2F%2Fwww.facebook.com%2Fseguridadpublicabcs&amp;lazy=false&amp;locale=es_LA&amp;sdk=joey&amp;show_facepile=true&amp;small_header=false&amp;tabs=timeline&amp;width=300\"><span style=\"vertical-align: bottom; width: 288px; height: 600px;\"><iframe loading=\"lazy\" name=\"f1a70d6c9797ce8\" width=\"300px\" height=\"600px\" data-testid=\"fb:page Facebook Social Plugin\" title=\"fb:page Facebook Social Plugin\" frameborder=\"0\" allowtransparency=\"true\" allowfullscreen=\"true\" scrolling=\"no\" allow=\"encrypted-media\" src=\"https:\/\/www.facebook.com\/v2.5\/plugins\/page.php?adapt_container_width=true&amp;app_id=503595753002055&amp;channel=https%3A%2F%2Fstaticxx.facebook.com%2Fx%2Fconnect%2Fxd_arbiter%2F%3Fversion%3D46%23cb%3Df144e556a22b7c8%26domain%3Dcondescending-faraday.74-208-53-44.plesk.page%26is_canvas%3Dfalse%26origin%3Dhttps%253A%252F%252Fcondescending-faraday.74-208-53-44.plesk.page%252Ff2a8222b50c807c%26relation%3Dparent.parent&amp;container_width=288&amp;height=600&amp;hide_cover=false&amp;hide_cta=false&amp;href=https%3A%2F%2Fwww.facebook.com%2Fseguridadpublicabcs&amp;lazy=false&amp;locale=es_LA&amp;sdk=joey&amp;show_facepile=true&amp;small_header=false&amp;tabs=timeline&amp;width=300\" style=\"border: none; visibility: visible; width: 288px; height: 600px;\" class=\"\"><\/iframe><\/span><\/div><\/section>\r\n                \r\n\r\n                \r\n               <\/div>\r\n            <\/div>\r\n       <\/div>\r\n\r\n   <\/div>\r\n<\/div><\/div><\/div><\/div><\/div><\/div><\/section>\n","protected":false},"excerpt":{"rendered":"","protected":false},"author":4,"featured_media":0,"parent":0,"menu_order":0,"comment_status":"closed","ping_status":"closed","template":"kc-template.php","meta":{"footnotes":""},"class_list":["post-681","page","type-page","status-publish","hentry"],"_links":{"self":[{"href":"https:\/\/sspbcs.gob.mx\/ssp\/wp-json\/wp\/v2\/pages\/681","targetHints":{"allow":["GET"]}}],"collection":[{"href":"https:\/\/sspbcs.gob.mx\/ssp\/wp-json\/wp\/v2\/pages"}],"about":[{"href":"https:\/\/sspbcs.gob.mx\/ssp\/wp-json\/wp\/v2\/types\/page"}],"author":[{"embeddable":true,"href":"https:\/\/sspbcs.gob.mx\/ssp\/wp-json\/wp\/v2\/users\/4"}],"replies":[{"embeddable":true,"href":"https:\/\/sspbcs.gob.mx\/ssp\/wp-json\/wp\/v2\/comments?post=681"}],"version-history":[{"count":4,"href":"https:\/\/sspbcs.gob.mx\/ssp\/wp-json\/wp\/v2\/pages\/681\/revisions"}],"predecessor-version":[{"id":1584,"href":"https:\/\/sspbcs.gob.mx\/ssp\/wp-json\/wp\/v2\/pages\/681\/revisions\/1584"}],"wp:attachment":[{"href":"https:\/\/sspbcs.gob.mx\/ssp\/wp-json\/wp\/v2\/media?parent=681"}],"curies":[{"name":"wp","href":"https:\/\/api.w.org\/{rel}","templated":true}]}}