{"id":682,"date":"2023-04-11T19:04:53","date_gmt":"2023-04-11T19:04:53","guid":{"rendered":"https:\/\/sspbcs.gob.mx\/ssp\/?page_id=682"},"modified":"2026-01-20T17:30:55","modified_gmt":"2026-01-20T17:30:55","slug":"academia-estatal-de-seguridad-publica-2","status":"publish","type":"page","link":"https:\/\/sspbcs.gob.mx\/ssp\/academia-estatal-de-seguridad-publica-2\/","title":{"rendered":"Academia Estatal de Seguridad P\u00fablica"},"content":{"rendered":"<section class=\"kc-elm kc-css-944636 kc_row\"><div class=\"kc-row-container  kc-container\"><div class=\"kc-wrap-columns\"><div class=\"kc-elm kc-css-191162 kc_col-sm-12 kc_column kc_col-sm-12\"><div class=\"kc-col-container\"><div class=\"kc-elm kc-css-487998 kc-raw-code\"><br>\r\n<br>\r\n<br>\r\n<div class=\"wrap\" role=\"document\">\r\n<style>\r\n       header.page-header .breadcrumb {\r\n           margin-bottom:  24px;\r\n       }\r\n\r\n       header.page-header .breadcrumb > li + li:before {\r\n           content: \">\";\r\n       }\r\n\r\n       header.page-header a {\r\n           color: #88CFC9 ;\r\n       }\r\n\r\n       header.page-header.with-bg {\r\n           background-color:#9f2241;\r\n           color: #fff;\r\n           margin: 0 0 40px;\r\n           padding: 30px 0;\r\n       }\r\n\r\n       header.page-header.with-bg .breadcrumb {\r\n           background-color: transparent;\r\n           padding: 0;\r\n           margin-bottom: 10px;\r\n       }\r\n\r\n       header.page-header.with-bg h1 {\r\n           color: #fff;\r\n\r\n       }\r\n\r\n\r\n       .panel .panel-heading {\r\n           color: #005da3;\r\n           letter-spacing: 1px;\r\n           border-bottom: 1px solid #eee;\r\n           background-color: #fff;\r\n           font-weight: bold;\r\n       }\r\n\r\n       .panel .panel-body h5.label {\r\n           color: #666;\r\n           padding: 0;\r\n           letter-spacing:0.5px;\r\n           font-size: 90%;\r\n       }\r\n\r\n.btn-primary{\r\n background-color:#9f2241 !important;\r\n}\r\n.btn-primary:hover {\r\n   color: #ffff;\r\n   background-color: #9f2241 !important;\r\n   border-color: #8ad3d3 !important\r\n}\r\n\r\n   <\/style>\r\n\r\n<br>\r\n<br>\r\n<br>\r\n<br>\r\n   <header class=\"page-header with-bg\">\r\n       <div class=\"container\">\r\n       <h1>ACADEMIA ESTATAL DE SEGURIDAD P\u00daBLICA<\/h1>\r\n       <\/div>\r\n   <\/header>\r\n\r\n   <div class=\"container page-content-wrapper\">\r\n       <div class=\"row\">\r\n           <div class=\"col-sm-8\">\r\n            <div class=\"panel \">\r\n                <div class=\"panel-heading\">\r\n                    <b>\u00bfQUI\u00c9NES SOMOS?<\/b>\r\n                <\/div>\r\n                <div class=\"panel-body\">\r\n                    <p>La Academia Estatal de Seguridad P\u00fablica, es un organismo desconcentrado de la Secretar\u00eda de Seguridad P\u00fablica concebido como la instancia capacitadora estatal de quienes aspiran a formar parte de las instituciones de seguridad p\u00fablica en el estado, as\u00ed como de aquellos que las integran activamente, garantizando con ello profesionales capaces y comprometidos con la sociedad y la con seguridad p\u00fablica del estado.<\/p>\r\n                    <br>\r\n                    <br>\r\n                <\/div>\r\n                <div class=\"panel-heading\">\r\n                    MISI\u00d3N\r\n                <\/div>\r\n                <div class=\"panel-body\">\r\n                    <P>Coadyuvar eficazmente con las unidades administrativas que conforman el Sistema de Seguridad P\u00fablica del Estado, en la formaci\u00f3n y capacitaci\u00f3n profesional del personal operativo de las mismas, garantizando la \u00e9tica policial que la sociedad requiere, desarrollando un sistema de car\u00e1cter obligatorio, permanente y actualizado, con lineamientos, pol\u00edticas y procesos de formaci\u00f3n, profesionalizaci\u00f3n, promoci\u00f3n, est\u00edmulos y r\u00e9gimen disciplinario que se requiere para los integrantes de las instituciones de seguridad p\u00fablica.<\/P>\r\n                    <br>\r\n                    <br>\r\n                <\/div>\r\n                <div class=\"panel-heading\">\r\n                    VISI\u00d3N\r\n                <\/div>\r\n                <div class=\"panel-body\">\r\n                    <P>Consolidarnos como una instituci\u00f3n competitiva  y de alto prestigio en formaci\u00f3n y capacitaci\u00f3n de seguridad p\u00fablica que permita alcanzar el reconocimiento a nivel estatal y nacional de la academia, afianz\u00e1ndonos como la mejor opci\u00f3n en los servicios de capacitaci\u00f3n, egresando profesionales de alto desempe\u00f1o y amplio sentido del servicio en el \u00e1rea de seguridad p\u00fablica con los conocimiento, habilidades y valores que permitan enaltecer la \u00e9tica policial y del servidor p\u00fablico.<\/P>\r\n                    <br>\r\n                    <br>\r\n                <\/div>\r\n                <div class=\"panel-heading\">\r\n                    CONTACTO\r\n                <\/div>\r\n                <div class=\"panel-body\">\r\n                    <P><b>Titular:<\/b> Contralmirante, Antonio Campos Navarrete.<\/P>\r\n                    <P><b>T\u00e9lefono:<\/b> (612) 175 04 00 extensi\u00f3n 1089.<\/P>\r\n                    <P><b>Correo:<\/b> academia@sspbcs.gob.mx, academia.bcs@gmail.com <\/P>\r\n                    <P><b>Direcci\u00f3n:<\/b> Carretera Transpeninsular al Sur k.m. 17.5  y acceso colonia Calafia, c.p. 23054, La Paz, B.C.S.<\/P>\r\n                    <br>\r\n                    <br>\r\n                <\/div>\r\n                \r\n            <\/div> <!-- end: .panel -->\r\n           <\/div>\r\n        <div class=\"col-sm-4\">\r\n        <br><br>\r\n                <!-- <a href=\"https:\/\/sspbcs.gob.mx\/ssp\/images\/Modulos\/Hipervinculos\/REPUVE.pdf\" class=\"btn btn-primary\" target=\"_blank\"><i class=\"fa fa-desktop\"><\/i>&nbsp;&nbsp;PONLE EL CHIP A TU CARRO<\/a><hr> -->\r\n               <div class=\"hidden-print\">\r\n                <section id=\"block-2\" class=\"widget single_widget widget_block widget_search\"><form role=\"search\" method=\"get\" action=\"https:\/\/sspbcs.gob.mx\/ssp\/\" class=\"wp-block-search__button-outside wp-block-search__text-button wp-block-search\"><label for=\"wp-block-search__input-1\" class=\"wp-block-search__label screen-reader-text\">Buscar<\/label><div class=\"wp-block-search__inside-wrapper \" style=\"width: 666px\"><input type=\"search\" id=\"wp-block-search__input-1\" class=\"wp-block-search__input\" name=\"s\" value=\"\" placeholder=\"Buscador...\" required=\"\" spellcheck=\"false\" data-ms-editor=\"true\"><button type=\"submit\" class=\"wp-block-search__button has-text-color has-white-color has-background has-vivid-red-background-color wp-element-button\">Buscar<\/button><\/div><\/form><\/section>\r\n\r\n                <section id=\"fbw_id-4\" class=\"widget single_widget widget_fbw_id\"><h4 class=\"blog_sidebar_title\">Facebook SSPBCS<\/h4><div class=\"fb_loader\" style=\"text-align: center !important; display: none;\"><img decoding=\"async\" src=\"https:\/\/sspbcs.gob.mx\/ssp\/wp-content\/plugins\/facebook-pagelike-widget\/loader.gif\" alt=\"Facebook Pagelike Widget\"><\/div><div id=\"fb-root\" class=\" fb_reset\"><div style=\"position: absolute; top: -10000px; width: 0px; height: 0px;\"><div><\/div><\/div><\/div>\r\n                    <div class=\"fb-page fb_iframe_widget\" data-href=\"https:\/\/www.facebook.com\/seguridadpublicabcs \" data-width=\"300\" data-height=\"600\" data-small-header=\"false\" data-adapt-container-width=\"true\" data-hide-cover=\"false\" data-show-facepile=\"true\" style=\"\" hide_cta=\"false\" data-tabs=\"timeline\" data-lazy=\"false\" fb-xfbml-state=\"rendered\" fb-iframe-plugin-query=\"adapt_container_width=true&amp;app_id=503595753002055&amp;container_width=288&amp;height=600&amp;hide_cover=false&amp;hide_cta=false&amp;href=https%3A%2F%2Fwww.facebook.com%2Fseguridadpublicabcs&amp;lazy=false&amp;locale=es_LA&amp;sdk=joey&amp;show_facepile=true&amp;small_header=false&amp;tabs=timeline&amp;width=300\"><span style=\"vertical-align: bottom; width: 288px; height: 600px;\"><iframe loading=\"lazy\" name=\"f1a70d6c9797ce8\" width=\"300px\" height=\"600px\" data-testid=\"fb:page Facebook Social Plugin\" title=\"fb:page Facebook Social Plugin\" frameborder=\"0\" allowtransparency=\"true\" allowfullscreen=\"true\" scrolling=\"no\" allow=\"encrypted-media\" src=\"https:\/\/www.facebook.com\/v2.5\/plugins\/page.php?adapt_container_width=true&amp;app_id=503595753002055&amp;channel=https%3A%2F%2Fstaticxx.facebook.com%2Fx%2Fconnect%2Fxd_arbiter%2F%3Fversion%3D46%23cb%3Df144e556a22b7c8%26domain%3Dcondescending-faraday.74-208-53-44.plesk.page%26is_canvas%3Dfalse%26origin%3Dhttps%253A%252F%252Fcondescending-faraday.74-208-53-44.plesk.page%252Ff2a8222b50c807c%26relation%3Dparent.parent&amp;container_width=288&amp;height=600&amp;hide_cover=false&amp;hide_cta=false&amp;href=https%3A%2F%2Fwww.facebook.com%2Fseguridadpublicabcs&amp;lazy=false&amp;locale=es_LA&amp;sdk=joey&amp;show_facepile=true&amp;small_header=false&amp;tabs=timeline&amp;width=300\" style=\"border: none; visibility: visible; width: 288px; height: 600px;\" class=\"\"><\/iframe><\/span><\/div><\/section>\r\n                \r\n\r\n                <script src=\"https:\/\/apps.elfsight.com\/p\/platform.js\" defer><\/script>\r\n                <div class=\"elfsight-app-5287f8d8-c727-4912-bb23-007ada9ad357\"><\/div>\r\n               <\/div>\r\n            <\/div>\r\n       <\/div>\r\n\r\n   <\/div>\r\n<\/div>\r\n\r\n<div class=\"container\">\r\n\r\n         \r\n<br>\r\n                <br>\r\n\r\n        <div class=\"row\">\r\n\r\n            <div class=\"col-md-4\">\r\n                <img decoding=\"async\" src=\"http:\/\/transparencia.bcs.gob.mx\/wp-content\/uploads\/2017\/12\/icono-inbox.png\" alt=\"\">\r\n                <h4 class=\"text-primary\">Informaci\u00f3n P\u00fablica Obligatoria <\/h4>\r\n                <p>Los sujetos obligados pondr\u00e1n a disposici\u00f3n del p\u00fablico y mantendr\u00e1n actualizada, en los respectivos\r\n                    medios electr\u00f3nicos, de acuerdo con sus facultades, atribuciones, funciones u objeto social, seg\u00fan corresponda la informaci\u00f3n.<\/p>\r\n                    <br>\r\n                <p>\r\n                    <a href=\"https:\/\/transparencia.bcs.gob.mx\/aesp\/informacion-publica\/articulo-75\/\" class=\"btn btn-primary\">Mostrar informaci\u00f3n<\/a>\r\n                <\/p>\r\n            <\/div>\r\n            <div class=\"col-md-4\">\r\n                <img decoding=\"async\" src=\"http:\/\/transparencia.bcs.gob.mx\/wp-content\/uploads\/2017\/12\/icono-privacidad.png\" alt=\"\">\r\n                <h4 class=\"text-primary\">Avisos de Privacidad<\/h4>\r\n                <p>Conoce el tratamiento, alcance de tu informaci\u00f3n personal proporcionada a los sujetos obligados del Gobierno del Estado de Baja California Sur.<\/p>\r\n                <br>\r\n                <p>\r\n                    <a href=\"https:\/\/transparencia.bcs.gob.mx\/aesp\/avisos-de-privacidad\/\" class=\"btn btn-primary\">Ver avisos de privacidad<\/a>\r\n                <\/p>\r\n            <\/div>\r\n            \r\n          \r\n                  \t\t\t\t\t\t\t\t\t\t\t\t\t\t\t\t\t\t\t \r\n\t\t\t    \t\t\t\t\t\t\t\t\t\t\t\t\t\t\t\t\t\t\t \r\n\t\t\t\t\t\t\t\t\t\t\t\t\t\t\t\t\t\t\t \r\n\r\n\r\n        \r\n        <br>\r\n        <hr>\r\n        <br>\r\n        \r\n\r\n <\/div>\r\n\r\n\r\n\r\n\r\n     <\/div><\/div><\/div><\/div><\/div><\/div><\/section>\n","protected":false},"excerpt":{"rendered":"","protected":false},"author":4,"featured_media":0,"parent":0,"menu_order":0,"comment_status":"closed","ping_status":"closed","template":"kc-template.php","meta":{"footnotes":""},"class_list":["post-682","page","type-page","status-publish","hentry"],"_links":{"self":[{"href":"https:\/\/sspbcs.gob.mx\/ssp\/wp-json\/wp\/v2\/pages\/682","targetHints":{"allow":["GET"]}}],"collection":[{"href":"https:\/\/sspbcs.gob.mx\/ssp\/wp-json\/wp\/v2\/pages"}],"about":[{"href":"https:\/\/sspbcs.gob.mx\/ssp\/wp-json\/wp\/v2\/types\/page"}],"author":[{"embeddable":true,"href":"https:\/\/sspbcs.gob.mx\/ssp\/wp-json\/wp\/v2\/users\/4"}],"replies":[{"embeddable":true,"href":"https:\/\/sspbcs.gob.mx\/ssp\/wp-json\/wp\/v2\/comments?post=682"}],"version-history":[{"count":10,"href":"https:\/\/sspbcs.gob.mx\/ssp\/wp-json\/wp\/v2\/pages\/682\/revisions"}],"predecessor-version":[{"id":18065,"href":"https:\/\/sspbcs.gob.mx\/ssp\/wp-json\/wp\/v2\/pages\/682\/revisions\/18065"}],"wp:attachment":[{"href":"https:\/\/sspbcs.gob.mx\/ssp\/wp-json\/wp\/v2\/media?parent=682"}],"curies":[{"name":"wp","href":"https:\/\/api.w.org\/{rel}","templated":true}]}}