{"id":683,"date":"2023-04-11T19:04:53","date_gmt":"2023-04-11T19:04:53","guid":{"rendered":"https:\/\/sspbcs.gob.mx\/ssp\/?page_id=683"},"modified":"2026-01-20T17:37:32","modified_gmt":"2026-01-20T17:37:32","slug":"centro-estatal-de-control-y-confianza","status":"publish","type":"page","link":"https:\/\/sspbcs.gob.mx\/ssp\/centro-estatal-de-control-y-confianza\/","title":{"rendered":"Centro Estatal de Control y Confianza"},"content":{"rendered":"<section class=\"kc-elm kc-css-689248 kc_row\"><div class=\"kc-row-container  kc-container\"><div class=\"kc-wrap-columns\"><div class=\"kc-elm kc-css-944435 kc_col-sm-12 kc_column kc_col-sm-12\"><div class=\"kc-col-container\"><div class=\"kc-elm kc-css-247773 kc-raw-code\"><br>\r\n<br>\r\n<br>\r\n<div class=\"wrap\" role=\"document\">\r\n<style>\r\n       header.page-header .breadcrumb {\r\n           margin-bottom:  24px;\r\n       }\r\n\r\n       header.page-header .breadcrumb > li + li:before {\r\n           content: \">\";\r\n       }\r\n\r\n       header.page-header a {\r\n           color: #88CFC9 ;\r\n       }\r\n\r\n       header.page-header.with-bg {\r\n           background-color:#9f2241;\r\n           color: #fff;\r\n           margin: 0 0 40px;\r\n           padding: 30px 0;\r\n       }\r\n\r\n       header.page-header.with-bg .breadcrumb {\r\n           background-color: transparent;\r\n           padding: 0;\r\n           margin-bottom: 10px;\r\n       }\r\n\r\n       header.page-header.with-bg h1 {\r\n           color: #fff;\r\n\r\n       }\r\n\r\n\r\n       .panel .panel-heading {\r\n           color: #005da3;\r\n           letter-spacing: 1px;\r\n           border-bottom: 1px solid #eee;\r\n           background-color: #fff;\r\n           font-weight: bold;\r\n       }\r\n\r\n       .panel .panel-body h5.label {\r\n           color: #666;\r\n           padding: 0;\r\n           letter-spacing:0.5px;\r\n           font-size: 90%;\r\n       }\r\n\r\n.btn-primary{\r\n background-color:#9f2241 !important;\r\n}\r\n.btn-primary:hover {\r\n   color: #ffff;\r\n   background-color: #9f2241 !important;\r\n   border-color: #8ad3d3 !important\r\n}\r\n\r\n   <\/style>\r\n\r\n<br>\r\n<br>\r\n<br>\r\n<br>\r\n   <header class=\"page-header with-bg\">\r\n       <div class=\"container\">\r\n       <h1>CENTRO ESTATAL DE CONTROL DE CONFIANZA (CECC)<\/h1>\r\n       <\/div>\r\n   <\/header>\r\n\r\n   <div class=\"container page-content-wrapper\">\r\n       <div class=\"row\">\r\n           <div class=\"col-sm-8\">\r\n            <div class=\"panel \">\r\n                <!-- <div class=\"panel-heading\">\r\n                    MISI\u00d3N\r\n                <\/div> -->\r\n                <div class=\"panel-body\">\r\n                    <p>El Centro Estatal de Control de Confianza, inici\u00f3 sus operaciones en enero de 2009, contando con las \u00e1reas de toxicolog\u00eda, entorno social y situaci\u00f3n patrimonial, psicolog\u00eda, poligraf\u00eda y m\u00e9dica, realizando un total de 3,661 evaluaciones, destacando 200 evaluaciones de pol\u00edgrafo, 223 evaluaciones psicol\u00f3gicas, 218 de entorno social y las evaluaciones realizadas al personal de las diferentes instancias e instituciones de seguridad p\u00fablica, tanto a aspirantes como a promociones de puestos y permanencia en los mismos. Con el objetivo de incentivar al personal de las instituciones de seguridad p\u00fablica, se ejercieron recursos por 23. 5 millones de pesos, benefici\u00e1ndose a 2,122 elementos, por concepto de percepci\u00f3n extraordinaria.<\/p>\r\n                    <br>\r\n                    <br>\r\n                <\/div>\r\n                <div class=\"panel-heading\">\r\n                    MISI\u00d3N\r\n                <\/div>\r\n                <div class=\"panel-body\">\r\n                    <p>El centro estatal de control de confianza tiene la misi\u00f3n, de regular los sistemas de control de ingreso de personal, regular los sistemas de seguimiento permanente al desempe\u00f1o, conductas y antecedentes de cada servidor. As\u00ed como el fortalecimiento de los procesos espec\u00edficos para la investigaci\u00f3n.<\/p>\r\n                    <br>\r\n                    <br>\r\n                <\/div>\r\n                <div class=\"panel-heading\">\r\n                    VISI\u00d3N\r\n                <\/div>\r\n                <div class=\"panel-body\">\r\n                    <p>El centro, es parte de un esquema amplio y ambicioso, para la profesionalizaci\u00f3n del servicio, el cual, deber\u00e1 basarse en los principios estipulados en la constituci\u00f3n pol\u00edtica de los estados unidos mexicanos, as\u00ed como en los propios valores, comprendidos en las leyes, normas, reglamentos, c\u00f3digos y perfiles del puesto. tituci\u00f3n. el centro, tiene como punto de partida ver el proceso mediante el cual opera el sistema de reclutamiento y selecci\u00f3n \u00e1gil y confiable que permita la incorporaci\u00f3n de aquellos candidatos que resulten m\u00e1s apegados y capaces con los principios marcados en la propia instituci\u00f3n, con lo cual, se pretende fortalecer los niveles de profesionalizaci\u00f3n y confiabilidad del personal.De igual forma, el centro, llevar\u00e1, un proceso de evaluaci\u00f3n, sistem\u00e1tico y peri\u00f3dico, del personal en activo para verificar que se est\u00e9 actuando dentro del marco de conducta y normatividad institucional, para inhibir, actos de corrupci\u00f3n, impunidad y penetraci\u00f3n del crimen organizado, que puedan da\u00f1ar la imagen de la instituci\u00f3n.<\/p>\r\n                    <br>\r\n                    <br>\r\n                <\/div>\r\n                <div class=\"panel-heading\">\r\n                    OBJETIVO\r\n                <\/div>\r\n                <div class=\"panel-body\">\r\n                    <p>El centro estatal de control de confianza, debe asegurar los niveles de confiabilidad, objetividad, precisi\u00f3n y calidad en los resultados que deriven en cada de las evaluaciones, resulta indispensable establecer mecanismos internos de control de calidad. Dentro de los procedimientos ser\u00e1 necesario marcar los puntos de cada proceso, es decir aquellos en los que es indispensable asegurar que no haya posibilidad de error o de interpretaciones subjetivas que puedan afectar, la precisi\u00f3n certeza y confiabilidad de resultados.<\/p>\r\n                    <br>\r\n                    <br>\r\n                <\/div>\r\n                <br>\r\n                <br>\r\n                \r\n                \r\n            <\/div> <!-- end: .panel -->\r\n           <\/div>\r\n        <div class=\"col-sm-4\">\r\n        <br><br>\r\n                <!-- <a href=\"https:\/\/sspbcs.gob.mx\/ssp\/images\/Modulos\/Hipervinculos\/REPUVE.pdf\" class=\"btn btn-primary\" target=\"_blank\"><i class=\"fa fa-desktop\"><\/i>&nbsp;&nbsp;PONLE EL CHIP A TU CARRO<\/a><hr> -->\r\n               <div class=\"hidden-print\">\r\n                <section id=\"block-2\" class=\"widget single_widget widget_block widget_search\"><form role=\"search\" method=\"get\" action=\"https:\/\/condescending-faraday.74-208-53-44.plesk.page\/sspdemo\/\" class=\"wp-block-search__button-outside wp-block-search__text-button wp-block-search\"><label for=\"wp-block-search__input-1\" class=\"wp-block-search__label screen-reader-text\">Buscar<\/label><div class=\"wp-block-search__inside-wrapper \" style=\"width: 666px\"><input type=\"search\" id=\"wp-block-search__input-1\" class=\"wp-block-search__input\" name=\"s\" value=\"\" placeholder=\"Buscador...\" required=\"\" spellcheck=\"false\" data-ms-editor=\"true\"><button type=\"submit\" class=\"wp-block-search__button has-text-color has-white-color has-background has-vivid-red-background-color wp-element-button\">Buscar<\/button><\/div><\/form><\/section>\r\n\r\n                <section id=\"fbw_id-4\" class=\"widget single_widget widget_fbw_id\"><h4 class=\"blog_sidebar_title\">Facebook SSPBCS<\/h4><div class=\"fb_loader\" style=\"text-align: center !important; display: none;\"><img decoding=\"async\" src=\"https:\/\/condescending-faraday.74-208-53-44.plesk.page\/sspdemo\/wp-content\/plugins\/facebook-pagelike-widget\/loader.gif\" alt=\"Facebook Pagelike Widget\"><\/div><div id=\"fb-root\" class=\" fb_reset\"><div style=\"position: absolute; top: -10000px; width: 0px; height: 0px;\"><div><\/div><\/div><\/div>\r\n                    <div class=\"fb-page fb_iframe_widget\" data-href=\"https:\/\/www.facebook.com\/seguridadpublicabcs \" data-width=\"300\" data-height=\"600\" data-small-header=\"false\" data-adapt-container-width=\"true\" data-hide-cover=\"false\" data-show-facepile=\"true\" style=\"\" hide_cta=\"false\" data-tabs=\"timeline\" data-lazy=\"false\" fb-xfbml-state=\"rendered\" fb-iframe-plugin-query=\"adapt_container_width=true&amp;app_id=503595753002055&amp;container_width=288&amp;height=600&amp;hide_cover=false&amp;hide_cta=false&amp;href=https%3A%2F%2Fwww.facebook.com%2Fseguridadpublicabcs&amp;lazy=false&amp;locale=es_LA&amp;sdk=joey&amp;show_facepile=true&amp;small_header=false&amp;tabs=timeline&amp;width=300\"><span style=\"vertical-align: bottom; width: 288px; height: 600px;\"><iframe loading=\"lazy\" name=\"f1a70d6c9797ce8\" width=\"300px\" height=\"600px\" data-testid=\"fb:page Facebook Social Plugin\" title=\"fb:page Facebook Social Plugin\" frameborder=\"0\" allowtransparency=\"true\" allowfullscreen=\"true\" scrolling=\"no\" allow=\"encrypted-media\" src=\"https:\/\/www.facebook.com\/v2.5\/plugins\/page.php?adapt_container_width=true&amp;app_id=503595753002055&amp;channel=https%3A%2F%2Fstaticxx.facebook.com%2Fx%2Fconnect%2Fxd_arbiter%2F%3Fversion%3D46%23cb%3Df144e556a22b7c8%26domain%3Dcondescending-faraday.74-208-53-44.plesk.page%26is_canvas%3Dfalse%26origin%3Dhttps%253A%252F%252Fcondescending-faraday.74-208-53-44.plesk.page%252Ff2a8222b50c807c%26relation%3Dparent.parent&amp;container_width=288&amp;height=600&amp;hide_cover=false&amp;hide_cta=false&amp;href=https%3A%2F%2Fwww.facebook.com%2Fseguridadpublicabcs&amp;lazy=false&amp;locale=es_LA&amp;sdk=joey&amp;show_facepile=true&amp;small_header=false&amp;tabs=timeline&amp;width=300\" style=\"border: none; visibility: visible; width: 288px; height: 600px;\" class=\"\"><\/iframe><\/span><\/div><\/section>\r\n                \r\n\r\n                \r\n               <\/div>\r\n            <\/div>\r\n\r\n            <div class=\"container\">\r\n\r\n         \r\n    \r\n                    <br>\r\n    \r\n            <div class=\"row\">\r\n    \r\n                <div class=\"col-md-4\">\r\n                    <img decoding=\"async\" src=\"http:\/\/transparencia.bcs.gob.mx\/wp-content\/uploads\/2017\/12\/icono-inbox.png\" alt=\"\">\r\n                    <h4 class=\"text-primary\">Informaci\u00f3n P\u00fablica Obligatoria <\/h4>\r\n                    <p>Los sujetos obligados pondr\u00e1n a disposici\u00f3n del p\u00fablico y mantendr\u00e1n actualizada, en los respectivos\r\n                        medios electr\u00f3nicos, de acuerdo con sus facultades, atribuciones, funciones u objeto social, seg\u00fan corresponda la informaci\u00f3n.<\/p>\r\n                        <br>\r\n                    <p>\r\n                        <a href=\"https:\/\/transparencia.bcs.gob.mx\/cecc\/informacion-publica\/articulo-75\/\" class=\"btn btn-primary\">Mostrar informaci\u00f3n<\/a>\r\n                    <\/p>\r\n                <\/div>\r\n                <div class=\"col-md-4\">\r\n                    <img decoding=\"async\" src=\"http:\/\/transparencia.bcs.gob.mx\/wp-content\/uploads\/2017\/12\/icono-privacidad.png\" alt=\"\">\r\n                    <h4 class=\"text-primary\">Avisos de Privacidad<\/h4>\r\n                    <p>Conoce el tratamiento, alcance de tu informaci\u00f3n personal proporcionada a los sujetos obligados del Gobierno del Estado de Baja California Sur.<\/p>\r\n                    <br>\r\n                    <p>\r\n                        <a href=\"https:\/\/transparencia.bcs.gob.mx\/cecc\/avisos-de-privacidad\/\" class=\"btn btn-primary\">Ver avisos de privacidad<\/a>\r\n                    <\/p>\r\n                <\/div>\r\n                \r\n              \r\n                                                                                                   \r\n                                                                                                 \r\n                                                                                 \r\n    \r\n    \r\n            \r\n            <br>\r\n            <hr>\r\n            <br>\r\n            \r\n    \r\n     <\/div>\r\n    \r\n    \r\n    \r\n    \r\n         <\/div>\r\n       <\/div>\r\n\r\n   <\/div>\r\n<\/div><\/div><\/div><\/div><\/div><\/div><\/section>\n","protected":false},"excerpt":{"rendered":"","protected":false},"author":4,"featured_media":0,"parent":0,"menu_order":0,"comment_status":"closed","ping_status":"closed","template":"kc-template.php","meta":{"footnotes":""},"class_list":["post-683","page","type-page","status-publish","hentry"],"_links":{"self":[{"href":"https:\/\/sspbcs.gob.mx\/ssp\/wp-json\/wp\/v2\/pages\/683","targetHints":{"allow":["GET"]}}],"collection":[{"href":"https:\/\/sspbcs.gob.mx\/ssp\/wp-json\/wp\/v2\/pages"}],"about":[{"href":"https:\/\/sspbcs.gob.mx\/ssp\/wp-json\/wp\/v2\/types\/page"}],"author":[{"embeddable":true,"href":"https:\/\/sspbcs.gob.mx\/ssp\/wp-json\/wp\/v2\/users\/4"}],"replies":[{"embeddable":true,"href":"https:\/\/sspbcs.gob.mx\/ssp\/wp-json\/wp\/v2\/comments?post=683"}],"version-history":[{"count":8,"href":"https:\/\/sspbcs.gob.mx\/ssp\/wp-json\/wp\/v2\/pages\/683\/revisions"}],"predecessor-version":[{"id":18066,"href":"https:\/\/sspbcs.gob.mx\/ssp\/wp-json\/wp\/v2\/pages\/683\/revisions\/18066"}],"wp:attachment":[{"href":"https:\/\/sspbcs.gob.mx\/ssp\/wp-json\/wp\/v2\/media?parent=683"}],"curies":[{"name":"wp","href":"https:\/\/api.w.org\/{rel}","templated":true}]}}