{"id":9852,"date":"2025-04-15T18:38:44","date_gmt":"2025-04-15T18:38:44","guid":{"rendered":"https:\/\/sspbcs.gob.mx\/ssp\/?page_id=9852"},"modified":"2025-04-15T18:40:19","modified_gmt":"2025-04-15T18:40:19","slug":"quienes-somos-2","status":"publish","type":"page","link":"https:\/\/sspbcs.gob.mx\/ssp\/quienes-somos-2\/","title":{"rendered":"\u00bfQuienes Somos?"},"content":{"rendered":"<section class=\"kc-elm kc-css-455271 kc_row\"><div class=\"kc-row-container  kc-container\"><div class=\"kc-wrap-columns\"><div class=\"kc-elm kc-css-230522 kc_col-sm-12 kc_column kc_col-sm-12\"><div class=\"kc-col-container\"><div class=\"kc-elm kc-css-938241 kc-raw-code\"><br>\r\n<br>\r\n<br>\r\n<div class=\"wrap\" role=\"document\">\r\n<style>\r\n       header.page-header .breadcrumb {\r\n           margin-bottom:  24px;\r\n       }\r\n\r\n       header.page-header .breadcrumb > li + li:before {\r\n           content: \">\";\r\n       }\r\n\r\n       header.page-header a {\r\n           color: #88CFC9 ;\r\n       }\r\n\r\n       header.page-header.with-bg {\r\n           background-color:#9f2241;\r\n           color: #fff;\r\n           margin: 0 0 40px;\r\n           padding: 30px 0;\r\n       }\r\n\r\n       header.page-header.with-bg .breadcrumb {\r\n           background-color: transparent;\r\n           padding: 0;\r\n           margin-bottom: 10px;\r\n       }\r\n\r\n       header.page-header.with-bg h1 {\r\n           color: #fff;\r\n\r\n       }\r\n\r\n\r\n       .panel .panel-heading {\r\n           color: #005da3;\r\n           letter-spacing: 1px;\r\n           border-bottom: 1px solid #eee;\r\n           background-color: #fff;\r\n           font-weight: bold;\r\n       }\r\n\r\n       .panel .panel-body h5.label {\r\n           color: #666;\r\n           padding: 0;\r\n           letter-spacing:0.5px;\r\n           font-size: 90%;\r\n       }\r\n\r\n.btn-primary{\r\n background-color:#9f2241 !important;\r\n}\r\n.btn-primary:hover {\r\n   color: #ffff;\r\n   background-color: #9f2241 !important;\r\n   border-color: #8ad3d3 !important\r\n}\r\n\r\n   <\/style>\r\n\r\n<br>\r\n<br>\r\n<br>\r\n<br>\r\n   <header class=\"page-header with-bg\">\r\n       <div class=\"container\">\r\n       <h1>SECRETARIA DE SEGURIDAD P\u00daBLICA DE BAJA CALIFORNIA SUR<\/h1>\r\n       <\/div>\r\n   <\/header>\r\n\r\n   <div class=\"container page-content-wrapper\">\r\n       <div class=\"row\">\r\n           <div class=\"col-sm-8\">\r\n            <div class=\"panel \">\r\n                <div class=\"panel-heading\">\r\n                    \u00bfQu\u00e9 es la Seguridad P\u00fablica?\r\n                <\/div>\r\n                <div class=\"panel-body\">\r\n                    <p>El art\u00edculo 21 de la Constituci\u00f3n Pol\u00edtica de los Estados Unidos Mexicanos establece que la Seguridad P\u00fablica es una funci\u00f3n del Estado a cargo de la Federaci\u00f3n, las entidades federativas y los Municipios, cuyos fines son salvaguardar la vida, las libertades, la integridad y el patrimonio de las personas, de conformidad con lo dispuesto en el art\u00edculo 4o. constitucional, que garantiza los deberes reforzados de protecci\u00f3n del Estado con las mujeres, adolescentes, ni\u00f1as y ni\u00f1os; as\u00ed como contribuir a la generaci\u00f3n y preservaci\u00f3n del orden p\u00fablico y la paz social, de conformidad con lo previsto en la Constituci\u00f3n y las leyes en la materia. <\/p>\r\n                    <p>La seguridad p\u00fablica comprende la prevenci\u00f3n, investigaci\u00f3n y persecuci\u00f3n de los delitos, as\u00ed como la sanci\u00f3n de las infracciones administrativas, en los t\u00e9rminos de la ley, en las respectivas competencias que se\u00f1ala la Constituci\u00f3n. La actuaci\u00f3n de las instituciones de seguridad p\u00fablica se regir\u00e1 por los principios de legalidad, objetividad, eficiencia, profesionalismo y honradez, as\u00ed como por la perspectiva de g\u00e9nero y el respeto a los derechos humanos reconocidos en esta Constituci\u00f3n. Las instituciones de seguridad p\u00fablica ser\u00e1n disciplinadas, profesionales y de car\u00e1cter civil.<\/p>\r\n                    <br>\r\n                    <p>Dicha funci\u00f3n se realiza por las instituciones de seguridad p\u00fablica con competencia espec\u00edfica, tales como las:<\/p>\r\n                    <p>1.\tInstituciones Policiales.<\/p>\r\n                    <p>2.\tInstituciones de Procuraci\u00f3n de Justicia siendo competencia de la Secretar\u00eda de Seguridad P\u00fablica lo que corresponde a las Instituciones Policiales espec\u00edficamente..<\/p>\r\n                    <br>\r\n                    <br>\r\n                <\/div>\r\n                <div class=\"panel-heading\">\r\n                    Qui\u00e9nes somos\r\n                <\/div>\r\n                <div class=\"panel-body\">\r\n                    <P>La Secretar\u00eda de Seguridad P\u00fablica es una dependencia de la Administraci\u00f3n P\u00fablica Estatal de Baja California Sur, sus siglas son \u201cSSPBCS\u201d; es una de las once Secretar\u00edas que conforman la actual administraci\u00f3n p\u00fablica centralizada del Gobierno del Estado de Baja California Sur, as\u00ed estipulado en el art\u00edculo 16 de la Ley Org\u00e1nica de la Administraci\u00f3n P\u00fablica del Estado de Baja California Sur; est\u00e1 representada por un Secretario(a) de Seguridad P\u00fablica, quien es designado por el Gobernador(a) del Estado y son de car\u00e1cter civil. La estructura de la Secretar\u00eda de Seguridad P\u00fablica, se encuentra regulada por las distintas normas internacionales, nacionales y estatales, contando con diversas \u00e1reas para el debido cumplimiento de sus funciones. Cuenta con personal administrativo y operativo. <\/P>\r\n                    <br>\r\n                    <br>\r\n                <\/div>\r\n                <div class=\"panel-heading\">\r\n                    Fundamento legal \r\n                <\/div>\r\n                <div class=\"panel-body\">\r\n                    <P>Su existencia legal se fundamenta en el art\u00edculo 21 de la Constituci\u00f3n Pol\u00edtica de los Estados Unidos Mexicanos, art\u00edculo 2 de la Ley General del Sistema Nacional de Seguridad P\u00fablica, en el cual se describe la funci\u00f3n de la seguridad p\u00fablica en M\u00e9xico, y en el art\u00edculo 2 de la Ley del Sistema Estatal de Seguridad P\u00fablica de Baja California Sur. <\/P>\r\n                    <P>Fundamenta su existencia, en los siguientes instrumentos normativos:<\/P>\r\n                    <P> \u2022\tConstituci\u00f3n Pol\u00edtica de los Estados Unidos Mexicanos.<\/P>\r\n                    <P> \u2022\tLey General del Sistema Nacional de Seguridad P\u00fablica<\/P>\r\n                    <P> \u2022\tLey del Sistema Estatal de Seguridad P\u00fablica de Baja California Sur.<\/P>\r\n                    <P> \u2022\tReglamento Interior de la Secretar\u00eda de Seguridad P\u00fablica de Baja California Sur.<\/P>\r\n                    <P> \u2022\tManual de Organizaci\u00f3n de la Secretar\u00eda de Seguridad P\u00fablica de Baja California Sur<\/P>\r\n                    <P> \u2022\tManual de Procedimientos de la Secretar\u00eda de Seguridad P\u00fablica de Baja California Sur. <\/P>\r\n                    <br>\r\n                    <br>\r\n                <\/div>\r\n                \r\n            <\/div> <!-- end: .panel -->\r\n           <\/div>\r\n        <div class=\"col-sm-4\">\r\n        <br><br>\r\n                <!-- <a href=\"https:\/\/sspbcs.gob.mx\/ssp\/images\/Modulos\/Hipervinculos\/REPUVE.pdf\" class=\"btn btn-primary\" target=\"_blank\"><i class=\"fa fa-desktop\"><\/i>&nbsp;&nbsp;PONLE EL CHIP A TU CARRO<\/a><hr> -->\r\n               <div class=\"hidden-print\">\r\n                <section id=\"block-2\" class=\"widget single_widget widget_block widget_search\"><form role=\"search\" method=\"get\" action=\"https:\/\/sspbcs.gob.mx\/ssp\/\" class=\"wp-block-search__button-outside wp-block-search__text-button wp-block-search\"><label for=\"wp-block-search__input-1\" class=\"wp-block-search__label screen-reader-text\">Buscar<\/label><div class=\"wp-block-search__inside-wrapper \" style=\"width: 666px\"><input type=\"search\" id=\"wp-block-search__input-1\" class=\"wp-block-search__input\" name=\"s\" value=\"\" placeholder=\"Buscador...\" required=\"\" spellcheck=\"false\" data-ms-editor=\"true\"><button type=\"submit\" class=\"wp-block-search__button has-text-color has-white-color has-background has-vivid-red-background-color wp-element-button\">Buscar<\/button><\/div><\/form><\/section>\r\n\r\n                <section id=\"fbw_id-4\" class=\"widget single_widget widget_fbw_id\"><h4 class=\"blog_sidebar_title\">Facebook SSPBCS<\/h4><div class=\"fb_loader\" style=\"text-align: center !important; display: none;\"><img decoding=\"async\" src=\"https:\/\/condescending-faraday.74-208-53-44.plesk.page\/sspdemo\/wp-content\/plugins\/facebook-pagelike-widget\/loader.gif\" alt=\"Facebook Pagelike Widget\"><\/div><div id=\"fb-root\" class=\" fb_reset\"><div style=\"position: absolute; top: -10000px; width: 0px; height: 0px;\"><div><\/div><\/div><\/div>\r\n                    <div class=\"fb-page fb_iframe_widget\" data-href=\"https:\/\/www.facebook.com\/seguridadpublicabcs \" data-width=\"300\" data-height=\"600\" data-small-header=\"false\" data-adapt-container-width=\"true\" data-hide-cover=\"false\" data-show-facepile=\"true\" style=\"\" hide_cta=\"false\" data-tabs=\"timeline\" data-lazy=\"false\" fb-xfbml-state=\"rendered\" fb-iframe-plugin-query=\"adapt_container_width=true&amp;app_id=503595753002055&amp;container_width=288&amp;height=600&amp;hide_cover=false&amp;hide_cta=false&amp;href=https%3A%2F%2Fwww.facebook.com%2Fseguridadpublicabcs&amp;lazy=false&amp;locale=es_LA&amp;sdk=joey&amp;show_facepile=true&amp;small_header=false&amp;tabs=timeline&amp;width=300\"><span style=\"vertical-align: bottom; width: 288px; height: 600px;\"><iframe loading=\"lazy\" name=\"f1a70d6c9797ce8\" width=\"300px\" height=\"600px\" data-testid=\"fb:page Facebook Social Plugin\" title=\"fb:page Facebook Social Plugin\" frameborder=\"0\" allowtransparency=\"true\" allowfullscreen=\"true\" scrolling=\"no\" allow=\"encrypted-media\" src=\"https:\/\/www.facebook.com\/v2.5\/plugins\/page.php?adapt_container_width=true&amp;app_id=503595753002055&amp;channel=https%3A%2F%2Fstaticxx.facebook.com%2Fx%2Fconnect%2Fxd_arbiter%2F%3Fversion%3D46%23cb%3Df144e556a22b7c8%26domain%3Dcondescending-faraday.74-208-53-44.plesk.page%26is_canvas%3Dfalse%26origin%3Dhttps%253A%252F%252Fcondescending-faraday.74-208-53-44.plesk.page%252Ff2a8222b50c807c%26relation%3Dparent.parent&amp;container_width=288&amp;height=600&amp;hide_cover=false&amp;hide_cta=false&amp;href=https%3A%2F%2Fwww.facebook.com%2Fseguridadpublicabcs&amp;lazy=false&amp;locale=es_LA&amp;sdk=joey&amp;show_facepile=true&amp;small_header=false&amp;tabs=timeline&amp;width=300\" style=\"border: none; visibility: visible; width: 288px; height: 600px;\" class=\"\"><\/iframe><\/span><\/div><\/section>\r\n                \r\n\r\n                <script src=\"https:\/\/apps.elfsight.com\/p\/platform.js\" defer><\/script>\r\n                <div class=\"elfsight-app-5287f8d8-c727-4912-bb23-007ada9ad357\"><\/div>\r\n               <\/div>\r\n            <\/div>\r\n       <\/div>\r\n\r\n   <\/div>\r\n<\/div><\/div><\/div><\/div><\/div><\/div><\/section>\n","protected":false},"excerpt":{"rendered":"","protected":false},"author":4,"featured_media":0,"parent":0,"menu_order":0,"comment_status":"closed","ping_status":"closed","template":"kc-template.php","meta":{"footnotes":""},"class_list":["post-9852","page","type-page","status-publish","hentry"],"_links":{"self":[{"href":"https:\/\/sspbcs.gob.mx\/ssp\/wp-json\/wp\/v2\/pages\/9852","targetHints":{"allow":["GET"]}}],"collection":[{"href":"https:\/\/sspbcs.gob.mx\/ssp\/wp-json\/wp\/v2\/pages"}],"about":[{"href":"https:\/\/sspbcs.gob.mx\/ssp\/wp-json\/wp\/v2\/types\/page"}],"author":[{"embeddable":true,"href":"https:\/\/sspbcs.gob.mx\/ssp\/wp-json\/wp\/v2\/users\/4"}],"replies":[{"embeddable":true,"href":"https:\/\/sspbcs.gob.mx\/ssp\/wp-json\/wp\/v2\/comments?post=9852"}],"version-history":[{"count":5,"href":"https:\/\/sspbcs.gob.mx\/ssp\/wp-json\/wp\/v2\/pages\/9852\/revisions"}],"predecessor-version":[{"id":9857,"href":"https:\/\/sspbcs.gob.mx\/ssp\/wp-json\/wp\/v2\/pages\/9852\/revisions\/9857"}],"wp:attachment":[{"href":"https:\/\/sspbcs.gob.mx\/ssp\/wp-json\/wp\/v2\/media?parent=9852"}],"curies":[{"name":"wp","href":"https:\/\/api.w.org\/{rel}","templated":true}]}}