{"id":9859,"date":"2025-04-15T18:52:01","date_gmt":"2025-04-15T18:52:01","guid":{"rendered":"https:\/\/sspbcs.gob.mx\/ssp\/?page_id=9859"},"modified":"2025-04-15T20:16:24","modified_gmt":"2025-04-15T20:16:24","slug":"objetivo-mision-vision-y-valores-de-la-sspbcs","status":"publish","type":"page","link":"https:\/\/sspbcs.gob.mx\/ssp\/objetivo-mision-vision-y-valores-de-la-sspbcs\/","title":{"rendered":"OBJETIVO, MISION, VISION Y VALORES DE LA SSPBCS"},"content":{"rendered":"<section class=\"kc-elm kc-css-702496 kc_row\"><div class=\"kc-row-container  kc-container\"><div class=\"kc-wrap-columns\"><div class=\"kc-elm kc-css-884343 kc_col-sm-12 kc_column kc_col-sm-12\"><div class=\"kc-col-container\"><div class=\"kc-elm kc-css-127062 kc-raw-code\"><br>\r\n<br>\r\n<br>\r\n<div class=\"wrap\" role=\"document\">\r\n<style>\r\n       header.page-header .breadcrumb {\r\n           margin-bottom:  24px;\r\n       }\r\n\r\n       header.page-header .breadcrumb > li + li:before {\r\n           content: \">\";\r\n       }\r\n\r\n       header.page-header a {\r\n           color: #88CFC9 ;\r\n       }\r\n\r\n       header.page-header.with-bg {\r\n           background-color:#9f2241;\r\n           color: #fff;\r\n           margin: 0 0 40px;\r\n           padding: 30px 0;\r\n       }\r\n\r\n       header.page-header.with-bg .breadcrumb {\r\n           background-color: transparent;\r\n           padding: 0;\r\n           margin-bottom: 10px;\r\n       }\r\n\r\n       header.page-header.with-bg h1 {\r\n           color: #fff;\r\n\r\n       }\r\n\r\n\r\n       .panel .panel-heading {\r\n           color: #005da3;\r\n           letter-spacing: 1px;\r\n           border-bottom: 1px solid #eee;\r\n           background-color: #fff;\r\n           font-weight: bold;\r\n       }\r\n\r\n       .panel .panel-body h5.label {\r\n           color: #666;\r\n           padding: 0;\r\n           letter-spacing:0.5px;\r\n           font-size: 90%;\r\n       }\r\n\r\n.btn-primary{\r\n background-color:#9f2241 !important;\r\n}\r\n.btn-primary:hover {\r\n   color: #ffff;\r\n   background-color: #9f2241 !important;\r\n   border-color: #8ad3d3 !important\r\n}\r\n\r\n   <\/style>\r\n\r\n<br>\r\n<br>\r\n<br>\r\n<br>\r\n   <header class=\"page-header with-bg\">\r\n       <div class=\"container\">\r\n       <h1>SECRETARIA DE SEGURIDAD P\u00daBLICA DE BAJA CALIFORNIA SUR<\/h1>\r\n       <\/div>\r\n   <\/header>\r\n\r\n   <div class=\"container page-content-wrapper\">\r\n       <div class=\"row\">\r\n           <div class=\"col-sm-8\">\r\n            <div class=\"panel \">\r\n                <div class=\"panel-heading\">\r\n                    Objetivo institucional \r\n                <\/div>\r\n                <div class=\"panel-body\">\r\n                    <p>El fin de la seguridad p\u00fablica est\u00e1 establecida por la norma constitucional, nacional y estatal, sin embargo, para alcanzar esa meta la instituci\u00f3n la recupera como el contenido y sustento de su existencia. <\/p>\r\n                    <p>El objetivo institucional de la Secretar\u00eda de Seguridad P\u00fablica, deriva del deber que tiene impuesto por la norma y acorde al Modelo Nacional de Polic\u00eda y Justicia C\u00edvica, consiste en:<\/p>\r\n                    <p>Garantizar y supervisar la operatividad de las \u00e1reas que conforman la Seguridad P\u00fablica en Baja California Sur, implementando de mecanismos de coordinaci\u00f3n y cooperaci\u00f3n con las instituciones que integran el Sistema Nacional de Seguridad P\u00fablica, contribuyendo a la generaci\u00f3n y preservaci\u00f3n del orden p\u00fablico y la paz social enalteciendo los derechos humanos y la equidad de g\u00e9nero; salvaguardando  la vida, la libertad, la integridad, los derechos y bienes de las personas a trav\u00e9s de la prevenci\u00f3n, investigaci\u00f3n y persecuci\u00f3n de los delitos, y la sanci\u00f3n de las infracciones administrativas, en los t\u00e9rminos de la ley.<\/p>\r\n                    <br>\r\n                    <br>\r\n                <\/div>\r\n                <div class=\"panel-heading\">\r\n                    Misi\u00f3n \r\n                <\/div>\r\n                <div class=\"panel-body\">\r\n                    <p>La Secretar\u00eda de Seguridad P\u00fablica tiene como su misi\u00f3n:<\/p>\r\n                    <p>Ser una instituci\u00f3n gubernamental de car\u00e1cter civil, comprometida a garantizar la seguridad p\u00fablica de la sociedad sudcaliforniana, integrada por personal directivo, administrativo y operativo con perfiles id\u00f3neos y capacidades estrat\u00e9gicas dirigidas a prevenir, investigar y perseguir los delitos, aplicar las sanciones de las infracciones, desarrollando pol\u00edticas y programas orientados hacia una cultura de valores y justicia c\u00edvica, inclinados hacia una participaci\u00f3n ciudadana activa, bajo el marco del respeto y  la legalidad, que permitan mantener y preservar las libertades, el orden p\u00fablico y la paz social; salvaguardando la integridad f\u00edsica y los derechos de las personas y de sus bienes bajo el enfoque de los derechos humanos y la equidad de g\u00e9nero.<\/p>\r\n                    <br>\r\n                    <br>\r\n                <\/div>\r\n                <div class=\"panel-heading\">\r\n                    Visi\u00f3n \r\n                <\/div>\r\n                <div class=\"panel-body\">\r\n                    <P>La Secretar\u00eda de Seguridad P\u00fablica tiene como su visi\u00f3n:<\/P>\r\n                    <P>Ser una instituci\u00f3n gubernamental a la vanguardia, profesionalizada y humanista, con una estructura administrativa y operativa s\u00f3lida, altamente capacitada que garantice el eficaz cumplimiento del deber legal en materia de seguridad p\u00fablica que le mandatan la norma internacional, las leyes nacionales y estatales, incluyendo esquemas operativos y tecnol\u00f3gicos que le permitan supervisar el cumplimiento de sus unidades administrativas con resultados objetivos y de calidad en beneficio de la sociedad sudcaliforniana.<\/P>\r\n                    <br>\r\n                    <br>\r\n                <\/div>\r\n                <div class=\"panel-heading\">\r\n                    Principios rectores y valores  \r\n                <\/div>\r\n                <div class=\"panel-body\">\r\n                    <P>Los principios rectores y los valores de la Secretar\u00eda son los pilares bajo los cuales dirige su actuaci\u00f3n.<\/P>\r\n                    El personal de la Secretar\u00eda de Seguridad P\u00fablica del Estado de Baja California Sur, desempe\u00f1a sus funciones apeg\u00e1ndose a los siguientes principios:<\/P>\r\n                    <P>- Legalidad.<\/P>\r\n                    <P>- Objetividad<\/P>\r\n                    <P>- Eficiencia.<\/P>\r\n                    <P>- Profesionalismo.<\/P>\r\n                    <P>- Honradez.<\/P>\r\n                    <P>- Perspectiva de g\u00e9nero <\/P>\r\n                    <P>- Respeto a los derechos humanos<\/P>\r\n                    <P>- Lealtad.<\/P>\r\n                    <P>- Disciplina.<\/P>\r\n                    <P>- Integridad.<\/P>\r\n\r\n                    <br>\r\n                    <br>\r\n                    <img decoding=\"async\" src=\"https:\/\/sspbcs.gob.mx\/ssp\/wp-includes\/Documentos\/2025\/Abril\/Estructura_Organica\/logo.png\">\r\n                    <br>\r\n                <\/div>\r\n                \r\n            <\/div> <!-- end: .panel -->\r\n           <\/div>\r\n        <div class=\"col-sm-4\">\r\n        <br><br>\r\n                <!-- <a href=\"https:\/\/sspbcs.gob.mx\/ssp\/images\/Modulos\/Hipervinculos\/REPUVE.pdf\" class=\"btn btn-primary\" target=\"_blank\"><i class=\"fa fa-desktop\"><\/i>&nbsp;&nbsp;PONLE EL CHIP A TU CARRO<\/a><hr> -->\r\n               <div class=\"hidden-print\">\r\n                <section id=\"block-2\" class=\"widget single_widget widget_block widget_search\"><form role=\"search\" method=\"get\" action=\"https:\/\/sspbcs.gob.mx\/ssp\/\" class=\"wp-block-search__button-outside wp-block-search__text-button wp-block-search\"><label for=\"wp-block-search__input-1\" class=\"wp-block-search__label screen-reader-text\">Buscar<\/label><div class=\"wp-block-search__inside-wrapper \" style=\"width: 666px\"><input type=\"search\" id=\"wp-block-search__input-1\" class=\"wp-block-search__input\" name=\"s\" value=\"\" placeholder=\"Buscador...\" required=\"\" spellcheck=\"false\" data-ms-editor=\"true\"><button type=\"submit\" class=\"wp-block-search__button has-text-color has-white-color has-background has-vivid-red-background-color wp-element-button\">Buscar<\/button><\/div><\/form><\/section>\r\n\r\n                <section id=\"fbw_id-4\" class=\"widget single_widget widget_fbw_id\"><h4 class=\"blog_sidebar_title\">Facebook SSPBCS<\/h4><div class=\"fb_loader\" style=\"text-align: center !important; display: none;\"><img decoding=\"async\" src=\"https:\/\/condescending-faraday.74-208-53-44.plesk.page\/sspdemo\/wp-content\/plugins\/facebook-pagelike-widget\/loader.gif\" alt=\"Facebook Pagelike Widget\"><\/div><div id=\"fb-root\" class=\" fb_reset\"><div style=\"position: absolute; top: -10000px; width: 0px; height: 0px;\"><div><\/div><\/div><\/div>\r\n                    <div class=\"fb-page fb_iframe_widget\" data-href=\"https:\/\/www.facebook.com\/seguridadpublicabcs \" data-width=\"300\" data-height=\"600\" data-small-header=\"false\" data-adapt-container-width=\"true\" data-hide-cover=\"false\" data-show-facepile=\"true\" style=\"\" hide_cta=\"false\" data-tabs=\"timeline\" data-lazy=\"false\" fb-xfbml-state=\"rendered\" fb-iframe-plugin-query=\"adapt_container_width=true&amp;app_id=503595753002055&amp;container_width=288&amp;height=600&amp;hide_cover=false&amp;hide_cta=false&amp;href=https%3A%2F%2Fwww.facebook.com%2Fseguridadpublicabcs&amp;lazy=false&amp;locale=es_LA&amp;sdk=joey&amp;show_facepile=true&amp;small_header=false&amp;tabs=timeline&amp;width=300\"><span style=\"vertical-align: bottom; width: 288px; height: 600px;\"><iframe loading=\"lazy\" name=\"f1a70d6c9797ce8\" width=\"300px\" height=\"600px\" data-testid=\"fb:page Facebook Social Plugin\" title=\"fb:page Facebook Social Plugin\" frameborder=\"0\" allowtransparency=\"true\" allowfullscreen=\"true\" scrolling=\"no\" allow=\"encrypted-media\" src=\"https:\/\/www.facebook.com\/v2.5\/plugins\/page.php?adapt_container_width=true&amp;app_id=503595753002055&amp;channel=https%3A%2F%2Fstaticxx.facebook.com%2Fx%2Fconnect%2Fxd_arbiter%2F%3Fversion%3D46%23cb%3Df144e556a22b7c8%26domain%3Dcondescending-faraday.74-208-53-44.plesk.page%26is_canvas%3Dfalse%26origin%3Dhttps%253A%252F%252Fcondescending-faraday.74-208-53-44.plesk.page%252Ff2a8222b50c807c%26relation%3Dparent.parent&amp;container_width=288&amp;height=600&amp;hide_cover=false&amp;hide_cta=false&amp;href=https%3A%2F%2Fwww.facebook.com%2Fseguridadpublicabcs&amp;lazy=false&amp;locale=es_LA&amp;sdk=joey&amp;show_facepile=true&amp;small_header=false&amp;tabs=timeline&amp;width=300\" style=\"border: none; visibility: visible; width: 288px; height: 600px;\" class=\"\"><\/iframe><\/span><\/div><\/section>\r\n                \r\n\r\n                <script src=\"https:\/\/apps.elfsight.com\/p\/platform.js\" defer><\/script>\r\n                <div class=\"elfsight-app-5287f8d8-c727-4912-bb23-007ada9ad357\"><\/div>\r\n               <\/div>\r\n            <\/div>\r\n       <\/div>\r\n\r\n   <\/div>\r\n<\/div><\/div><\/div><\/div><\/div><\/div><\/section>\n","protected":false},"excerpt":{"rendered":"","protected":false},"author":4,"featured_media":0,"parent":0,"menu_order":0,"comment_status":"closed","ping_status":"closed","template":"kc-template.php","meta":{"footnotes":""},"class_list":["post-9859","page","type-page","status-publish","hentry"],"_links":{"self":[{"href":"https:\/\/sspbcs.gob.mx\/ssp\/wp-json\/wp\/v2\/pages\/9859","targetHints":{"allow":["GET"]}}],"collection":[{"href":"https:\/\/sspbcs.gob.mx\/ssp\/wp-json\/wp\/v2\/pages"}],"about":[{"href":"https:\/\/sspbcs.gob.mx\/ssp\/wp-json\/wp\/v2\/types\/page"}],"author":[{"embeddable":true,"href":"https:\/\/sspbcs.gob.mx\/ssp\/wp-json\/wp\/v2\/users\/4"}],"replies":[{"embeddable":true,"href":"https:\/\/sspbcs.gob.mx\/ssp\/wp-json\/wp\/v2\/comments?post=9859"}],"version-history":[{"count":3,"href":"https:\/\/sspbcs.gob.mx\/ssp\/wp-json\/wp\/v2\/pages\/9859\/revisions"}],"predecessor-version":[{"id":9886,"href":"https:\/\/sspbcs.gob.mx\/ssp\/wp-json\/wp\/v2\/pages\/9859\/revisions\/9886"}],"wp:attachment":[{"href":"https:\/\/sspbcs.gob.mx\/ssp\/wp-json\/wp\/v2\/media?parent=9859"}],"curies":[{"name":"wp","href":"https:\/\/api.w.org\/{rel}","templated":true}]}}